{"id":54450,"date":"2021-08-06T09:07:24","date_gmt":"2021-08-06T09:08:55","guid":{"rendered":"https:\/\/primomoto.es\/bela-crossroad-extreme-wp-pantalon-textile-impermeable-noir-anthracite-rouge\/"},"modified":"2022-08-11T08:29:20","modified_gmt":"2022-08-11T08:29:20","slug":"bela-cross-road-extreme-wp-moto-textile-pantalon-noir-anthracite-rouge","status":"publish","type":"product","link":"https:\/\/primomoto.es\/fr\/bela-cross-road-extreme-wp-moto-textile-pantalon-noir-anthracite-rouge\/","title":{"rendered":"Bela Cross Road Extreme WP Moto Textile Haleter Noir \/ Anthracite \/ Rouge"},"content":{"rendered":"<h2>\n            <strong><br \/>\n              <span style=\"vertical-align: inherit;\"><br \/>\n                <span style=\"vertical-align: inherit;\">Pantalon textile imperm\u00e9able Bela Cross Road Extreme<\/span><br \/>\n              <\/span><br \/>\n            <\/strong><br \/>\n          <\/h2>\n<p>          <strong><br \/>\n            <span style=\"vertical-align: inherit;\"><br \/>\n              <span style=\"vertical-align: inherit;\">S\u00e9curit\u00e9:<\/span><br \/>\n            <\/span><br \/>\n          <\/strong><\/p>\n<ul>\n<li><span style=\"vertical-align: inherit;\"><span style=\"vertical-align: inherit;\">Mototex abrasion-resistant outer fabric with DWR (dust and water repellent) treatment and waterproof &amp; breathable PU film coating.<\/span><\/span><\/li>\n<li><span style=\"vertical-align: inherit;\"><span style=\"vertical-align: inherit;\">Removable CE Approved knee protectors.<\/span><\/span><\/li>\n<li><span style=\"vertical-align: inherit;\"><span style=\"vertical-align: inherit;\">Removable eva foam hip protection.<\/span><\/span><\/li>\n<\/ul>\n<p>          <strong><br \/>\n            <span style=\"vertical-align: inherit;\"><br \/>\n              <span style=\"vertical-align: inherit;\">Confort:<\/span><br \/>\n            <\/span><br \/>\n          <\/strong><\/p>\n<ul>\n<li><span style=\"vertical-align: inherit;\"><span style=\"vertical-align: inherit;\">Membrane imperm\u00e9able \u00ab\u00a0C-Dry Tech\u00a0\u00bb hautement respirante et amovible. <\/span><span style=\"vertical-align: inherit;\">Connection system to the trousers through a zip around the waist and quick poppers at the ankles.<\/span><\/span><\/li>\n<li><span style=\"vertical-align: inherit;\"><span style=\"vertical-align: inherit;\">Doublure thermique amovible avec rembourrage 100% polyester. <\/span><span style=\"vertical-align: inherit;\">Connection system to the \u201cC-Dry Tech\u201d membrane through a zip around the waist and quick poppers at the ankles.<\/span><\/span><\/li>\n<li><span style=\"vertical-align: inherit;\"><span style=\"vertical-align: inherit;\">Micro-perforated inner lining for improved breathability.<\/span><\/span><\/li>\n<li><span style=\"vertical-align: inherit;\"><span style=\"vertical-align: inherit;\">Ventilation openings on the thigh area.<\/span><\/span><\/li>\n<li><span style=\"vertical-align: inherit;\"><span style=\"vertical-align: inherit;\">Pre-curved knees greater comfort when riding.<\/span><\/span><\/li>\n<li><span style=\"vertical-align: inherit;\"><span style=\"vertical-align: inherit;\">Adjustment system at the bottom part of the leg.<\/span><\/span><\/li>\n<li><span style=\"vertical-align: inherit;\"><span style=\"vertical-align: inherit;\">Waist adjustment points.<\/span><\/span><\/li>\n<\/ul>\n<p>          <strong><br \/>\n            <span style=\"vertical-align: inherit;\"><br \/>\n              <span style=\"vertical-align: inherit;\">Extra:<\/span><br \/>\n            <\/span><br \/>\n          <\/strong><\/p>\n<ul>\n<li><span style=\"vertical-align: inherit;\"><span style=\"vertical-align: inherit;\">Two outside pockets with zip fastening.<\/span><\/span><\/li>\n<li><span style=\"vertical-align: inherit;\"><span style=\"vertical-align: inherit;\">Zip to join the jacket to the trousers with elasticated points.<\/span><\/span><\/li>\n<li><span style=\"vertical-align: inherit;\"><span style=\"vertical-align: inherit;\">Branded zippers.<\/span><\/span><\/li>\n<\/ul>\n","protected":false},"excerpt":{"rendered":"<p>Pantalon textile imperm\u00e9able Bela Cross Road Extreme S\u00e9curit\u00e9: Mototex abrasion-resistant outer fabric with DWR (dust and water repellent) treatment and<\/p>\n","protected":false},"featured_media":54434,"template":"","meta":[],"product_brand":[],"product_cat":[1955,1954,1957,3257],"product_tag":[2641,1993],"class_list":{"0":"post-54450","1":"product","2":"type-product","3":"status-publish","4":"has-post-thumbnail","6":"product_cat-hommes-moto-pantalons","7":"product_cat-pantalon-de-moto","8":"product_cat-pantalon-textile-homme","9":"product_cat-tournee","10":"product_tag-pantalon-de-hombre-fr","11":"product_tag-pantalon-textile","12":"pa_size-2xl-fr","13":"pa_size-3xl-fr","14":"pa_size-4xl-fr","15":"pa_size-5xl-fr","16":"pa_size-6xl-fr","17":"pa_size-l-fr","18":"pa_size-m-fr","19":"pa_size-s-fr","20":"pa_size-xl-fr","21":"pa_size-xs-fr","23":"first","24":"outofstock","25":"sale","26":"taxable","27":"shipping-taxable","28":"purchasable","29":"product-type-variable","30":"has-default-attributes"},"_links":{"self":[{"href":"https:\/\/primomoto.es\/fr\/wp-json\/wp\/v2\/product\/54450","targetHints":{"allow":["GET"]}}],"collection":[{"href":"https:\/\/primomoto.es\/fr\/wp-json\/wp\/v2\/product"}],"about":[{"href":"https:\/\/primomoto.es\/fr\/wp-json\/wp\/v2\/types\/product"}],"wp:featuredmedia":[{"embeddable":true,"href":"https:\/\/primomoto.es\/fr\/wp-json\/wp\/v2\/media\/54434"}],"wp:attachment":[{"href":"https:\/\/primomoto.es\/fr\/wp-json\/wp\/v2\/media?parent=54450"}],"wp:term":[{"taxonomy":"product_brand","embeddable":true,"href":"https:\/\/primomoto.es\/fr\/wp-json\/wp\/v2\/product_brand?post=54450"},{"taxonomy":"product_cat","embeddable":true,"href":"https:\/\/primomoto.es\/fr\/wp-json\/wp\/v2\/product_cat?post=54450"},{"taxonomy":"product_tag","embeddable":true,"href":"https:\/\/primomoto.es\/fr\/wp-json\/wp\/v2\/product_tag?post=54450"}],"curies":[{"name":"wp","href":"https:\/\/api.w.org\/{rel}","templated":true}]}}