{"id":54002,"date":"2021-05-26T12:18:32","date_gmt":"2021-05-26T12:18:32","guid":{"rendered":"https:\/\/primomoto.es\/bela-panther-veste-moto-homme-noir-rouge\/"},"modified":"2023-03-23T11:10:50","modified_gmt":"2023-03-23T11:10:50","slug":"blouson-moto-bela-panther-noir-rouge","status":"publish","type":"product","link":"https:\/\/primomoto.es\/fr\/blouson-moto-bela-panther-noir-rouge\/","title":{"rendered":"Bela Panther Moto Veste Noir\/Rouge"},"content":{"rendered":"<h2><strong>Blouson Moto Textile Homme &#8211; Bela Panther Jacket<\/strong><\/h2>\n<p><strong>La description:<\/strong><\/p>\n<ul>\n<li>Coque ext\u00e9rieure : tissu polyester 600D<\/li>\n<li>Protection externe des \u00e9paules en TPU avec logo Bela premium<\/li>\n<li>Protection interne des \u00e9paules, des coudes et du dos ins\u00e9r\u00e9e<\/li>\n<li>Armure dorsale avec coussin dorsal en mousse haute densit\u00e9<\/li>\n<li>Doublure matelass\u00e9e fixe pour temps froid<\/li>\n<li>Col sup\u00e9rieur en n\u00e9opr\u00e8ne pour plus de confort<\/li>\n<li>Ajusteurs de bras et de taille pour un ajustement optimal<\/li>\n<li>2 poches ext\u00e9rieures et 2 int\u00e9rieures<\/li>\n<li>Zip de connexion \u00e0 la taille pour pantalon<\/li>\n<li>Imprim\u00e9s r\u00e9fl\u00e9chissants pour une visibilit\u00e9 nocturne<\/li>\n<\/ul>\n","protected":false},"excerpt":{"rendered":"<p>Blouson Moto Textile Homme &#8211; Bela Panther Jacket La description: Coque ext\u00e9rieure : tissu polyester 600D Protection externe des \u00e9paules<\/p>\n","protected":false},"featured_media":42573,"template":"","meta":[],"product_brand":[],"product_cat":[1932,1930,1929,1906],"product_tag":[2625,2624],"class_list":{"0":"post-54002","1":"product","2":"type-product","3":"status-publish","4":"has-post-thumbnail","6":"product_cat-blouson-textile-homme","7":"product_cat-hommes-vestes-moto","8":"product_cat-vestes-de-moto","9":"product_cat-vetements-de-moto","10":"product_tag-veste-de-voyage-pour-homme","11":"product_tag-veste-textile","12":"pa_size-46-xs-fr","13":"pa_size-48-s-fr","14":"pa_size-50-m-fr","15":"pa_size-52-l-fr-2","16":"pa_size-54-xl-fr-2","17":"pa_size-56-2xl-fr","18":"pa_size-58-3xl-fr-2","19":"pa_size-60-4xl-fr","20":"pa_size-62-5xl-fr","21":"pa_size-64-6xl-fr","23":"first","24":"outofstock","25":"sale","26":"taxable","27":"shipping-taxable","28":"purchasable","29":"product-type-variable","30":"has-default-attributes"},"_links":{"self":[{"href":"https:\/\/primomoto.es\/fr\/wp-json\/wp\/v2\/product\/54002","targetHints":{"allow":["GET"]}}],"collection":[{"href":"https:\/\/primomoto.es\/fr\/wp-json\/wp\/v2\/product"}],"about":[{"href":"https:\/\/primomoto.es\/fr\/wp-json\/wp\/v2\/types\/product"}],"wp:featuredmedia":[{"embeddable":true,"href":"https:\/\/primomoto.es\/fr\/wp-json\/wp\/v2\/media\/42573"}],"wp:attachment":[{"href":"https:\/\/primomoto.es\/fr\/wp-json\/wp\/v2\/media?parent=54002"}],"wp:term":[{"taxonomy":"product_brand","embeddable":true,"href":"https:\/\/primomoto.es\/fr\/wp-json\/wp\/v2\/product_brand?post=54002"},{"taxonomy":"product_cat","embeddable":true,"href":"https:\/\/primomoto.es\/fr\/wp-json\/wp\/v2\/product_cat?post=54002"},{"taxonomy":"product_tag","embeddable":true,"href":"https:\/\/primomoto.es\/fr\/wp-json\/wp\/v2\/product_tag?post=54002"}],"curies":[{"name":"wp","href":"https:\/\/api.w.org\/{rel}","templated":true}]}}