{"id":52120,"date":"2021-01-11T10:19:33","date_gmt":"2021-07-16T03:47:16","guid":{"rendered":"https:\/\/primomoto.es\/bela-tracker-men-gants-moto-noir-rouge-fluor\/"},"modified":"2023-02-07T07:26:25","modified_gmt":"2023-02-07T07:26:25","slug":"bela-tracker-gants-moto-homme-noir-rouge-fluo","status":"publish","type":"product","link":"https:\/\/primomoto.es\/fr\/bela-tracker-gants-moto-homme-noir-rouge-fluo\/","title":{"rendered":"Bela Tracker Hommes Moto Gants Noir\/Rouge Fluor"},"content":{"rendered":"<h2><strong>Bela Tracker Men&rsquo;s Touring Gloves &#8211; Gants de moto courts<\/strong><\/h2>\n<p><strong>La description:<\/strong><\/p>\n<ul>\n<li><strong>Protection:<\/strong> Our durable full finger gloves shields knuckles and prevents cuts and injuries<\/li>\n<li><strong>Comfort:<\/strong> Polyester fabric, clarino, nylon, extra stitching. Keeps hands warm but also breathes well<\/li>\n<li><strong>Function:<\/strong> Reinforced palm, adjustable wrist strap allows for flexibility, grip, and warmth<\/li>\n<li><strong>Durability:<\/strong> Great for outdoors, riding,<\/li>\n<li><strong>Maintenance:<\/strong> Perfect for long-term use and safe and secure short cuff design<\/li>\n<li>Comfortable lining keeps hands dry and warm.<\/li>\n<li>Designed a snow scraper on the index finger to remove rain and snow from the snow mirror in rainy and snowy weather.<\/li>\n<li>L&rsquo;\u00e9cran tactile de l&rsquo;index, qui le rend pratique \u00e0 utiliser en contact avec votre t\u00e9l\u00e9phone et toutes sortes de produits \u00e9lectroniques \u00e0 commande tactile.<\/li>\n<\/ul>\n","protected":false},"excerpt":{"rendered":"<p>Bela Tracker Men&rsquo;s Touring Gloves &#8211; Gants de moto courts La description: Protection: Our durable full finger gloves shields knuckles<\/p>\n","protected":false},"featured_media":20945,"template":"","meta":[],"product_brand":[],"product_cat":[3267,1936,1938,1939,1937,3262,1906],"product_tag":[2525,2526,2528,2527],"class_list":{"0":"post-52120","1":"product","2":"type-product","3":"status-publish","4":"has-post-thumbnail","6":"product_cat-courses","7":"product_cat-gants-de-moto","8":"product_cat-hommes-gants-de-rue","9":"product_cat-gants-racing-hommes","10":"product_cat-hommes-gants-de-moto","11":"product_cat-rue","12":"product_cat-vetements-de-moto","13":"product_tag-gants-dhiver","14":"product_tag-gants-de-course","15":"product_tag-gants-de-rue","16":"product_tag-gants-pour-hommes-fr","17":"pa_size-m-fr","18":"pa_size-s-fr","19":"pa_size-xl-fr","20":"pa_size-xs-fr","21":"pa_size-xxl-fr","22":"pa_size-xxs-fr","23":"pa_size-xxxl-fr","25":"first","26":"outofstock","27":"sale","28":"taxable","29":"shipping-taxable","30":"purchasable","31":"product-type-variable","32":"has-default-attributes"},"_links":{"self":[{"href":"https:\/\/primomoto.es\/fr\/wp-json\/wp\/v2\/product\/52120","targetHints":{"allow":["GET"]}}],"collection":[{"href":"https:\/\/primomoto.es\/fr\/wp-json\/wp\/v2\/product"}],"about":[{"href":"https:\/\/primomoto.es\/fr\/wp-json\/wp\/v2\/types\/product"}],"wp:featuredmedia":[{"embeddable":true,"href":"https:\/\/primomoto.es\/fr\/wp-json\/wp\/v2\/media\/20945"}],"wp:attachment":[{"href":"https:\/\/primomoto.es\/fr\/wp-json\/wp\/v2\/media?parent=52120"}],"wp:term":[{"taxonomy":"product_brand","embeddable":true,"href":"https:\/\/primomoto.es\/fr\/wp-json\/wp\/v2\/product_brand?post=52120"},{"taxonomy":"product_cat","embeddable":true,"href":"https:\/\/primomoto.es\/fr\/wp-json\/wp\/v2\/product_cat?post=52120"},{"taxonomy":"product_tag","embeddable":true,"href":"https:\/\/primomoto.es\/fr\/wp-json\/wp\/v2\/product_tag?post=52120"}],"curies":[{"name":"wp","href":"https:\/\/api.w.org\/{rel}","templated":true}]}}