{"id":52015,"date":"2021-07-15T06:47:23","date_gmt":"2021-07-15T06:50:58","guid":{"rendered":"https:\/\/primomoto.es\/bela-junior-bottes-moto-de-voyage-impermeable-marron\/"},"modified":"2022-03-24T05:30:10","modified_gmt":"2022-03-24T05:30:10","slug":"bela-junior-bottes-moto-voyage-impermeable-marron","status":"publish","type":"product","link":"https:\/\/primomoto.es\/fr\/bela-junior-bottes-moto-voyage-impermeable-marron\/","title":{"rendered":"Bela Junior Bottes moto de voyage Impermeable marron"},"content":{"rendered":"<h2>Bela Junior Botte\u00a0en\u00a0microfibre\u00a0de moto voyage impermeable<\/h2>\n<ul style=\"font-weight: 400;\">\n<li>Micro Fibre<\/li>\n<li>Imperm\u00e9able<\/li>\n<li>Protection pour chevilles de s\u00e9curit\u00e9<\/li>\n<li>Deux boucles r\u00e9glables.<\/li>\n<li>Approuv\u00e9 CE<\/li>\n<li>Rabat avec fermeture Velcro<\/li>\n<li>Accord\u00e9on \u00e0 l&rsquo;avant et \u00e0 l&rsquo;arri\u00e8re pour faciliter les d\u00e9placements<\/li>\n<li>Doublure en Polyester doux<\/li>\n<li>Talon renforc\u00e9 pour une meilleure adh\u00e9rence et protection de la cheville des deux c\u00f4t\u00e9s<\/li>\n<li>Semelle ext\u00e9rieure 100% caoutchouc<\/li>\n<\/ul>\n","protected":false},"excerpt":{"rendered":"<p>Les bottes de moto de voyage Bela Junior WP sont fabriqu\u00e9es en cuir sp\u00e9cial de premi\u00e8re qualit\u00e9. Ces bottes sont disponibles en noir et en marron et dans toutes les tailles.<\/p>\n","protected":false},"featured_media":51992,"template":"","meta":[],"product_brand":[],"product_cat":[1907,1911,1908,3257,1906],"product_tag":[2021,2037],"class_list":{"0":"post-52015","1":"product","2":"type-product","3":"status-publish","4":"has-post-thumbnail","6":"product_cat-bottes-de-moto","7":"product_cat-bottes-de-tourisme-hommes","8":"product_cat-bottes-moto-hommes","9":"product_cat-tournee","10":"product_cat-vetements-de-moto","11":"product_tag-botte-de-randonnee-pour-hommes","12":"product_tag-bottes-pour-hommes","13":"pa_size-38-fr","14":"pa_size-39-fr","15":"pa_size-40-fr","16":"pa_size-41-fr","17":"pa_size-42-fr","18":"pa_size-43-fr","19":"pa_size-44-fr","20":"pa_size-45-fr","21":"pa_size-46-fr","22":"pa_size-47-fr","23":"pa_size-48-fr","25":"first","26":"outofstock","27":"sale","28":"taxable","29":"shipping-taxable","30":"purchasable","31":"product-type-variable","32":"has-default-attributes"},"_links":{"self":[{"href":"https:\/\/primomoto.es\/fr\/wp-json\/wp\/v2\/product\/52015","targetHints":{"allow":["GET"]}}],"collection":[{"href":"https:\/\/primomoto.es\/fr\/wp-json\/wp\/v2\/product"}],"about":[{"href":"https:\/\/primomoto.es\/fr\/wp-json\/wp\/v2\/types\/product"}],"wp:featuredmedia":[{"embeddable":true,"href":"https:\/\/primomoto.es\/fr\/wp-json\/wp\/v2\/media\/51992"}],"wp:attachment":[{"href":"https:\/\/primomoto.es\/fr\/wp-json\/wp\/v2\/media?parent=52015"}],"wp:term":[{"taxonomy":"product_brand","embeddable":true,"href":"https:\/\/primomoto.es\/fr\/wp-json\/wp\/v2\/product_brand?post=52015"},{"taxonomy":"product_cat","embeddable":true,"href":"https:\/\/primomoto.es\/fr\/wp-json\/wp\/v2\/product_cat?post=52015"},{"taxonomy":"product_tag","embeddable":true,"href":"https:\/\/primomoto.es\/fr\/wp-json\/wp\/v2\/product_tag?post=52015"}],"curies":[{"name":"wp","href":"https:\/\/api.w.org\/{rel}","templated":true}]}}