{"id":51786,"date":"2021-01-11T11:11:38","date_gmt":"2021-07-14T11:37:02","guid":{"rendered":"https:\/\/primomoto.es\/bela-highway-wp-gants-moto-homme-noir-gris\/"},"modified":"2023-02-06T06:47:17","modified_gmt":"2023-02-06T06:47:17","slug":"bela-highway-men-gants-hiver-hommes-noir-gris","status":"publish","type":"product","link":"https:\/\/primomoto.es\/fr\/bela-highway-men-gants-hiver-hommes-noir-gris\/","title":{"rendered":"Bela Highway WP Gants Moto Homme Noir\/Gris"},"content":{"rendered":"<h2>\n            <strong>Gants d&rsquo;hiver de moto &#8211; Gants en cuir Bela Highway<\/strong><br \/>\n          <\/h2>\n<p>          <strong>La description:<\/strong><\/p>\n<ul>\n<li>Les gants Bela Highway sont fabriqu\u00e9s avec un tissu en polyester de haute qualit\u00e9 avec une paume en cuir v\u00e9ritable \u00e0 l&rsquo;int\u00e9rieur d&rsquo;une doublure Thinsulate ins\u00e9r\u00e9e pour garder la main au chaud en hiver.<\/li>\n<li>Protective TPR pads on the palm back, knuckles and wrist side to prevent impact.<\/li>\n<li>Water repellent fabric on the surface and Inner with HIPORA waterproof membrane, Waterproof and breathable.<\/li>\n<li>2 hook and loop fastener closures at wrist part, can adjust the tightness freely and give you the best fit.<\/li>\n<li>L&rsquo;\u00e9cran tactile de l&rsquo;index, qui le rend pratique \u00e0 utiliser en contact avec votre t\u00e9l\u00e9phone et toutes sortes de produits \u00e9lectroniques \u00e0 commande tactile.<\/li>\n<li>La surface des gants de moto d&rsquo;hiver est r\u00e9sistante \u00e0 l&rsquo;abrasion et au vent, la doublure confortable garde les mains au sec et au chaud.<\/li>\n<li>Concevez un grattoir \u00e0 neige sur l&rsquo;index pour enlever la pluie et la neige du miroir de neige par temps pluvieux et neigeux.<\/li>\n<li>A perfect glove to make your winter rides warm, secure comfy<\/li>\n<\/ul>\n","protected":false},"excerpt":{"rendered":"<p>Gants d&rsquo;hiver de moto &#8211; Gants en cuir Bela Highway La description: Les gants Bela Highway sont fabriqu\u00e9s avec un<\/p>\n","protected":false},"featured_media":21132,"template":"","meta":[],"product_brand":[],"product_cat":[3267,1936,1939,1940,1937,3257,1906],"product_tag":[2536,2535,2151,2537],"class_list":{"0":"post-51786","1":"product","2":"type-product","3":"status-publish","4":"has-post-thumbnail","6":"product_cat-courses","7":"product_cat-gants-de-moto","8":"product_cat-gants-racing-hommes","9":"product_cat-gants-textile-hommes","10":"product_cat-hommes-gants-de-moto","11":"product_cat-tournee","12":"product_cat-vetements-de-moto","13":"product_tag-gant-dhiver","14":"product_tag-gant-de-course","15":"product_tag-gant-de-randonnee","16":"product_tag-gant-homme-fr","17":"pa_size-l-fr","18":"pa_size-m-fr","19":"pa_size-s-fr","20":"pa_size-xl-fr","21":"pa_size-xxl-fr","22":"pa_size-xxxl-fr","24":"first","25":"outofstock","26":"sale","27":"taxable","28":"shipping-taxable","29":"purchasable","30":"product-type-variable","31":"has-default-attributes"},"_links":{"self":[{"href":"https:\/\/primomoto.es\/fr\/wp-json\/wp\/v2\/product\/51786","targetHints":{"allow":["GET"]}}],"collection":[{"href":"https:\/\/primomoto.es\/fr\/wp-json\/wp\/v2\/product"}],"about":[{"href":"https:\/\/primomoto.es\/fr\/wp-json\/wp\/v2\/types\/product"}],"wp:featuredmedia":[{"embeddable":true,"href":"https:\/\/primomoto.es\/fr\/wp-json\/wp\/v2\/media\/21132"}],"wp:attachment":[{"href":"https:\/\/primomoto.es\/fr\/wp-json\/wp\/v2\/media?parent=51786"}],"wp:term":[{"taxonomy":"product_brand","embeddable":true,"href":"https:\/\/primomoto.es\/fr\/wp-json\/wp\/v2\/product_brand?post=51786"},{"taxonomy":"product_cat","embeddable":true,"href":"https:\/\/primomoto.es\/fr\/wp-json\/wp\/v2\/product_cat?post=51786"},{"taxonomy":"product_tag","embeddable":true,"href":"https:\/\/primomoto.es\/fr\/wp-json\/wp\/v2\/product_tag?post=51786"}],"curies":[{"name":"wp","href":"https:\/\/api.w.org\/{rel}","templated":true}]}}