{"id":51719,"date":"2021-03-19T10:43:59","date_gmt":"2021-07-14T10:51:14","guid":{"rendered":"https:\/\/primomoto.es\/bela-ice-winter-wp-lady-gants-moto-noir-rose\/"},"modified":"2021-12-10T06:01:16","modified_gmt":"2021-12-10T06:01:16","slug":"bela-ice-winter-wp-femmes-gants-d-hiver-impermeables-noir-rose","status":"publish","type":"product","link":"https:\/\/primomoto.es\/fr\/bela-ice-winter-wp-femmes-gants-d-hiver-impermeables-noir-rose\/","title":{"rendered":"Bela Ice Winter WP Lady Gants Moto Noir\/Rose"},"content":{"rendered":"<h2>Gants d&rsquo;hiver imperm\u00e9ables &#8211;\u00a0<strong>Gants Bela Ice Winter WP<\/strong><\/h2>\n<p><strong>La description:<\/strong><\/p>\n<ul>\n<li>Les gants Bela ICE Winter WP sont fabriqu\u00e9s avec un tissu en polyester de haute qualit\u00e9 avec une paume en cuir v\u00e9ritable \u00e0 l&rsquo;int\u00e9rieur d&rsquo;une doublure Thinsulate ins\u00e9r\u00e9e pour garder la main au chaud en hiver. Coussinets de protection en TPR sur la paume du dos, les jointures et le c\u00f4t\u00e9 du poignet pour \u00e9viter les chocs.<\/li>\n<li>Tissu hydrofuge en surface et int\u00e9rieur avec membrane imperm\u00e9able HIPORA, imperm\u00e9able et respirant.<\/li>\n<li>2 fermetures auto-agrippantes \u00e0 la partie poignet, peuvent ajuster l&rsquo;\u00e9tanch\u00e9it\u00e9 librement et vous donner le meilleur ajustement.<\/li>\n<li>\u00c9cran tactile d&rsquo;index, ce qui le rend pratique \u00e0 utiliser en contact avec votre t\u00e9l\u00e9phone et toutes sortes de produits \u00e9lectroniques de contr\u00f4le tactiles.<\/li>\n<li>La surface des gants de moto d&rsquo;hiver est r\u00e9sistante \u00e0 l&rsquo;abrasion et au vent, la doublure confortable garde les mains au sec et au chaud. Concevez un grattoir \u00e0 neige sur l&rsquo;index pour enlever la pluie et la neige du miroir \u00e0 neige par temps pluvieux et neigeux.<\/li>\n<li>Un gant parfait pour rendre vos sorties hivernales chaudes et confortables<\/li>\n<\/ul>\n","protected":false},"excerpt":{"rendered":"<p>Gants d&rsquo;hiver imperm\u00e9ables &#8211;\u00a0Gants Bela Ice Winter WP La description: Les gants Bela ICE Winter WP sont fabriqu\u00e9s avec un<\/p>\n","protected":false},"featured_media":32482,"template":"","meta":[],"product_brand":[],"product_cat":[1941,1936,1944,3257,1906],"product_tag":[2521,2501],"class_list":{"0":"post-51719","1":"product","2":"type-product","3":"status-publish","4":"has-post-thumbnail","6":"product_cat-gants-moto-femme","7":"product_cat-gants-de-moto","8":"product_cat-gants-textile-femme","9":"product_cat-tournee","10":"product_cat-vetements-de-moto","11":"product_tag-gant-de-randonnee-femme","12":"product_tag-leather-glove-fr","13":"pa_size-2xl-fr","14":"pa_size-3xl-fr","15":"pa_size-l-fr","16":"pa_size-m-fr","17":"pa_size-s-fr","18":"pa_size-xl-fr","19":"pa_size-xs-fr","21":"first","22":"outofstock","23":"sale","24":"taxable","25":"shipping-taxable","26":"purchasable","27":"product-type-variable","28":"has-default-attributes"},"_links":{"self":[{"href":"https:\/\/primomoto.es\/fr\/wp-json\/wp\/v2\/product\/51719","targetHints":{"allow":["GET"]}}],"collection":[{"href":"https:\/\/primomoto.es\/fr\/wp-json\/wp\/v2\/product"}],"about":[{"href":"https:\/\/primomoto.es\/fr\/wp-json\/wp\/v2\/types\/product"}],"wp:featuredmedia":[{"embeddable":true,"href":"https:\/\/primomoto.es\/fr\/wp-json\/wp\/v2\/media\/32482"}],"wp:attachment":[{"href":"https:\/\/primomoto.es\/fr\/wp-json\/wp\/v2\/media?parent=51719"}],"wp:term":[{"taxonomy":"product_brand","embeddable":true,"href":"https:\/\/primomoto.es\/fr\/wp-json\/wp\/v2\/product_brand?post=51719"},{"taxonomy":"product_cat","embeddable":true,"href":"https:\/\/primomoto.es\/fr\/wp-json\/wp\/v2\/product_cat?post=51719"},{"taxonomy":"product_tag","embeddable":true,"href":"https:\/\/primomoto.es\/fr\/wp-json\/wp\/v2\/product_tag?post=51719"}],"curies":[{"name":"wp","href":"https:\/\/api.w.org\/{rel}","templated":true}]}}