{"id":50969,"date":"2021-01-04T11:19:38","date_gmt":"2021-01-04T11:19:38","guid":{"rendered":"https:\/\/primomoto.es\/bela-beast-combinaison-1pc-noir-blanc-bleu-rouge\/"},"modified":"2025-06-03T12:07:45","modified_gmt":"2025-06-03T12:07:45","slug":"bela-beast-moto-combinaison-en-cuir-1-pc-noir-blanc-bleu-rouge","status":"publish","type":"product","link":"https:\/\/primomoto.es\/fr\/bela-beast-moto-combinaison-en-cuir-1-pc-noir-blanc-bleu-rouge\/","title":{"rendered":"Bela Beast Combinaison Moto Noir\/Blanc\/Bleu\/Rouge"},"content":{"rendered":"<p><span style=\"color: #ff0000;\"><strong>Remarque : les commandes sont exp\u00e9di\u00e9es dans un d\u00e9lai de 10 \u00e0 15 jours ouvrables \u00e0 compter de la date d&rsquo;achat !!<\/strong><\/span><\/p>\n<h2>Bela Beast Combinaisons moto en cuir pour homme<\/h2>\n<p><strong>p\u00e9cifications techniques:<\/strong><\/p>\n<ul>\n<li>Combinaison d&rsquo;\u00e9quitation monobloc haute performance fabriqu\u00e9e en cuir pleine fleur pour des niveaux \u00e9lev\u00e9s de r\u00e9sistance \u00e0 l&rsquo;abrasion et de durabilit\u00e9,<\/li>\n<li>La combinaison Bela Beast 1 pi\u00e8ce int\u00e8gre des capacit\u00e9s de protection test\u00e9es sur piste sur les \u00e9paules et les genoux et des panneaux profil\u00e9s Moto-GP perfor\u00e9s pour une a\u00e9rodynamique et un confort am\u00e9lior\u00e9s.<\/li>\n<li>Avec la possibilit\u00e9 de passer \u00e0 une protection du dos, de la poitrine et des hanches certifi\u00e9e CE, cette combinaison une pi\u00e8ce de qualit\u00e9 sup\u00e9rieure est id\u00e9ale pour la conduite de performance.<\/li>\n<li>La construction de couture principale \u00e0 plusieurs coutures offre une r\u00e9sistance maximale \u00e0 la d\u00e9chirure<\/li>\n<li>Panneaux \u00e9tendus et renforc\u00e9s en fibre extensible sur les bras, l&rsquo;entrejambe et les jambes.<\/li>\n<li>Inserts extensibles en cuir accord\u00e9on sur les lombaires, les genoux, les coudes et les \u00e9paules arri\u00e8re<\/li>\n<li>Fermeture \u00e9clair.<\/li>\n<li>Excellente couture partout avec une durabilit\u00e9 maximale.<\/li>\n<\/ul>\n","protected":false},"excerpt":{"rendered":"<p>Combinaison d&rsquo;\u00e9quitation monobloc haute performance fabriqu\u00e9e en cuir pleine fleur pour des niveaux \u00e9lev\u00e9s de r\u00e9sistance \u00e0 l&rsquo;abrasion et de durabilit\u00e9, la combinaison Beast 1 pi\u00e8ce int\u00e8gre des capacit\u00e9s de protection test\u00e9es sur piste sur les \u00e9paules et les genoux et des panneaux profil\u00e9s Moto-GP perfor\u00e9s pour un a\u00e9rodynamisme am\u00e9lior\u00e9 et confort. With the possibility to upgrade to CE certified construction back, chest and hip protection this premium 1-piece suit is ideal for performance riding.<\/p>\n","protected":false},"featured_media":18897,"template":"","meta":[],"product_brand":[],"product_cat":[1947,1945,3267,1946,1961,1906],"product_tag":[2182,2138,2161],"class_list":{"0":"post-50969","1":"product","2":"type-product","3":"status-publish","4":"has-post-thumbnail","6":"product_cat-combinaison-1-pieces-hommes","7":"product_cat-combinaisons-de-moto","8":"product_cat-courses","9":"product_cat-hommes-combinaisons","10":"product_cat-nouvelles-arrivees","11":"product_cat-vetements-de-moto","12":"product_tag-costume-dhomme","13":"product_tag-costume-en-cuir","14":"product_tag-traje-de-carreras-fr","15":"pa_size-46-xs-fr","16":"pa_size-48-s-fr","17":"pa_size-50-m-fr-2","18":"pa_size-52-l-fr-2","19":"pa_size-54-xl-fr-2","20":"pa_size-56-2xl-fr-2","21":"pa_size-58-3xl-fr","22":"pa_size-60-4xl-fr","23":"pa_size-62-5xl-fr","25":"first","26":"outofstock","27":"sale","28":"featured","29":"taxable","30":"shipping-taxable","31":"purchasable","32":"product-type-variable","33":"has-default-attributes"},"_links":{"self":[{"href":"https:\/\/primomoto.es\/fr\/wp-json\/wp\/v2\/product\/50969","targetHints":{"allow":["GET"]}}],"collection":[{"href":"https:\/\/primomoto.es\/fr\/wp-json\/wp\/v2\/product"}],"about":[{"href":"https:\/\/primomoto.es\/fr\/wp-json\/wp\/v2\/types\/product"}],"wp:featuredmedia":[{"embeddable":true,"href":"https:\/\/primomoto.es\/fr\/wp-json\/wp\/v2\/media\/18897"}],"wp:attachment":[{"href":"https:\/\/primomoto.es\/fr\/wp-json\/wp\/v2\/media?parent=50969"}],"wp:term":[{"taxonomy":"product_brand","embeddable":true,"href":"https:\/\/primomoto.es\/fr\/wp-json\/wp\/v2\/product_brand?post=50969"},{"taxonomy":"product_cat","embeddable":true,"href":"https:\/\/primomoto.es\/fr\/wp-json\/wp\/v2\/product_cat?post=50969"},{"taxonomy":"product_tag","embeddable":true,"href":"https:\/\/primomoto.es\/fr\/wp-json\/wp\/v2\/product_tag?post=50969"}],"curies":[{"name":"wp","href":"https:\/\/api.w.org\/{rel}","templated":true}]}}