{"id":50943,"date":"2021-01-04T11:20:09","date_gmt":"2021-01-04T11:20:09","guid":{"rendered":"https:\/\/primomoto.es\/r-tech-hawk-combinaison-moto-noir-blanc-jaune\/"},"modified":"2024-01-11T11:46:21","modified_gmt":"2024-01-11T11:46:21","slug":"combinaison-cuir-moto-r-tech-hawk-1-pc-noir-blanc-jaune","status":"publish","type":"product","link":"https:\/\/primomoto.es\/fr\/combinaison-cuir-moto-r-tech-hawk-1-pc-noir-blanc-jaune\/","title":{"rendered":"R-Tech Hawk Combinaison cuir Moto Noir\/Blanc\/Jaune"},"content":{"rendered":"<h2>R-Tech Defender GP\u00a0Combinaison Moto Piste homme<\/h2>\n<p><strong>Coque ext\u00e9rieure<\/strong><\/p>\n<ul>\n<li>Cuir de vachette v\u00e9ritable pleine fleur de 1,3 mm \u00e0 1,4 mm<\/li>\n<li>Manches pr\u00e9-courb\u00e9es pour une bonne position de conduite<\/li>\n<li>Fermeture \u00e9clair d&rsquo;origine YKK \u00e0 l&rsquo;avant, poignets<\/li>\n<li>Mat\u00e9riau extensible utilis\u00e9 \u00e0 l&rsquo;entrejambe, derri\u00e8re le mollet et sous<\/li>\n<li>manches pour une \u00e9lasticit\u00e9 maximale<\/li>\n<li>Les velcro pour attacher la rondelle du genou sont cousus<\/li>\n<li>S\u00e9curit\u00e9 cousu<\/li>\n<li>D\u00e9tails des panneaux avant en cuir perfor\u00e9 pour une respirabilit\u00e9 maximale<\/li>\n<\/ul>\n<p><strong>Des dispositifs de s\u00e9curit\u00e9<\/strong><\/p>\n<ul>\n<li>Protections externes sur les \u00e9paules, les \u00e9paules et le dos<\/li>\n<li>Glissi\u00e8res ext\u00e9rieures au genou avec velcro amovible<\/li>\n<li>Rembourrage en caoutchouc suppl\u00e9mentaire pour la s\u00e9curit\u00e9 sur les pi\u00e8ces critiques.<\/li>\n<li>Armure double densit\u00e9 amovible aux genoux, aux \u00e9paules et aux coudes.<\/li>\n<li>Protecteur de colonne vert\u00e9brale amovible double densit\u00e9<\/li>\n<\/ul>\n<p><strong>Coque int\u00e9rieure<\/strong><\/p>\n<ul>\n<li>Doublure en maille 100% polyester<\/li>\n<li>Nous prenons soin de chaque petit d\u00e9tail de la combinaison pour que les motards professionnels aient une course agr\u00e9able et fluide.<\/li>\n<\/ul>\n","protected":false},"excerpt":{"rendered":"<p>Combinaison de conduite monobloc haute performance fabriqu\u00e9e \u00e0 partir de cuir pleine fleur pour des niveaux \u00e9lev\u00e9s de r\u00e9sistance \u00e0 l&rsquo;abrasion et de durabilit\u00e9, la combinaison HAWK 1 pi\u00e8ce int\u00e8gre des capacit\u00e9s de protection test\u00e9es sur piste au niveau des \u00e9paules et des genoux et des panneaux profil\u00e9s Moto-GP perfor\u00e9s pour un a\u00e9rodynamisme am\u00e9lior\u00e9. et le confort. Avec la possibilit\u00e9 de passer \u00e0 une protection du dos, de la poitrine et des hanches certifi\u00e9e CE, cette combinaison une pi\u00e8ce haut de gamme est id\u00e9ale pour la conduite de performance.<\/p>\n","protected":false},"featured_media":9402,"template":"","meta":[],"product_brand":[],"product_cat":[1947,1945,3267,1946,1906],"product_tag":[2182,2138,2161],"class_list":{"0":"post-50943","1":"product","2":"type-product","3":"status-publish","4":"has-post-thumbnail","6":"product_cat-combinaison-1-pieces-hommes","7":"product_cat-combinaisons-de-moto","8":"product_cat-courses","9":"product_cat-hommes-combinaisons","10":"product_cat-vetements-de-moto","11":"product_tag-costume-dhomme","12":"product_tag-costume-en-cuir","13":"product_tag-traje-de-carreras-fr","14":"pa_size-50-m-fr-2","15":"pa_size-52-l-fr","16":"pa_size-54-xl-fr","17":"pa_size-56-2xl-fr-2","18":"pa_size-58-3xl-fr","19":"pa_size-60-4xl-fr","21":"first","22":"outofstock","23":"sale","24":"taxable","25":"shipping-taxable","26":"purchasable","27":"product-type-variable","28":"has-default-attributes"},"_links":{"self":[{"href":"https:\/\/primomoto.es\/fr\/wp-json\/wp\/v2\/product\/50943","targetHints":{"allow":["GET"]}}],"collection":[{"href":"https:\/\/primomoto.es\/fr\/wp-json\/wp\/v2\/product"}],"about":[{"href":"https:\/\/primomoto.es\/fr\/wp-json\/wp\/v2\/types\/product"}],"wp:featuredmedia":[{"embeddable":true,"href":"https:\/\/primomoto.es\/fr\/wp-json\/wp\/v2\/media\/9402"}],"wp:attachment":[{"href":"https:\/\/primomoto.es\/fr\/wp-json\/wp\/v2\/media?parent=50943"}],"wp:term":[{"taxonomy":"product_brand","embeddable":true,"href":"https:\/\/primomoto.es\/fr\/wp-json\/wp\/v2\/product_brand?post=50943"},{"taxonomy":"product_cat","embeddable":true,"href":"https:\/\/primomoto.es\/fr\/wp-json\/wp\/v2\/product_cat?post=50943"},{"taxonomy":"product_tag","embeddable":true,"href":"https:\/\/primomoto.es\/fr\/wp-json\/wp\/v2\/product_tag?post=50943"}],"curies":[{"name":"wp","href":"https:\/\/api.w.org\/{rel}","templated":true}]}}