{"id":50861,"date":"2021-01-04T11:20:42","date_gmt":"2021-01-04T11:20:42","guid":{"rendered":"https:\/\/primomoto.es\/shua-infinity-combinaison-de-moto-noir-bleu\/"},"modified":"2023-02-17T12:14:46","modified_gmt":"2023-02-17T12:14:46","slug":"shua-infinity-moto-combinaison-de-course-en-cuir-1-pc-noir-bleu","status":"publish","type":"product","link":"https:\/\/primomoto.es\/fr\/shua-infinity-moto-combinaison-de-course-en-cuir-1-pc-noir-bleu\/","title":{"rendered":"Shua Infinity Moto Cuir Courses Costume 1 PC Noir\/Bleu"},"content":{"rendered":"<h2><strong><span style=\"vertical-align: inherit;\"><span style=\"vertical-align: inherit;\">Shua Infinity Combinaison de Moto Noir\/Bleu<\/span><\/span><\/strong><\/h2>\n<p><strong><span style=\"vertical-align: inherit;\"><span style=\"vertical-align: inherit;\">Mat\u00e9riaux:<\/span><\/span><\/strong><\/p>\n<ul>\n<li><span style=\"vertical-align: inherit;\"><span style=\"vertical-align: inherit;\">Fabriqu\u00e9 \u00e0 100% en cuir v\u00e9ritable<\/span><\/span><\/li>\n<li><span style=\"vertical-align: inherit;\"><span style=\"vertical-align: inherit;\">Cuir pleine fleur de premi\u00e8re qualit\u00e9 1,0-1,2 mm<\/span><\/span><\/li>\n<\/ul>\n<p><strong><span style=\"vertical-align: inherit;\"><span style=\"vertical-align: inherit;\">Informations techniques:<\/span><\/span><\/strong><\/p>\n<ul>\n<li><span style=\"vertical-align: inherit;\"><span style=\"vertical-align: inherit;\">Tissu extensible au coude, \u00e0 l&rsquo;entrejambe et au genou arri\u00e8re pour offrir souplesse et confort<\/span><\/span><\/li>\n<li><span style=\"vertical-align: inherit;\"><span style=\"vertical-align: inherit;\">Doublure fixe en maille au mollet pour offrir un meilleur confort<\/span><\/span><\/li>\n<li><span style=\"vertical-align: inherit;\"><span style=\"vertical-align: inherit;\">Protections internes homologu\u00e9es CE aux coudes, hanches et genoux<\/span><\/span><\/li>\n<li><span style=\"vertical-align: inherit;\"><span style=\"vertical-align: inherit;\">Bosse a\u00e9rodynamique<\/span><\/span><\/li>\n<li><span style=\"vertical-align: inherit;\"><span style=\"vertical-align: inherit;\">Panneaux en cuir \u00e9lastiqu\u00e9s aux genoux, \u00e0 la taille au dos, aux emmanchures au dos pour un mouvement confortable et flexible<\/span><\/span><\/li>\n<li><span style=\"vertical-align: inherit;\"><span style=\"vertical-align: inherit;\">N\u00e9opr\u00e8ne aux poignets et \u00e0 l&rsquo;ourlet pour r\u00e9duire l&rsquo;\u00e9paisseur et offrir un plus grand confort<\/span><\/span><\/li>\n<li><span style=\"vertical-align: inherit;\"><span style=\"vertical-align: inherit;\">Renfort en cuir double couche aux coudes, aux \u00e9paules et au si\u00e8ge<\/span><\/span><\/li>\n<li><span style=\"vertical-align: inherit;\"><span style=\"vertical-align: inherit;\">Velcro \u00e0 l&rsquo;int\u00e9rieur du panneau avant pour faciliter un protecteur de poitrine si n\u00e9cessaire<\/span><\/span><\/li>\n<li><span style=\"vertical-align: inherit;\"><span style=\"vertical-align: inherit;\">Rembourrage de l&rsquo;os de la queue<\/span><\/span><\/li>\n<li><span style=\"vertical-align: inherit;\"><span style=\"vertical-align: inherit;\">Sliders genoux amovibles<\/span><\/span><\/li>\n<\/ul>\n","protected":false},"excerpt":{"rendered":"<p><span style=\"vertical-align: inherit;\"><span style=\"vertical-align: inherit;\">Shua Infinity Motorcycle suit is made of 100% real leather. <\/span><span style=\"vertical-align: inherit;\">For better comfort it has fixed mesh lining. <\/span><span style=\"vertical-align: inherit;\">CE Approved Protectors make it one of the best protective racing suit.<\/span><\/span><\/p>\n","protected":false},"featured_media":210138,"template":"","meta":[],"product_brand":[],"product_cat":[1947,1945,3267,1946,1964,1906],"product_tag":[2182,2138,2161],"class_list":{"0":"post-50861","1":"product","2":"type-product","3":"status-publish","4":"has-post-thumbnail","6":"product_cat-combinaison-1-pieces-hommes","7":"product_cat-combinaisons-de-moto","8":"product_cat-courses","9":"product_cat-hommes-combinaisons","10":"product_cat-offre-de-la-semaine","11":"product_cat-vetements-de-moto","12":"product_tag-costume-dhomme","13":"product_tag-costume-en-cuir","14":"product_tag-traje-de-carreras-fr","15":"pa_size-46-xs-fr","16":"pa_size-50-m-fr-2","17":"pa_size-52-l-fr","18":"pa_size-54-xl-fr","19":"pa_size-56-2xl-fr-2","20":"pa_size-58-3xl-fr","21":"pa_size-60-4xl-fr","22":"pa_size-62-5xl-fr","23":"pa_size-64-6xl-fr","25":"first","26":"outofstock","27":"sale","28":"taxable","29":"shipping-taxable","30":"purchasable","31":"product-type-variable","32":"has-default-attributes"},"_links":{"self":[{"href":"https:\/\/primomoto.es\/fr\/wp-json\/wp\/v2\/product\/50861","targetHints":{"allow":["GET"]}}],"collection":[{"href":"https:\/\/primomoto.es\/fr\/wp-json\/wp\/v2\/product"}],"about":[{"href":"https:\/\/primomoto.es\/fr\/wp-json\/wp\/v2\/types\/product"}],"wp:featuredmedia":[{"embeddable":true,"href":"https:\/\/primomoto.es\/fr\/wp-json\/wp\/v2\/media\/210138"}],"wp:attachment":[{"href":"https:\/\/primomoto.es\/fr\/wp-json\/wp\/v2\/media?parent=50861"}],"wp:term":[{"taxonomy":"product_brand","embeddable":true,"href":"https:\/\/primomoto.es\/fr\/wp-json\/wp\/v2\/product_brand?post=50861"},{"taxonomy":"product_cat","embeddable":true,"href":"https:\/\/primomoto.es\/fr\/wp-json\/wp\/v2\/product_cat?post=50861"},{"taxonomy":"product_tag","embeddable":true,"href":"https:\/\/primomoto.es\/fr\/wp-json\/wp\/v2\/product_tag?post=50861"}],"curies":[{"name":"wp","href":"https:\/\/api.w.org\/{rel}","templated":true}]}}