{"id":50774,"date":"2021-01-04T11:21:36","date_gmt":"2021-01-04T11:21:36","guid":{"rendered":"https:\/\/primomoto.es\/combinaison-de-moto-en-cuir-1pc-r-tech-rising-star-mix-kangaroo-blanc-noir-rouge\/"},"modified":"2023-02-20T06:24:54","modified_gmt":"2023-02-20T06:24:54","slug":"r-tech-rising-star-mix-kangaroo-combinaison-cuir-moto-homme-blanc-noir-rouge","status":"publish","type":"product","link":"https:\/\/primomoto.es\/fr\/r-tech-rising-star-mix-kangaroo-combinaison-cuir-moto-homme-blanc-noir-rouge\/","title":{"rendered":"R-Tech Rising Star Moto Cuir Courses Costume Blanc\/Noir\/Rouge"},"content":{"rendered":"<h2>\n            <strong>Combinaison moto en cuir R-Tech Rising Star<\/strong><br \/>\n          <\/h2>\n<p>          <strong>Mat\u00e9riel:<\/strong><\/p>\n<ul>\n<li>Cuir de vachette pleine fleur de premi\u00e8re qualit\u00e9 1,1-1,3 mm avec inserts kangourou hydrofuges mm 0,9 \/ 1<\/li>\n<li>Tissu extensible Super Tense-tex au coude, \u00e0 l&rsquo;entrejambe et \u00e0 l&rsquo;arri\u00e8re du genou pour plus de souplesse et de confort<\/li>\n<\/ul>\n<p>          <strong>Composition:<\/strong><\/p>\n<ul>\n<li>Mat\u00e9riau ext\u00e9rieur: 75% Cuir de vachette 25% Cuir de kangourou (inserts 92% PA 8% ELASTAN)<\/li>\n<li>Doublure : 100 % polyester<\/li>\n<\/ul>\n<p>          <strong>Informations techniques<\/strong><\/p>\n<ul>\n<li>Doublure fixe en maille avec maille a\u00e9r\u00e9e au mollet pour un meilleur confort<\/li>\n<li>Pi\u00e8ces de protection externes en TPU sur l&rsquo;\u00e9paule et le coude<\/li>\n<li>CE approved internal protectors at shoulders, elbows, hips and knees<\/li>\n<li>Bosse a\u00e9rodynamique pour la protection de la moelle \u00e9pini\u00e8re<\/li>\n<li>Partly perforated leather at front, Arms and on thigh areas to improve ventilation<\/li>\n<li>Stretch leather panels at back armhole, knees, back waist for comfortable &amp; flexible movement<\/li>\n<li>Neoprene at collar, cuff &amp; hem to reduce thickness and give greater comfort<\/li>\n<li>Renfort en cuir double couche aux coudes, aux \u00e9paules et au si\u00e8ge<\/li>\n<li>Velcro \u00e0 l&rsquo;int\u00e9rieur du panneau avant pour faciliter un protecteur de poitrine si n\u00e9cessaire<\/li>\n<li>Wrist zip closure on cuff to offer better convenience<\/li>\n<li>R\u00e9fl\u00e9chissant au niveau des bras pour une meilleure vision nocturne.<\/li>\n<li>Knee sliders for more protection.<\/li>\n<\/ul>\n","protected":false},"excerpt":{"rendered":"<p>If you a professional rider or an amateur it doesn&rsquo;t matter because in both cases, you have to protect yourself by using right motorcycle gear. R-Tech unveiled this year\u2019s best motorcycle suit by design, safety and color combinations named as \u201c<strong>RISING STAR<\/strong>\u201d. This R-Tech Rising Star suit is made up using high quality cow leather and Kangaroo as well. Furthermore, it protects you with its anti-shock side padding&rsquo;s. It has designed in such way that rider will always feel comfortable. This suit has perforated leather in front, arms and on thigh areas to improve breathability. Find your size with Maximo-Moto and discover your Racing dreams.<\/p>\n","protected":false},"featured_media":9697,"template":"","meta":[],"product_brand":[],"product_cat":[1947,1945,1946,1906],"product_tag":[2182,2138,2161],"class_list":{"0":"post-50774","1":"product","2":"type-product","3":"status-publish","4":"has-post-thumbnail","6":"product_cat-combinaison-1-pieces-hommes","7":"product_cat-combinaisons-de-moto","8":"product_cat-hommes-combinaisons","9":"product_cat-vetements-de-moto","10":"product_tag-costume-dhomme","11":"product_tag-costume-en-cuir","12":"product_tag-traje-de-carreras-fr","13":"pa_size-46-xs-fr","14":"pa_size-50-m-fr-2","15":"pa_size-52-l-fr","16":"pa_size-54-xl-fr","17":"pa_size-56-2xl-fr-2","18":"pa_size-58-3xl-fr","19":"pa_size-60-4xl-fr","20":"pa_size-62-5xl-fr","22":"first","23":"outofstock","24":"sale","25":"taxable","26":"shipping-taxable","27":"purchasable","28":"product-type-variable","29":"has-default-attributes"},"_links":{"self":[{"href":"https:\/\/primomoto.es\/fr\/wp-json\/wp\/v2\/product\/50774","targetHints":{"allow":["GET"]}}],"collection":[{"href":"https:\/\/primomoto.es\/fr\/wp-json\/wp\/v2\/product"}],"about":[{"href":"https:\/\/primomoto.es\/fr\/wp-json\/wp\/v2\/types\/product"}],"wp:featuredmedia":[{"embeddable":true,"href":"https:\/\/primomoto.es\/fr\/wp-json\/wp\/v2\/media\/9697"}],"wp:attachment":[{"href":"https:\/\/primomoto.es\/fr\/wp-json\/wp\/v2\/media?parent=50774"}],"wp:term":[{"taxonomy":"product_brand","embeddable":true,"href":"https:\/\/primomoto.es\/fr\/wp-json\/wp\/v2\/product_brand?post=50774"},{"taxonomy":"product_cat","embeddable":true,"href":"https:\/\/primomoto.es\/fr\/wp-json\/wp\/v2\/product_cat?post=50774"},{"taxonomy":"product_tag","embeddable":true,"href":"https:\/\/primomoto.es\/fr\/wp-json\/wp\/v2\/product_tag?post=50774"}],"curies":[{"name":"wp","href":"https:\/\/api.w.org\/{rel}","templated":true}]}}