{"id":50670,"date":"2021-01-04T11:22:40","date_gmt":"2021-01-04T11:22:40","guid":{"rendered":"https:\/\/primomoto.es\/bela-rocket-man-mix-kangaroo-combinaison-moto-noir-rouge\/"},"modified":"2023-12-30T12:39:26","modified_gmt":"2023-12-30T12:39:26","slug":"bela-rocket-mix-kangaroo-man-moto-combinaison-en-cuir-1-pc-noir-rouge-anthracite","status":"publish","type":"product","link":"https:\/\/primomoto.es\/fr\/bela-rocket-mix-kangaroo-man-moto-combinaison-en-cuir-1-pc-noir-rouge-anthracite\/","title":{"rendered":"Bela Rocket Mix Kangaroo Man Combinaison Cuir Moto Noir\/Rouge\/Anthracite"},"content":{"rendered":"<h2>Bela Rocket Man Mix Kangaroo\u00a0<strong>Combinaison de moto en cuir 1 pi\u00e8ce<\/strong><\/h2>\n<ul>\n<li>Cuir de vachette pleine fleur de premi\u00e8re qualit\u00e9 de 1,1 \u00e0 1,3 mm avec inserts en cuir de kangourou hydrofuges de 0,9\/1 mm<\/li>\n<li>Tissu extensible Super Tense-Tex au niveau des coudes, de l&rsquo;entrejambe et de l\u2019arri\u00e8re des genoux pour offrir souplesse et confort<\/li>\n<li>Mat\u00e9riau ext\u00e9rieur : 75% Cuir de vachette et 25% Cuir de kangourou (inserts 92% PA 8% ELASTAN)<\/li>\n<li>Doublure : 100% polyester<\/li>\n<li>Doublure fixe en mailles avec un tissu Air Mesh au niveau du mollet pour un meilleur confort<\/li>\n<li>Protections externes en TPU sur l&rsquo;\u00e9paule et le coude<\/li>\n<li>Protections internes approuv\u00e9s CE au niveau des \u00e9paules, des coudes, des hanches et des genoux<\/li>\n<li>Protection dorsale a\u00e9rodynamique pour la colonne vert\u00e9brale<\/li>\n<li>Cuir perfor\u00e9 \u00e0 l&rsquo;avant, aux bras et aux cuisses pour am\u00e9liorer la ventilation<\/li>\n<li>Pi\u00e8ces en cuir extensible \u00e0 l&#8217;emmanchure arri\u00e8re, aux genoux et \u00e0 la taille pour des mouvements plus souples et confortables.<\/li>\n<li>N\u00e9opr\u00e8ne au col, aux poignets et aux ourlets pour r\u00e9duire l&rsquo;\u00e9paisseur et offrir un plus grand confort<\/li>\n<li>Double \u00e9paisseur de renforcement en cuir au niveau des coudes, des \u00e9paules et de l\u2019assise<\/li>\n<li>Bande velcro frontal int\u00e9rieure pour faciliter l\u2019insertion d&rsquo;un prot\u00e8ge-torse si n\u00e9cessaire<\/li>\n<li>Fermetures \u00e9clair aux poignets pour plus de confort<\/li>\n<li>Bandes r\u00e9fl\u00e9chissantes au niveau des bras pour une meilleure visibilit\u00e9 de nuit.<\/li>\n<li>Sliders (glisseurs) aux genoux pour une meilleure protection.<\/li>\n<\/ul>\n","protected":false},"excerpt":{"rendered":"<p><span style=\"vertical-align: inherit;\"><span style=\"vertical-align: inherit;\">The <\/span><\/span><strong><span style=\"vertical-align: inherit;\"><span style=\"vertical-align: inherit;\">Bela Rocket Mix Kangaroo Man Leather Suit<\/span><\/span><\/strong><span style=\"vertical-align: inherit;\"><span style=\"vertical-align: inherit;\"> is our latest selection for motorcyclists. <\/span><span style=\"vertical-align: inherit;\">Made in water repellent cowhide leather and with inserts in Kangaroo leather, to give the best possible flexibility to this suit as well as a great resistance to abrasion. <\/span><span style=\"vertical-align: inherit;\">In addition to carrying ventilation on the outer shoulder protections, these motorcycle suits have partly perforated leather in front, arms and on thigh areas to improve breathability. <\/span><span style=\"vertical-align: inherit;\">This suit has sliders on the elbows allowing you to reach the maximum in your racing.<\/span><\/span><\/p>\n","protected":false},"featured_media":289271,"template":"","meta":[],"product_brand":[],"product_cat":[1947,1945,3267,1946,1906],"product_tag":[2182,2138,2161],"class_list":{"0":"post-50670","1":"product","2":"type-product","3":"status-publish","4":"has-post-thumbnail","6":"product_cat-combinaison-1-pieces-hommes","7":"product_cat-combinaisons-de-moto","8":"product_cat-courses","9":"product_cat-hommes-combinaisons","10":"product_cat-vetements-de-moto","11":"product_tag-costume-dhomme","12":"product_tag-costume-en-cuir","13":"product_tag-traje-de-carreras-fr","14":"pa_size-46-xs-fr","15":"pa_size-50-m-fr-2","16":"pa_size-52-l-fr","17":"pa_size-54-xl-fr","18":"pa_size-56-2xl-fr-2","19":"pa_size-58-3xl-fr","20":"pa_size-60-4xl-fr","22":"first","23":"outofstock","24":"sale","25":"featured","26":"taxable","27":"shipping-taxable","28":"purchasable","29":"product-type-variable","30":"has-default-attributes"},"_links":{"self":[{"href":"https:\/\/primomoto.es\/fr\/wp-json\/wp\/v2\/product\/50670","targetHints":{"allow":["GET"]}}],"collection":[{"href":"https:\/\/primomoto.es\/fr\/wp-json\/wp\/v2\/product"}],"about":[{"href":"https:\/\/primomoto.es\/fr\/wp-json\/wp\/v2\/types\/product"}],"wp:featuredmedia":[{"embeddable":true,"href":"https:\/\/primomoto.es\/fr\/wp-json\/wp\/v2\/media\/289271"}],"wp:attachment":[{"href":"https:\/\/primomoto.es\/fr\/wp-json\/wp\/v2\/media?parent=50670"}],"wp:term":[{"taxonomy":"product_brand","embeddable":true,"href":"https:\/\/primomoto.es\/fr\/wp-json\/wp\/v2\/product_brand?post=50670"},{"taxonomy":"product_cat","embeddable":true,"href":"https:\/\/primomoto.es\/fr\/wp-json\/wp\/v2\/product_cat?post=50670"},{"taxonomy":"product_tag","embeddable":true,"href":"https:\/\/primomoto.es\/fr\/wp-json\/wp\/v2\/product_tag?post=50670"}],"curies":[{"name":"wp","href":"https:\/\/api.w.org\/{rel}","templated":true}]}}