{"id":50442,"date":"2021-01-06T08:19:28","date_gmt":"2021-01-06T08:19:28","guid":{"rendered":"https:\/\/primomoto.es\/bela-beast-combinaison-2pc-noir-blanc-bleu-rouge\/"},"modified":"2023-12-29T14:08:04","modified_gmt":"2023-12-29T14:08:04","slug":"bela-beast-combinaison-moto-cuir-2-pc-noir-blanc-bleu-rouge","status":"publish","type":"product","link":"https:\/\/primomoto.es\/fr\/bela-beast-combinaison-moto-cuir-2-pc-noir-blanc-bleu-rouge\/","title":{"rendered":"Bela Beast Combinaison Moto deux-pi\u00e8ces Noir\/Blanc\/Bleu\/Rouge"},"content":{"rendered":"<h2>Bela Beast Combinaisons moto en cuir pour homme<\/h2>\n<p><strong>p\u00e9cifications techniques:<\/strong><\/p>\n<ul>\n<li>Combinaison d&rsquo;\u00e9quitation monobloc haute performance fabriqu\u00e9e en cuir pleine fleur pour des niveaux \u00e9lev\u00e9s de r\u00e9sistance \u00e0 l&rsquo;abrasion et de durabilit\u00e9,<\/li>\n<li>La combinaison Bela Beast 1 pi\u00e8ce int\u00e8gre des capacit\u00e9s de protection test\u00e9es sur piste sur les \u00e9paules et les genoux et des panneaux profil\u00e9s Moto-GP perfor\u00e9s pour une a\u00e9rodynamique et un confort am\u00e9lior\u00e9s.<\/li>\n<li>Avec la possibilit\u00e9 de passer \u00e0 une protection du dos, de la poitrine et des hanches certifi\u00e9e CE, cette combinaison une pi\u00e8ce de qualit\u00e9 sup\u00e9rieure est id\u00e9ale pour la conduite de performance.<\/li>\n<li>La construction de couture principale \u00e0 plusieurs coutures offre une r\u00e9sistance maximale \u00e0 la d\u00e9chirure<\/li>\n<li>Panneaux \u00e9tendus et renforc\u00e9s en fibre extensible sur les bras, l&rsquo;entrejambe et les jambes.<\/li>\n<li>Inserts extensibles en cuir accord\u00e9on sur les lombaires, les genoux, les coudes et les \u00e9paules arri\u00e8re<\/li>\n<li>Fermeture \u00e9clair.<\/li>\n<li>Excellente couture partout avec une durabilit\u00e9 maximale.<\/li>\n<\/ul>\n","protected":false},"excerpt":{"rendered":"<p>A high-performance 2 piece riding suit constructed from full-grain leather for high levels of abrasion resistance and durability, the Beast 2 Piece suit incorporates track tested protective capabilities on shoulder and knee areas and a perforated Moto-GP profiled panels for improved aerodynamics and comfort. With the possibility to upgrade to CE certified construction back, chest and hip protection this premium two-piece suit is ideal for performance riding.<\/p>\n","protected":false},"featured_media":19064,"template":"","meta":[],"product_brand":[],"product_cat":[1948,1945,3267,1946,1906],"product_tag":[2138,2161,2184],"class_list":{"0":"post-50442","1":"product","2":"type-product","3":"status-publish","4":"has-post-thumbnail","6":"product_cat-combinaison-2-pieces-hommes","7":"product_cat-combinaisons-de-moto","8":"product_cat-courses","9":"product_cat-hommes-combinaisons","10":"product_cat-vetements-de-moto","11":"product_tag-costume-en-cuir","12":"product_tag-traje-de-carreras-fr","13":"product_tag-traje-de-hombre-2pcs-fr","14":"pa_size-50-m-fr-2","15":"pa_size-52-l-fr","16":"pa_size-54-xl-fr","17":"pa_size-56-2xl-fr-2","18":"pa_size-58-3xl-fr","19":"pa_size-60-4xl-fr","21":"first","22":"instock","23":"sale","24":"taxable","25":"shipping-taxable","26":"purchasable","27":"product-type-variable","28":"has-default-attributes"},"_links":{"self":[{"href":"https:\/\/primomoto.es\/fr\/wp-json\/wp\/v2\/product\/50442","targetHints":{"allow":["GET"]}}],"collection":[{"href":"https:\/\/primomoto.es\/fr\/wp-json\/wp\/v2\/product"}],"about":[{"href":"https:\/\/primomoto.es\/fr\/wp-json\/wp\/v2\/types\/product"}],"wp:featuredmedia":[{"embeddable":true,"href":"https:\/\/primomoto.es\/fr\/wp-json\/wp\/v2\/media\/19064"}],"wp:attachment":[{"href":"https:\/\/primomoto.es\/fr\/wp-json\/wp\/v2\/media?parent=50442"}],"wp:term":[{"taxonomy":"product_brand","embeddable":true,"href":"https:\/\/primomoto.es\/fr\/wp-json\/wp\/v2\/product_brand?post=50442"},{"taxonomy":"product_cat","embeddable":true,"href":"https:\/\/primomoto.es\/fr\/wp-json\/wp\/v2\/product_cat?post=50442"},{"taxonomy":"product_tag","embeddable":true,"href":"https:\/\/primomoto.es\/fr\/wp-json\/wp\/v2\/product_tag?post=50442"}],"curies":[{"name":"wp","href":"https:\/\/api.w.org\/{rel}","templated":true}]}}