{"id":50144,"date":"2021-03-17T02:45:02","date_gmt":"2021-03-17T02:45:02","guid":{"rendered":"https:\/\/primomoto.es\/bela-aragon-combinaison-moto-noir-rouge\/"},"modified":"2025-06-03T08:29:08","modified_gmt":"2025-06-03T08:29:08","slug":"bela-aragon-combinaison-moto-racing-1-pc-noir-rouge","status":"publish","type":"product","link":"https:\/\/primomoto.es\/fr\/bela-aragon-combinaison-moto-racing-1-pc-noir-rouge\/","title":{"rendered":"Bela Aragon Moto Courses Costume 1 PC Noir\/Rouge"},"content":{"rendered":"<p><span style=\"color: #ff0000;\"><strong>Remarque : les commandes sont exp\u00e9di\u00e9es dans un d\u00e9lai de 10 \u00e0 15 jours ouvrables \u00e0 compter de la date d&rsquo;achat !!<\/strong><\/span><\/p>\n<h2>Combinaison en cuir de course de moto Bela Aragon<\/h2>\n<p><strong>La description:<\/strong><\/p>\n<ul>\n<li>Cuir de vachette pleine fleur<\/li>\n<li>Tissu extensible Super Tense au coude, \u00e0 l&rsquo;entrejambe et au dos du genou<\/li>\n<li>Doublure fixe en mesh avec Super Airtech<\/li>\n<li>Protections internes amovibles aux \u00e9paules, coudes, hanches et genoux.<\/li>\n<li>Cuir perfor\u00e9 pour am\u00e9liorer la ventilation<\/li>\n<li>Inserts en cuir stretch \u00e0 l&rsquo;arri\u00e8re du bras, des genoux et au niveau des hanches<\/li>\n<li>N\u00e9opr\u00e8ne sur le col et la ceinture<\/li>\n<li>Renfort en cuir double \u00e9paisseur aux coudes et aux \u00e9paules<\/li>\n<li>Manchette au poignet<\/li>\n<li>Rembourrage du coccyx<\/li>\n<li>Sliders genoux amovibles<\/li>\n<\/ul>\n","protected":false},"excerpt":{"rendered":"<p>Remarque : les commandes sont exp\u00e9di\u00e9es dans un d\u00e9lai de 10 \u00e0 15 jours ouvrables \u00e0 compter de la date<\/p>\n","protected":false},"featured_media":31457,"template":"","meta":[],"product_brand":[],"product_cat":[1947,1945,3267,1946,1906],"product_tag":[2138,2155],"class_list":{"0":"post-50144","1":"product","2":"type-product","3":"status-publish","4":"has-post-thumbnail","6":"product_cat-combinaison-1-pieces-hommes","7":"product_cat-combinaisons-de-moto","8":"product_cat-courses","9":"product_cat-hommes-combinaisons","10":"product_cat-vetements-de-moto","11":"product_tag-costume-en-cuir","12":"product_tag-costume-homme-1pc","13":"pa_size-46-fr","14":"pa_size-48-fr","15":"pa_size-50-fr","16":"pa_size-52-fr","17":"pa_size-54-fr","18":"pa_size-56-fr","19":"pa_size-58-fr","20":"pa_size-60-fr","21":"pa_size-62-fr","23":"first","24":"outofstock","25":"sale","26":"taxable","27":"shipping-taxable","28":"purchasable","29":"product-type-variable","30":"has-default-attributes"},"_links":{"self":[{"href":"https:\/\/primomoto.es\/fr\/wp-json\/wp\/v2\/product\/50144","targetHints":{"allow":["GET"]}}],"collection":[{"href":"https:\/\/primomoto.es\/fr\/wp-json\/wp\/v2\/product"}],"about":[{"href":"https:\/\/primomoto.es\/fr\/wp-json\/wp\/v2\/types\/product"}],"wp:featuredmedia":[{"embeddable":true,"href":"https:\/\/primomoto.es\/fr\/wp-json\/wp\/v2\/media\/31457"}],"wp:attachment":[{"href":"https:\/\/primomoto.es\/fr\/wp-json\/wp\/v2\/media?parent=50144"}],"wp:term":[{"taxonomy":"product_brand","embeddable":true,"href":"https:\/\/primomoto.es\/fr\/wp-json\/wp\/v2\/product_brand?post=50144"},{"taxonomy":"product_cat","embeddable":true,"href":"https:\/\/primomoto.es\/fr\/wp-json\/wp\/v2\/product_cat?post=50144"},{"taxonomy":"product_tag","embeddable":true,"href":"https:\/\/primomoto.es\/fr\/wp-json\/wp\/v2\/product_tag?post=50144"}],"curies":[{"name":"wp","href":"https:\/\/api.w.org\/{rel}","templated":true}]}}