{"id":50042,"date":"2021-07-08T07:21:10","date_gmt":"2021-07-08T07:23:15","guid":{"rendered":"https:\/\/primomoto.es\/bela-ice-winter-wp-lady-gants-moto-noir-gris\/"},"modified":"2023-02-01T07:15:24","modified_gmt":"2023-02-01T07:15:24","slug":"bela-ice-winter-wp-femmes-gants-d-hiver-impermeables-noir-gris","status":"publish","type":"product","link":"https:\/\/primomoto.es\/fr\/bela-ice-winter-wp-femmes-gants-d-hiver-impermeables-noir-gris\/","title":{"rendered":"Bela Ice Winter WP Lady Gants Moto Noir\/Gris"},"content":{"rendered":"<h2><strong>Gants Moto Imperm\u00e9ables &#8211; Bela Ice Winter WP Gloves<\/strong><\/h2>\n<p><strong>La description:<\/strong><\/p>\n<ul>\n<li>Bela ICE winter wp gloves is construct with HI-Quality polyester fabric along with Genuine leather palm inside Thinsulate lining inserted to keep the hand warm in winter. Protective TPR pads on the palm back, knuckles and wrist side to prevent impact.<\/li>\n<li>Water repellent fabric on the surface and Inner with HIPORA waterproof membrane, Waterproof and breathable.<\/li>\n<li>2 hook and loop fastener closures at wrist part, can adjust the tightness freely and give you the best fit.<\/li>\n<li>L&rsquo;\u00e9cran tactile de l&rsquo;index, qui le rend pratique \u00e0 utiliser en contact avec votre t\u00e9l\u00e9phone et toutes sortes de produits \u00e9lectroniques \u00e0 commande tactile.<\/li>\n<li>La surface des gants de moto d&rsquo;hiver est r\u00e9sistante \u00e0 l&rsquo;abrasion et au vent, la doublure confortable garde les mains au sec et au chaud. Concevez un grattoir \u00e0 neige sur l&rsquo;index pour enlever la pluie et la neige du miroir de neige par temps pluvieux et neigeux.<\/li>\n<li>A perfect glove to make your winter rides warm, secure comfy<\/li>\n<\/ul>\n","protected":false},"excerpt":{"rendered":"<p>Gants Moto Imperm\u00e9ables &#8211; Bela Ice Winter WP Gloves La description: Bela ICE winter wp gloves is construct with HI-Quality<\/p>\n","protected":false},"featured_media":50034,"template":"","meta":[],"product_brand":[],"product_cat":[1941,1936,1944,3257,1906],"product_tag":[2151,2152],"class_list":{"0":"post-50042","1":"product","2":"type-product","3":"status-publish","4":"has-post-thumbnail","6":"product_cat-gants-moto-femme","7":"product_cat-gants-de-moto","8":"product_cat-gants-textile-femme","9":"product_cat-tournee","10":"product_cat-vetements-de-moto","11":"product_tag-gant-de-randonnee","12":"product_tag-guante-de-mujer-fr","13":"pa_size-2xl-fr","14":"pa_size-3xl-fr","15":"pa_size-l-fr","16":"pa_size-m-fr","17":"pa_size-s-fr","18":"pa_size-xl-fr","19":"pa_size-xs-fr","21":"first","22":"outofstock","23":"sale","24":"taxable","25":"shipping-taxable","26":"purchasable","27":"product-type-variable","28":"has-default-attributes"},"_links":{"self":[{"href":"https:\/\/primomoto.es\/fr\/wp-json\/wp\/v2\/product\/50042","targetHints":{"allow":["GET"]}}],"collection":[{"href":"https:\/\/primomoto.es\/fr\/wp-json\/wp\/v2\/product"}],"about":[{"href":"https:\/\/primomoto.es\/fr\/wp-json\/wp\/v2\/types\/product"}],"wp:featuredmedia":[{"embeddable":true,"href":"https:\/\/primomoto.es\/fr\/wp-json\/wp\/v2\/media\/50034"}],"wp:attachment":[{"href":"https:\/\/primomoto.es\/fr\/wp-json\/wp\/v2\/media?parent=50042"}],"wp:term":[{"taxonomy":"product_brand","embeddable":true,"href":"https:\/\/primomoto.es\/fr\/wp-json\/wp\/v2\/product_brand?post=50042"},{"taxonomy":"product_cat","embeddable":true,"href":"https:\/\/primomoto.es\/fr\/wp-json\/wp\/v2\/product_cat?post=50042"},{"taxonomy":"product_tag","embeddable":true,"href":"https:\/\/primomoto.es\/fr\/wp-json\/wp\/v2\/product_tag?post=50042"}],"curies":[{"name":"wp","href":"https:\/\/api.w.org\/{rel}","templated":true}]}}