{"id":49768,"date":"2021-01-04T12:01:48","date_gmt":"2021-07-07T11:30:08","guid":{"rendered":"https:\/\/primomoto.es\/bela-atomic-lady-bottes-de-voyage\/"},"modified":"2021-12-14T10:48:24","modified_gmt":"2021-12-14T10:48:24","slug":"bela-atomic-lady-bottes-voyage-moto-femmes","status":"publish","type":"product","link":"https:\/\/primomoto.es\/fr\/bela-atomic-lady-bottes-voyage-moto-femmes\/","title":{"rendered":"Bela Atomic Lady Bottes de voyage"},"content":{"rendered":"<p>&nbsp;<\/p>\n<h2><strong>Botte de randonn\u00e9e noire Bela Atomic Lady<\/strong><\/h2>\n<p><strong>Mat\u00e9riaux:<\/strong><\/p>\n<ul>\n<li>Cuir synth\u00e9tique PU \u00e0 l&rsquo;ext\u00e9rieur<\/li>\n<li>Doublure en polyester doux \u00e0 l&rsquo;int\u00e9rieur<\/li>\n<\/ul>\n<p><strong>Informations techniques:<\/strong><\/p>\n<ul>\n<li>\u00c9quipement en TPU au niveau des orteils.<\/li>\n<li>CE approuv\u00e9.<\/li>\n<li>Protection de la cheville pour la s\u00e9curit\u00e9<\/li>\n<li>Long rack avec poign\u00e9es pour un ajustement facile<\/li>\n<li>Fermeture zipp\u00e9e sur un c\u00f4t\u00e9.<\/li>\n<li>Accord\u00e9on \u00e0 l&rsquo;avant et \u00e0 l&rsquo;arri\u00e8re pour faciliter le mouvement.<\/li>\n<li>Semelle antid\u00e9rapante.<\/li>\n<\/ul>\n","protected":false},"excerpt":{"rendered":"<p><strong>Bela Atomic Lady<\/strong> Les bottes de randonn\u00e9e sont con\u00e7ues pour \u00eatre utilis\u00e9es en toutes saisons. Confortables, fiables et protectrices font de cette botte pour femme l&rsquo;une des meilleures bottes de randonn\u00e9e pour femmes.<\/p>\n","protected":false},"featured_media":16454,"template":"","meta":[],"product_brand":[],"product_cat":[1907,1915,1912,3257,1906],"product_tag":[2033,2112],"class_list":{"0":"post-49768","1":"product","2":"type-product","3":"status-publish","4":"has-post-thumbnail","6":"product_cat-bottes-de-moto","7":"product_cat-bottes-de-tourisme","8":"product_cat-bottes-moto-femme","9":"product_cat-tournee","10":"product_cat-vetements-de-moto","11":"product_tag-bottes-de-cuir","12":"product_tag-bottes-de-randonnee-pour-femmes-fr","13":"pa_size-37-fr","14":"pa_size-38-fr","15":"pa_size-39-fr","16":"pa_size-40-fr","17":"pa_size-41-fr","18":"pa_size-42-fr","20":"first","21":"instock","22":"sale","23":"taxable","24":"shipping-taxable","25":"purchasable","26":"product-type-variable","27":"has-default-attributes"},"_links":{"self":[{"href":"https:\/\/primomoto.es\/fr\/wp-json\/wp\/v2\/product\/49768","targetHints":{"allow":["GET"]}}],"collection":[{"href":"https:\/\/primomoto.es\/fr\/wp-json\/wp\/v2\/product"}],"about":[{"href":"https:\/\/primomoto.es\/fr\/wp-json\/wp\/v2\/types\/product"}],"wp:featuredmedia":[{"embeddable":true,"href":"https:\/\/primomoto.es\/fr\/wp-json\/wp\/v2\/media\/16454"}],"wp:attachment":[{"href":"https:\/\/primomoto.es\/fr\/wp-json\/wp\/v2\/media?parent=49768"}],"wp:term":[{"taxonomy":"product_brand","embeddable":true,"href":"https:\/\/primomoto.es\/fr\/wp-json\/wp\/v2\/product_brand?post=49768"},{"taxonomy":"product_cat","embeddable":true,"href":"https:\/\/primomoto.es\/fr\/wp-json\/wp\/v2\/product_cat?post=49768"},{"taxonomy":"product_tag","embeddable":true,"href":"https:\/\/primomoto.es\/fr\/wp-json\/wp\/v2\/product_tag?post=49768"}],"curies":[{"name":"wp","href":"https:\/\/api.w.org\/{rel}","templated":true}]}}