{"id":49679,"date":"2021-01-04T12:07:18","date_gmt":"2021-07-07T10:36:51","guid":{"rendered":"https:\/\/primomoto.es\/bateau-bela-atlas\/"},"modified":"2022-03-18T14:10:19","modified_gmt":"2022-03-18T14:10:19","slug":"bela-atlas-bottes-en-cuir-homme-noir-gomme","status":"publish","type":"product","link":"https:\/\/primomoto.es\/fr\/bela-atlas-bottes-en-cuir-homme-noir-gomme\/","title":{"rendered":"Bela Atlas Hommes Cuir Bottes Noir\/Gomme"},"content":{"rendered":"<h2>\n            <span style=\"vertical-align: inherit;\"><br \/>\n              <span style=\"vertical-align: inherit;\">Beau bateau de l&rsquo;Atlas<\/span><br \/>\n            <\/span><br \/>\n          <\/h2>\n<ul>\n<li><span style=\"vertical-align: inherit;\"><span style=\"vertical-align: inherit;\">Tige en microfibre italienne<\/span><\/span><\/li>\n<li><span style=\"vertical-align: inherit;\"><span style=\"vertical-align: inherit;\">Doublure imperm\u00e9able et respirante \u00e0 3 voies<\/span><\/span><\/li>\n<li><span style=\"vertical-align: inherit;\"><span style=\"vertical-align: inherit;\">Doublure en polyester avec mousse \u00e0 cellules ouvertes pour plus de confort<\/span><\/span><\/li>\n<li><span style=\"vertical-align: inherit;\"><span style=\"vertical-align: inherit;\">Embout et talon en thermoplastique Techno GI\u00ae<\/span><\/span><\/li>\n<li><span style=\"vertical-align: inherit;\"><span style=\"vertical-align: inherit;\">Semelle intercalaire en nylon moul\u00e9 anti-torsion<\/span><\/span><\/li>\n<li><span style=\"vertical-align: inherit;\"><span style=\"vertical-align: inherit;\">Semelle antid\u00e9rapante haute densit\u00e9 vulcanis\u00e9e<\/span><\/span><\/li>\n<\/ul>\n","protected":false},"excerpt":{"rendered":"<p>Beau bateau de l&rsquo;Atlas Tige en microfibre italienne Doublure imperm\u00e9able et respirante \u00e0 3 voies Doublure en polyester avec mousse<\/p>\n","protected":false},"featured_media":101883,"template":"","meta":[],"product_brand":[],"product_cat":[1907,1909,1908,3262,1906],"product_tag":[2068,2041],"class_list":{"0":"post-49679","1":"product","2":"type-product","3":"status-publish","4":"has-post-thumbnail","6":"product_cat-bottes-de-moto","7":"product_cat-bottes-urbaines-hommes","8":"product_cat-bottes-moto-hommes","9":"product_cat-rue","10":"product_cat-vetements-de-moto","11":"product_tag-bottes-de-ville-pour-hommes","12":"product_tag-bottes-en-microfibre","13":"pa_size-39-fr","14":"pa_size-40-fr","15":"pa_size-41-fr","16":"pa_size-42-fr","17":"pa_size-43-fr","18":"pa_size-44-fr","19":"pa_size-45-fr","20":"pa_size-46-fr","22":"first","23":"outofstock","24":"sale","25":"taxable","26":"shipping-taxable","27":"purchasable","28":"product-type-variable","29":"has-default-attributes"},"_links":{"self":[{"href":"https:\/\/primomoto.es\/fr\/wp-json\/wp\/v2\/product\/49679","targetHints":{"allow":["GET"]}}],"collection":[{"href":"https:\/\/primomoto.es\/fr\/wp-json\/wp\/v2\/product"}],"about":[{"href":"https:\/\/primomoto.es\/fr\/wp-json\/wp\/v2\/types\/product"}],"wp:featuredmedia":[{"embeddable":true,"href":"https:\/\/primomoto.es\/fr\/wp-json\/wp\/v2\/media\/101883"}],"wp:attachment":[{"href":"https:\/\/primomoto.es\/fr\/wp-json\/wp\/v2\/media?parent=49679"}],"wp:term":[{"taxonomy":"product_brand","embeddable":true,"href":"https:\/\/primomoto.es\/fr\/wp-json\/wp\/v2\/product_brand?post=49679"},{"taxonomy":"product_cat","embeddable":true,"href":"https:\/\/primomoto.es\/fr\/wp-json\/wp\/v2\/product_cat?post=49679"},{"taxonomy":"product_tag","embeddable":true,"href":"https:\/\/primomoto.es\/fr\/wp-json\/wp\/v2\/product_tag?post=49679"}],"curies":[{"name":"wp","href":"https:\/\/api.w.org\/{rel}","templated":true}]}}