{"id":49671,"date":"2021-01-04T12:08:37","date_gmt":"2021-07-07T10:35:13","guid":{"rendered":"https:\/\/primomoto.es\/shua-discovery-adventure-bottes-moto-wp\/"},"modified":"2022-05-12T11:37:49","modified_gmt":"2022-05-12T11:37:49","slug":"shua-discovery-adventure-bottes-de-moto-etanches-noir","status":"publish","type":"product","link":"https:\/\/primomoto.es\/fr\/shua-discovery-adventure-bottes-de-moto-etanches-noir\/","title":{"rendered":"Shua Discovery Adventure \u00c9tanche Moto Des Bottes Noir"},"content":{"rendered":"<h2>Botte de moto SHUA Discovery Adventure Long WP<\/h2>\n<p>Les bottes longues SHUA Discovery Adventure offrent une protection et une imperm\u00e9abilit\u00e9 pour les randonn\u00e9es d&rsquo;aventure \u00e0 un prix imbattable. L&#8217;empeigne sur toute la hauteur offre des tonnes de chevauchement de pantalon pour la protection contre les intemp\u00e9ries et la surface int\u00e9rieure lisse et ininterrompue am\u00e9liore la maniabilit\u00e9 du v\u00e9lo pendant la conduite technique. Une protection renforc\u00e9e de la cheville associ\u00e9e \u00e0 un cou-de-pied et un dos rembourr\u00e9s flexibles vous prot\u00e8gent si les situations l&rsquo;exigent. Une bande de roulement robuste aide \u00e0 amortir les vibrations \u00e0 travers les piquets et permet une assise s\u00fbre du v\u00e9lo.<\/p>\n<p><b>Caract\u00e9ristiques:<\/b><\/p>\n<ul>\n<li>Tige en cuir su\u00e9d\u00e9 et microfibre<\/li>\n<li>Construction \u00e9tanche<\/li>\n<li>Cou-de-pied rembourr\u00e9 flexible \u00e0 l&rsquo;arri\u00e8re<\/li>\n<li>Protecteur de cheville renforc\u00e9<\/li>\n<li>Sangle temp\u00eate auto-agrippante<\/li>\n<li>Boucles renforc\u00e9es r\u00e9glables<\/li>\n<li>Compteur\/tige renforc\u00e9<\/li>\n<li>Conception de bande de roulement robuste<\/li>\n<li>Semelle amovible<\/li>\n<li>Semelle en caoutchouc antid\u00e9rapante<\/li>\n<\/ul>\n","protected":false},"excerpt":{"rendered":"<p>Les bottes d&rsquo;aventure SHUA Discovery offrent une protection et une imperm\u00e9abilit\u00e9 pour les randonn\u00e9es d&rsquo;aventure \u00e0 un prix imbattable. L&#8217;empeigne sur toute la hauteur offre des tonnes de chevauchement de pantalon pour la protection contre les intemp\u00e9ries et la surface int\u00e9rieure lisse et ininterrompue am\u00e9liore la maniabilit\u00e9 du v\u00e9lo pendant la conduite technique.<\/p>\n","protected":false},"featured_media":17191,"template":"","meta":[],"product_brand":[],"product_cat":[1907,1911,1908,3262,3257,1906],"product_tag":[2033,2054,2068,2041],"class_list":{"0":"post-49671","1":"product","2":"type-product","3":"status-publish","4":"has-post-thumbnail","6":"product_cat-bottes-de-moto","7":"product_cat-bottes-de-tourisme-hommes","8":"product_cat-bottes-moto-hommes","9":"product_cat-rue","10":"product_cat-tournee","11":"product_cat-vetements-de-moto","12":"product_tag-bottes-de-cuir","13":"product_tag-bottes-de-randonnee-pour-hommes-fr","14":"product_tag-bottes-de-ville-pour-hommes","15":"product_tag-bottes-en-microfibre","16":"pa_size-38-fr","17":"pa_size-39-fr","18":"pa_size-40-fr","19":"pa_size-41-fr","20":"pa_size-42-fr","21":"pa_size-43-fr","22":"pa_size-44-fr","23":"pa_size-45-fr","24":"pa_size-46-fr","25":"pa_size-47-fr","26":"pa_size-48-fr","28":"first","29":"outofstock","30":"sale","31":"taxable","32":"shipping-taxable","33":"purchasable","34":"product-type-variable","35":"has-default-attributes"},"_links":{"self":[{"href":"https:\/\/primomoto.es\/fr\/wp-json\/wp\/v2\/product\/49671","targetHints":{"allow":["GET"]}}],"collection":[{"href":"https:\/\/primomoto.es\/fr\/wp-json\/wp\/v2\/product"}],"about":[{"href":"https:\/\/primomoto.es\/fr\/wp-json\/wp\/v2\/types\/product"}],"wp:featuredmedia":[{"embeddable":true,"href":"https:\/\/primomoto.es\/fr\/wp-json\/wp\/v2\/media\/17191"}],"wp:attachment":[{"href":"https:\/\/primomoto.es\/fr\/wp-json\/wp\/v2\/media?parent=49671"}],"wp:term":[{"taxonomy":"product_brand","embeddable":true,"href":"https:\/\/primomoto.es\/fr\/wp-json\/wp\/v2\/product_brand?post=49671"},{"taxonomy":"product_cat","embeddable":true,"href":"https:\/\/primomoto.es\/fr\/wp-json\/wp\/v2\/product_cat?post=49671"},{"taxonomy":"product_tag","embeddable":true,"href":"https:\/\/primomoto.es\/fr\/wp-json\/wp\/v2\/product_tag?post=49671"}],"curies":[{"name":"wp","href":"https:\/\/api.w.org\/{rel}","templated":true}]}}