{"id":48477,"date":"2021-01-04T12:14:10","date_gmt":"2021-06-30T09:08:17","guid":{"rendered":"https:\/\/primomoto.es\/bela-speedo-2-0-bottes-de-moto-de-course-noir-rouge\/"},"modified":"2022-08-06T11:27:54","modified_gmt":"2022-08-06T11:27:54","slug":"bela-speedo-20-bottes-en-cuir-moto-course-noir-rouge","status":"publish","type":"product","link":"https:\/\/primomoto.es\/fr\/bela-speedo-20-bottes-en-cuir-moto-course-noir-rouge\/","title":{"rendered":"Bela Speedo 2.0 Bottes de moto de course Noir \/ rouge"},"content":{"rendered":"<h2><b><strong>Bela Speedo 2.0\u00a0<\/strong><\/b><b><strong>Bottes de moto de course<\/strong><\/b><\/h2>\n<ul style=\"font-weight: 400;\">\n<li>Ext\u00e9rieur en cuir contrecoll\u00e9 PU<\/li>\n<li>Doublage int\u00e9rieur en Polyester doux<\/li>\n<li>Panneau d&rsquo;engrenage TPU<\/li>\n<li>R\u00e9flecteurs pour visibilit\u00e9 de nuit<\/li>\n<li>Approuv\u00e9 CE<\/li>\n<li>Protection TPU au tibia<\/li>\n<li>Longue fermeture \u00e9clair avec tirettes pour un usage facile<\/li>\n<li>Fermeture \u00e0 rabat Velcro<\/li>\n<li>Semelle ext\u00e9rieure 100% caoutchouc<\/li>\n<li>Contrefort arri\u00e8re TPU au niveau du talon<\/li>\n<li>Semelle en caoutchouc<\/li>\n<\/ul>\n","protected":false},"excerpt":{"rendered":"<p>Les Bela Speedo 2.0 sont des bottes de moto homologu\u00e9es CE. Dot\u00e9es de protections superpos\u00e9es aux tibias en TPU, ces bottes sont un article de confiance pour une utilisation sur circuit et sur route.<\/p>\n<div id=\"gtx-trans\" style=\"position: absolute; left: 419px; top: 65px;\">\n<div class=\"gtx-trans-icon\"><\/div>\n<\/div>\n","protected":false},"featured_media":120303,"template":"","meta":[],"product_brand":[],"product_cat":[1907,1910,3267,1908,1906],"product_tag":[2052,2033],"class_list":{"0":"post-48477","1":"product","2":"type-product","3":"status-publish","4":"has-post-thumbnail","6":"product_cat-bottes-de-moto","7":"product_cat-bottes-de-course-hommes","8":"product_cat-courses","9":"product_cat-bottes-moto-hommes","10":"product_cat-vetements-de-moto","11":"product_tag-bottes-de-course-pour-hommes-fr","12":"product_tag-bottes-de-cuir","13":"pa_size-42-fr","14":"pa_size-43-fr","15":"pa_size-44-fr","16":"pa_size-45-fr","17":"pa_size-46-fr","19":"first","20":"outofstock","21":"sale","22":"taxable","23":"shipping-taxable","24":"purchasable","25":"product-type-variable","26":"has-default-attributes"},"_links":{"self":[{"href":"https:\/\/primomoto.es\/fr\/wp-json\/wp\/v2\/product\/48477","targetHints":{"allow":["GET"]}}],"collection":[{"href":"https:\/\/primomoto.es\/fr\/wp-json\/wp\/v2\/product"}],"about":[{"href":"https:\/\/primomoto.es\/fr\/wp-json\/wp\/v2\/types\/product"}],"wp:featuredmedia":[{"embeddable":true,"href":"https:\/\/primomoto.es\/fr\/wp-json\/wp\/v2\/media\/120303"}],"wp:attachment":[{"href":"https:\/\/primomoto.es\/fr\/wp-json\/wp\/v2\/media?parent=48477"}],"wp:term":[{"taxonomy":"product_brand","embeddable":true,"href":"https:\/\/primomoto.es\/fr\/wp-json\/wp\/v2\/product_brand?post=48477"},{"taxonomy":"product_cat","embeddable":true,"href":"https:\/\/primomoto.es\/fr\/wp-json\/wp\/v2\/product_cat?post=48477"},{"taxonomy":"product_tag","embeddable":true,"href":"https:\/\/primomoto.es\/fr\/wp-json\/wp\/v2\/product_tag?post=48477"}],"curies":[{"name":"wp","href":"https:\/\/api.w.org\/{rel}","templated":true}]}}