{"id":48387,"date":"2021-01-14T07:52:35","date_gmt":"2021-06-30T07:18:43","guid":{"rendered":"https:\/\/primomoto.es\/bottes-bela-ghost-rider-noir\/"},"modified":"2022-05-18T10:17:35","modified_gmt":"2022-05-18T10:17:35","slug":"bela-ghost-rider-bottes-noir","status":"publish","type":"product","link":"https:\/\/primomoto.es\/fr\/bela-ghost-rider-bottes-noir\/","title":{"rendered":"Bottes Bela Ghost Bottes Noir"},"content":{"rendered":"<section class=\"product-description-section block-section\" style=\"box-sizing: border-box; margin-bottom: 3rem; clear: both; color: #484848; font-family: Raleway, sans-serif; font-size: 13px; background-color: #fafafa;\">\n<div class=\"section-content\" style=\"box-sizing: border-box;\">\n<div class=\"product-description \" style=\"box-sizing: border-box;\">\n<div class=\"rte-content\" style=\"box-sizing: border-box;\">\n<h2>\n                    <strong>Bela Ghost Rider Boots &#8211; Baskets pour Homme<\/strong><br \/>\n                  <\/h2>\n<p>                  <strong>Sp\u00e9cifications techniques:<\/strong><\/p>\n<ul>\n<li>Tige : Cuir su\u00e9d\u00e9 aspect vintage<\/li>\n<li>Doublure en polyester avec mousse \u00e0 cellules ouvertes pour plus de confort<\/li>\n<li>Embout et talon en thermoplastique Techno GI\u00ae<\/li>\n<li>Semelle rempla\u00e7able<\/li>\n<li>Semelle antid\u00e9rapante haute densit\u00e9 vulcanis\u00e9e<\/li>\n<\/ul><\/div><\/div><\/div>\n<\/section>\n<section id=\"product-details-wrapper\" class=\"product-details-section block-section\" style=\"box-sizing: border-box; margin-bottom: 3rem; clear: both; color: #484848; font-family: Raleway, sans-serif; font-size: 13px; background-color: #fafafa;\"><\/section>\n","protected":false},"excerpt":{"rendered":"<p>Marchez avec ces bottes au look vintage et sentez-vous plus \u00e0 l&rsquo;aise que les autres.<\/p>\n","protected":false},"featured_media":21822,"template":"","meta":[],"product_brand":[],"product_cat":[1907,1911,1909,1908,3262,3257,1906],"product_tag":[2038,2044,2037],"class_list":{"0":"post-48387","1":"product","2":"type-product","3":"status-publish","4":"has-post-thumbnail","6":"product_cat-bottes-de-moto","7":"product_cat-bottes-de-tourisme-hommes","8":"product_cat-bottes-urbaines-hommes","9":"product_cat-bottes-moto-hommes","10":"product_cat-rue","11":"product_cat-tournee","12":"product_cat-vetements-de-moto","13":"product_tag-botas-de-tournee","14":"product_tag-bottes-de-course","15":"product_tag-bottes-pour-hommes","16":"pa_size-39-fr","17":"pa_size-40-fr","18":"pa_size-41-fr","19":"pa_size-42-fr","20":"pa_size-43-fr","21":"pa_size-44-fr","23":"first","24":"instock","25":"sale","26":"taxable","27":"shipping-taxable","28":"purchasable","29":"product-type-variable","30":"has-default-attributes"},"_links":{"self":[{"href":"https:\/\/primomoto.es\/fr\/wp-json\/wp\/v2\/product\/48387","targetHints":{"allow":["GET"]}}],"collection":[{"href":"https:\/\/primomoto.es\/fr\/wp-json\/wp\/v2\/product"}],"about":[{"href":"https:\/\/primomoto.es\/fr\/wp-json\/wp\/v2\/types\/product"}],"wp:featuredmedia":[{"embeddable":true,"href":"https:\/\/primomoto.es\/fr\/wp-json\/wp\/v2\/media\/21822"}],"wp:attachment":[{"href":"https:\/\/primomoto.es\/fr\/wp-json\/wp\/v2\/media?parent=48387"}],"wp:term":[{"taxonomy":"product_brand","embeddable":true,"href":"https:\/\/primomoto.es\/fr\/wp-json\/wp\/v2\/product_brand?post=48387"},{"taxonomy":"product_cat","embeddable":true,"href":"https:\/\/primomoto.es\/fr\/wp-json\/wp\/v2\/product_cat?post=48387"},{"taxonomy":"product_tag","embeddable":true,"href":"https:\/\/primomoto.es\/fr\/wp-json\/wp\/v2\/product_tag?post=48387"}],"curies":[{"name":"wp","href":"https:\/\/api.w.org\/{rel}","templated":true}]}}