{"id":48336,"date":"2021-01-14T08:39:05","date_gmt":"2021-06-30T06:37:37","guid":{"rendered":"https:\/\/primomoto.es\/botte-bela-fresco\/"},"modified":"2022-05-18T09:49:29","modified_gmt":"2022-05-18T09:49:29","slug":"bela-fresco-boots-noir","status":"publish","type":"product","link":"https:\/\/primomoto.es\/fr\/bela-fresco-boots-noir\/","title":{"rendered":"Bela Fresco Bottes Noir"},"content":{"rendered":"<h2>Buty Bela Air Frais<\/h2>\n<ul>\n<li>Peau de chamois vintage avec empi\u00e8cements en cuir a\u00e9r\u00e9.<\/li>\n<li>Doublure en polyester respirant.<\/li>\n<li>Semelle int\u00e9rieure anatomiquement rempla\u00e7able<\/li>\n<li>Semelle en caoutchouc solide \u00e0 l&rsquo;ancienne<\/li>\n<li>Embout et talon en thermoplastique Techno GI\u00ae<\/li>\n<li>La\u00e7age classique<\/li>\n<\/ul>\n","protected":false},"excerpt":{"rendered":"<p>Buty Bela Air Frais Peau de chamois vintage avec empi\u00e8cements en cuir a\u00e9r\u00e9. Doublure en polyester respirant. Semelle int\u00e9rieure anatomiquement<\/p>\n","protected":false},"featured_media":22066,"template":"","meta":[],"product_brand":[],"product_cat":[1907,1909,1908,3262,1906],"product_tag":[2038,2060],"class_list":{"0":"post-48336","1":"product","2":"type-product","3":"status-publish","4":"has-post-thumbnail","6":"product_cat-bottes-de-moto","7":"product_cat-bottes-urbaines-hommes","8":"product_cat-bottes-moto-hommes","9":"product_cat-rue","10":"product_cat-vetements-de-moto","11":"product_tag-botas-de-tournee","12":"product_tag-bottes-pour-hommes-fr","13":"pa_size-39-fr","14":"pa_size-40-fr","15":"pa_size-41-fr","16":"pa_size-42-fr","17":"pa_size-43-fr","18":"pa_size-44-fr","20":"first","21":"instock","22":"sale","23":"taxable","24":"shipping-taxable","25":"purchasable","26":"product-type-variable","27":"has-default-attributes"},"_links":{"self":[{"href":"https:\/\/primomoto.es\/fr\/wp-json\/wp\/v2\/product\/48336","targetHints":{"allow":["GET"]}}],"collection":[{"href":"https:\/\/primomoto.es\/fr\/wp-json\/wp\/v2\/product"}],"about":[{"href":"https:\/\/primomoto.es\/fr\/wp-json\/wp\/v2\/types\/product"}],"wp:featuredmedia":[{"embeddable":true,"href":"https:\/\/primomoto.es\/fr\/wp-json\/wp\/v2\/media\/22066"}],"wp:attachment":[{"href":"https:\/\/primomoto.es\/fr\/wp-json\/wp\/v2\/media?parent=48336"}],"wp:term":[{"taxonomy":"product_brand","embeddable":true,"href":"https:\/\/primomoto.es\/fr\/wp-json\/wp\/v2\/product_brand?post=48336"},{"taxonomy":"product_cat","embeddable":true,"href":"https:\/\/primomoto.es\/fr\/wp-json\/wp\/v2\/product_cat?post=48336"},{"taxonomy":"product_tag","embeddable":true,"href":"https:\/\/primomoto.es\/fr\/wp-json\/wp\/v2\/product_tag?post=48336"}],"curies":[{"name":"wp","href":"https:\/\/api.w.org\/{rel}","templated":true}]}}