{"id":48232,"date":"2021-03-15T11:56:05","date_gmt":"2021-06-28T10:24:27","guid":{"rendered":"https:\/\/primomoto.es\/r-tech-tornado-2-0-bottes-de-course-noir\/"},"modified":"2022-05-12T09:57:40","modified_gmt":"2022-05-12T09:57:40","slug":"r-tech-tornado-2-0-bottes-de-course-noir","status":"publish","type":"product","link":"https:\/\/primomoto.es\/fr\/r-tech-tornado-2-0-bottes-de-course-noir\/","title":{"rendered":"R-Tech Tornado 2.0 Courses Des Bottes Noir"},"content":{"rendered":"<h2>Bottes de moto de course en cuir pour hommes &#8211; R-Tech Tornado 2.0<\/h2>\n<p>Les bottes de moto R-TECH TORNADO 2.0 font partie de la derni\u00e8re collection R-TECH qui regorge des caract\u00e9ristiques ci-dessous&#8230;<\/p>\n<p><strong>Les sp\u00e9cifications comprennent :<\/strong><\/p>\n<ul>\n<li>Conception de botte agressive de style course<\/li>\n<li>Tige en microfibre italienne<\/li>\n<li>Prot\u00e8ge-tibia et support de mollet en TPU moul\u00e9<\/li>\n<li>Coque de talon moul\u00e9e Coussin de changement de vitesse renforc\u00e9<\/li>\n<li>Fermeture \u00e9clair YKK et velcro<\/li>\n<li>Slider d&rsquo;orteil rempla\u00e7able<\/li>\n<li>Doublure en polyester avec mousse \u00e0 cellules ouvertes pour plus de confort<\/li>\n<li>Double couture dans les zones \u00e0 forte contrainte<\/li>\n<li>Embout et talon Techno GI\u00ae\ufe0fThermoplastique<\/li>\n<li>Semelle rempla\u00e7able<\/li>\n<li>Semelle antid\u00e9rapante haute densit\u00e9 vulcanis\u00e9e<\/li>\n<\/ul>\n","protected":false},"excerpt":{"rendered":"<p>Bottes de moto de course en cuir pour hommes &#8211; R-Tech Tornado 2.0 Les bottes de moto R-TECH TORNADO 2.0<\/p>\n","protected":false},"featured_media":30991,"template":"","meta":[],"product_brand":[],"product_cat":[1907,1910,3267,1908,1906],"product_tag":[2052,2033],"class_list":{"0":"post-48232","1":"product","2":"type-product","3":"status-publish","4":"has-post-thumbnail","6":"product_cat-bottes-de-moto","7":"product_cat-bottes-de-course-hommes","8":"product_cat-courses","9":"product_cat-bottes-moto-hommes","10":"product_cat-vetements-de-moto","11":"product_tag-bottes-de-course-pour-hommes-fr","12":"product_tag-bottes-de-cuir","13":"pa_size-39-fr","14":"pa_size-40-fr","15":"pa_size-41-fr","16":"pa_size-42-fr","17":"pa_size-43-fr","18":"pa_size-44-fr","19":"pa_size-45-fr","20":"pa_size-46-fr","21":"pa_size-47-fr","22":"pa_size-48-fr","24":"first","25":"instock","26":"sale","27":"taxable","28":"shipping-taxable","29":"purchasable","30":"product-type-variable","31":"has-default-attributes"},"_links":{"self":[{"href":"https:\/\/primomoto.es\/fr\/wp-json\/wp\/v2\/product\/48232","targetHints":{"allow":["GET"]}}],"collection":[{"href":"https:\/\/primomoto.es\/fr\/wp-json\/wp\/v2\/product"}],"about":[{"href":"https:\/\/primomoto.es\/fr\/wp-json\/wp\/v2\/types\/product"}],"wp:featuredmedia":[{"embeddable":true,"href":"https:\/\/primomoto.es\/fr\/wp-json\/wp\/v2\/media\/30991"}],"wp:attachment":[{"href":"https:\/\/primomoto.es\/fr\/wp-json\/wp\/v2\/media?parent=48232"}],"wp:term":[{"taxonomy":"product_brand","embeddable":true,"href":"https:\/\/primomoto.es\/fr\/wp-json\/wp\/v2\/product_brand?post=48232"},{"taxonomy":"product_cat","embeddable":true,"href":"https:\/\/primomoto.es\/fr\/wp-json\/wp\/v2\/product_cat?post=48232"},{"taxonomy":"product_tag","embeddable":true,"href":"https:\/\/primomoto.es\/fr\/wp-json\/wp\/v2\/product_tag?post=48232"}],"curies":[{"name":"wp","href":"https:\/\/api.w.org\/{rel}","templated":true}]}}