{"id":47001,"date":"2021-05-06T20:04:12","date_gmt":"2021-06-17T10:34:23","guid":{"rendered":"https:\/\/primomoto.es\/r-tech-timmy-lady-jeans-de-moto-pour-dames-noire\/"},"modified":"2022-08-11T07:12:55","modified_gmt":"2022-08-11T07:12:55","slug":"r-tech-timmy-lady-moto-jeans-pantalon-noir","status":"publish","type":"product","link":"https:\/\/primomoto.es\/fr\/r-tech-timmy-lady-moto-jeans-pantalon-noir\/","title":{"rendered":"R-Tech Timmy Dame Moto Jeans Haleter Noir"},"content":{"rendered":"<h2><strong>Jeans moto pour dames &#8211; R-Tech Timmy Lady Jeans<\/strong><\/h2>\n<p><strong>INFORMATION PRODUIT:<\/strong><\/p>\n<p>Le jean moto enduit de cire pour femme \u00ab Timmy \u00bb fait partie de la derni\u00e8re collection de la marque R-Tech Jeans. Le style de jeans Timmy Ladies est fait du meilleur tissu de coton et d&rsquo;\u00e9lasthanne. De plus, les renforts suppl\u00e9mentaires en tissu DuPont Aramid sont strat\u00e9giquement plac\u00e9s pour une excellente r\u00e9sistance \u00e0 l&rsquo;abrasion sans compromettre le confort et l&rsquo;\u00e9lasticit\u00e9. Les prot\u00e8ge-genoux et cuisses homologu\u00e9s CE \u00ab\u00a0EN 1621-1:2012\u00a0\u00bb sont difficiles \u00e0 rep\u00e9rer lors de la conduite \/ marche, mais offrent la meilleure protection en cas d&rsquo;accident malheureux pendant la conduite&#8230;<\/p>\n<p><strong>Tissu ext\u00e9rieur :<\/strong><\/p>\n<ul>\n<li>Denim extensible enduit de cire 10,0 oz<\/li>\n<li>Fabriqu\u00e9 en 98 % coton et 2 % \u00e9lasthanne.<\/li>\n<li>Couleur noire<\/li>\n<\/ul>\n<p><strong>Protections :<\/strong><\/p>\n<ul>\n<li>Protections amovibles aux genoux et aux cuisses avec certification CE EN 1621-1:2012.<\/li>\n<li>Les prot\u00e8ge-genoux sont r\u00e9glables gr\u00e2ce \u00e0 un velcro suppl\u00e9mentaire attach\u00e9 en haut et en bas.<\/li>\n<li>La protection peut \u00eatre retir\u00e9e facilement en ouvrant simplement les fermetures \u00e9clair lat\u00e9rales des genoux.<\/li>\n<\/ul>\n<p><strong>Confort:<\/strong><\/p>\n<ul>\n<li>Doublure int\u00e9rieure en tissu DuPont Aramid, qui est plac\u00e9e \u00e0 dessein pour offrir une excellente r\u00e9sistance \u00e0 l&rsquo;abrasion et \u00e0 la r\u00e9sistance.<\/li>\n<li>Doublure int\u00e9rieure en mesh 100% polyester pour une respirabilit\u00e9 et un confort accrus.<\/li>\n<li>Meilleur ajustement en coupe r\u00e9guli\u00e8re.<\/li>\n<li>Fermetures \u00e9clair YKK\u00ae (zone braguette et genoux)<\/li>\n<li>Avec sac de protection suppl\u00e9mentaire.<\/li>\n<\/ul>\n","protected":false},"excerpt":{"rendered":"<p>Jeans moto pour dames &#8211; R-Tech Timmy Lady Jeans INFORMATION PRODUIT: Le jean moto enduit de cire pour femme \u00ab<\/p>\n","protected":false},"featured_media":41241,"template":"","meta":[],"product_brand":[],"product_cat":[1975,1974,1976,1958,1954,1960,3257,1906],"product_tag":[1977,1978],"class_list":{"0":"post-47001","1":"product","2":"type-product","3":"status-publish","4":"has-post-thumbnail","6":"product_cat-femme","7":"product_cat-jean-moto","8":"product_cat-jeans-fr","9":"product_cat-pantalon-moto-femme","10":"product_cat-pantalon-de-moto","11":"product_cat-pantalon-textile-femme","12":"product_cat-tournee","13":"product_cat-vetements-de-moto","14":"product_tag-denim-de-course","15":"product_tag-jean-femme","16":"pa_size-2xl-38-fr","17":"pa_size-3xl-40-fr","18":"pa_size-4xl-42-fr","19":"pa_size-l-34-fr","20":"pa_size-m-32-fr","21":"pa_size-s-30-fr","22":"pa_size-xl-36-fr","24":"first","25":"outofstock","26":"sale","27":"taxable","28":"shipping-taxable","29":"purchasable","30":"product-type-variable","31":"has-default-attributes"},"_links":{"self":[{"href":"https:\/\/primomoto.es\/fr\/wp-json\/wp\/v2\/product\/47001","targetHints":{"allow":["GET"]}}],"collection":[{"href":"https:\/\/primomoto.es\/fr\/wp-json\/wp\/v2\/product"}],"about":[{"href":"https:\/\/primomoto.es\/fr\/wp-json\/wp\/v2\/types\/product"}],"wp:featuredmedia":[{"embeddable":true,"href":"https:\/\/primomoto.es\/fr\/wp-json\/wp\/v2\/media\/41241"}],"wp:attachment":[{"href":"https:\/\/primomoto.es\/fr\/wp-json\/wp\/v2\/media?parent=47001"}],"wp:term":[{"taxonomy":"product_brand","embeddable":true,"href":"https:\/\/primomoto.es\/fr\/wp-json\/wp\/v2\/product_brand?post=47001"},{"taxonomy":"product_cat","embeddable":true,"href":"https:\/\/primomoto.es\/fr\/wp-json\/wp\/v2\/product_cat?post=47001"},{"taxonomy":"product_tag","embeddable":true,"href":"https:\/\/primomoto.es\/fr\/wp-json\/wp\/v2\/product_tag?post=47001"}],"curies":[{"name":"wp","href":"https:\/\/api.w.org\/{rel}","templated":true}]}}