{"id":301150,"date":"2026-03-09T20:36:12","date_gmt":"2026-03-09T20:36:12","guid":{"rendered":"https:\/\/primomoto.es\/foura-alpha-1-pc-enfants-moto-cuir-combinaison-noir-jaune-fluo\/"},"modified":"2026-03-09T21:24:30","modified_gmt":"2026-03-09T21:24:30","slug":"foura-alpha-1-pc-enfants-moto-cuir-combinaison-noir-jaune-fluo","status":"publish","type":"product","link":"https:\/\/primomoto.es\/fr\/foura-alpha-1-pc-enfants-moto-cuir-combinaison-noir-jaune-fluo\/","title":{"rendered":"Foura Alpha 1 PC Enfants Moto Cuir Combinaison Noir\/Jaune fluo"},"content":{"rendered":"<h2><span dir=\"auto\"><span dir=\"auto\" style=\"vertical-align: inherit;\"><span dir=\"auto\" style=\"vertical-align: inherit;\">Foura Alpha Enfants 1 PC Cuir Moto Combinaison<\/span><\/span><\/span><\/h2>\n<p><span dir=\"auto\"><span dir=\"auto\" style=\"vertical-align: inherit;\"><span dir=\"auto\" style=\"vertical-align: inherit;\">Combinaison moto monobloc haute performance, fabriqu\u00e9e en cuir pleine fleur pour une r\u00e9sistance \u00e0 l&rsquo;abrasion et une durabilit\u00e9 optimales, la combinaison Alpha Racing int\u00e8gre des protections \u00e9prouv\u00e9es sur circuit aux \u00e9paules et aux genoux, ainsi que des panneaux perfor\u00e9s profil\u00e9s Moto-GP pour un a\u00e9rodynamisme et un confort accrus. Avec la possibilit\u00e9 d&rsquo;opter pour des protections certifi\u00e9es CE au niveau du dos et des hanches, cette combinaison monobloc haut de gamme est id\u00e9ale pour la conduite sportive. <\/span><\/span><\/span><\/p>\n<p><strong><span dir=\"auto\"><span dir=\"auto\" style=\"vertical-align: inherit;\"><span dir=\"auto\" style=\"vertical-align: inherit;\">Mat\u00e9riaux:<\/span><\/span><\/span><\/strong><\/p>\n<ul>\n<li><span dir=\"auto\"><span dir=\"auto\" style=\"vertical-align: inherit;\"><span dir=\"auto\" style=\"vertical-align: inherit;\">Fabriqu\u00e9 en 100% cuir v\u00e9ritable.<\/span><\/span><\/span><\/li>\n<li><span dir=\"auto\"><span dir=\"auto\" style=\"vertical-align: inherit;\"><span dir=\"auto\" style=\"vertical-align: inherit;\">Cuir pleine fleur de qualit\u00e9 sup\u00e9rieure de 1,0 \u00e0 1,2 mm.<\/span><\/span><\/span><\/li>\n<\/ul>\n<p><strong><span dir=\"auto\"><span dir=\"auto\" style=\"vertical-align: inherit;\"><span dir=\"auto\" style=\"vertical-align: inherit;\">Informations techniques:<\/span><\/span><\/span><\/strong><\/p>\n<ul>\n<li><span dir=\"auto\"><span dir=\"auto\" style=\"vertical-align: inherit;\"><span dir=\"auto\" style=\"vertical-align: inherit;\">Tissu extensible au niveau du coude, de l&rsquo;entrejambe et de l&rsquo;arri\u00e8re du genou pour offrir flexibilit\u00e9 et confort.<\/span><\/span><\/span><\/li>\n<li><span dir=\"auto\"><span dir=\"auto\" style=\"vertical-align: inherit;\"><span dir=\"auto\" style=\"vertical-align: inherit;\">Doublure en mesh fixe au mollet pour offrir un meilleur confort.<\/span><\/span><\/span><\/li>\n<li><span dir=\"auto\"><span dir=\"auto\" style=\"vertical-align: inherit;\"><span dir=\"auto\" style=\"vertical-align: inherit;\">Protections internes homologu\u00e9es CE aux coudes, hanches et genoux.<\/span><\/span><\/span><\/li>\n<li><span dir=\"auto\"><span dir=\"auto\" style=\"vertical-align: inherit;\"><span dir=\"auto\" style=\"vertical-align: inherit;\">Bosse a\u00e9rodynamique.<\/span><\/span><\/span><\/li>\n<li><span dir=\"auto\"><span dir=\"auto\" style=\"vertical-align: inherit;\"><span dir=\"auto\" style=\"vertical-align: inherit;\">3 lignes de r\u00e9flexion sur les deux bras pour une visibilit\u00e9 nocturne.<\/span><\/span><\/span><\/li>\n<li><span dir=\"auto\"><span dir=\"auto\" style=\"vertical-align: inherit;\"><span dir=\"auto\" style=\"vertical-align: inherit;\">Panneaux en cuir \u00e9lastiques aux genoux, \u00e0 la taille arri\u00e8re et \u00e0 l&#8217;emmanchure arri\u00e8re pour un mouvement confortable et flexible.<\/span><\/span><\/span><\/li>\n<li><span dir=\"auto\"><span dir=\"auto\" style=\"vertical-align: inherit;\"><span dir=\"auto\" style=\"vertical-align: inherit;\">N\u00e9opr\u00e8ne au niveau des poignets et de l&rsquo;ourlet pour r\u00e9duire l&rsquo;\u00e9paisseur et offrir un plus grand confort.<\/span><\/span><\/span><\/li>\n<li><span dir=\"auto\"><span dir=\"auto\" style=\"vertical-align: inherit;\"><span dir=\"auto\" style=\"vertical-align: inherit;\">Renfort en cuir double couche au niveau des coudes, des \u00e9paules et du si\u00e8ge.<\/span><\/span><\/span><\/li>\n<li><span dir=\"auto\"><span dir=\"auto\" style=\"vertical-align: inherit;\"><span dir=\"auto\" style=\"vertical-align: inherit;\">Velcro \u00e0 l&rsquo;int\u00e9rieur du panneau avant pour faciliter l&rsquo;insertion d&rsquo;un protecteur de poitrine si n\u00e9cessaire.<\/span><\/span><\/span><\/li>\n<li><span dir=\"auto\"><span dir=\"auto\" style=\"vertical-align: inherit;\"><span dir=\"auto\" style=\"vertical-align: inherit;\">Rembourrage du coccyx.<\/span><\/span><\/span><\/li>\n<li><span dir=\"auto\"><span dir=\"auto\" style=\"vertical-align: inherit;\"><span dir=\"auto\" style=\"vertical-align: inherit;\">Sliders genoux amovibles.<\/span><\/span><\/span><\/li>\n<\/ul>\n","protected":false},"excerpt":{"rendered":"<p>Foura Alpha Enfants 1 PC Cuir Moto Combinaison Combinaison moto monobloc haute performance, fabriqu\u00e9e en cuir pleine fleur pour une<\/p>\n","protected":false},"featured_media":301124,"template":"","meta":[],"product_brand":[],"product_cat":[1953,1945,1952,1906],"product_tag":[4732,5029,5030,2161],"class_list":{"0":"post-301150","1":"product","2":"type-product","3":"status-publish","4":"has-post-thumbnail","6":"product_cat-combinaison-1-pieces-des-gamins","7":"product_cat-combinaisons-de-moto","8":"product_cat-combinaisons-enfants","9":"product_cat-vetements-de-moto","10":"product_tag-combinaison-de-course-de-moto","11":"product_tag-enfants-combinaison-de-course","12":"product_tag-enfants-costume-en-cuir","13":"product_tag-traje-de-carreras-fr","14":"pa_size-yl","15":"pa_size-ym","16":"pa_size-ys","17":"pa_size-yxs","19":"first","20":"instock","21":"sale","22":"taxable","23":"shipping-taxable","24":"purchasable","25":"product-type-variable","26":"has-default-attributes"},"_links":{"self":[{"href":"https:\/\/primomoto.es\/fr\/wp-json\/wp\/v2\/product\/301150","targetHints":{"allow":["GET"]}}],"collection":[{"href":"https:\/\/primomoto.es\/fr\/wp-json\/wp\/v2\/product"}],"about":[{"href":"https:\/\/primomoto.es\/fr\/wp-json\/wp\/v2\/types\/product"}],"wp:featuredmedia":[{"embeddable":true,"href":"https:\/\/primomoto.es\/fr\/wp-json\/wp\/v2\/media\/301124"}],"wp:attachment":[{"href":"https:\/\/primomoto.es\/fr\/wp-json\/wp\/v2\/media?parent=301150"}],"wp:term":[{"taxonomy":"product_brand","embeddable":true,"href":"https:\/\/primomoto.es\/fr\/wp-json\/wp\/v2\/product_brand?post=301150"},{"taxonomy":"product_cat","embeddable":true,"href":"https:\/\/primomoto.es\/fr\/wp-json\/wp\/v2\/product_cat?post=301150"},{"taxonomy":"product_tag","embeddable":true,"href":"https:\/\/primomoto.es\/fr\/wp-json\/wp\/v2\/product_tag?post=301150"}],"curies":[{"name":"wp","href":"https:\/\/api.w.org\/{rel}","templated":true}]}}