{"id":301042,"date":"2026-01-06T14:04:19","date_gmt":"2026-01-06T14:04:19","guid":{"rendered":"https:\/\/primomoto.es\/foura-mark-motocicleta-textil-pantalones-negro-verde\/"},"modified":"2026-01-06T14:33:44","modified_gmt":"2026-01-06T14:33:44","slug":"foura-mark-motocicleta-textil-pantalones-negro-verde","status":"publish","type":"product","link":"https:\/\/primomoto.es\/fr\/foura-mark-motocicleta-textil-pantalones-negro-verde\/","title":{"rendered":"Foura Mark Motocicleta Textil Pantalones Negro\/Verde"},"content":{"rendered":"<h2><strong><span dir=\"auto\" style=\"vertical-align: inherit;\"><span dir=\"auto\" style=\"vertical-align: inherit;\">Foura Mark Motocicleta Textil Turismo Pantalones<\/span><\/span><\/strong><\/h2>\n<p><strong>Seguridad:<\/strong><\/p>\n<ul>\n<li>Tejido exterior Mototex resistente a la abrasi\u00f3n con tratamiento DWR (repelente al polvo y al agua) y revestimiento de pel\u00edcula de PU transpirable.<\/li>\n<li>Protectores de rodilla desmontables aprobados por la CE.<\/li>\n<li>Protecci\u00f3n de cadera de espuma eva extra\u00edble.<\/li>\n<\/ul>\n<p><strong>Comodidad:<\/strong><\/p>\n<ul>\n<li>Membrana impermeable extra\u00edble \u201cC-Dry Tech\u201d altamente transpirable. Sistema de conexi\u00f3n al pantal\u00f3n mediante cremallera alrededor de la cintura y broches r\u00e1pidos en los tobillos.<\/li>\n<li>Forro t\u00e9rmico extra\u00edble con acolchado 100% poli\u00e9ster. Sistema de conexi\u00f3n a la membrana \u201cC-Dry Tech\u201d mediante cremallera alrededor de la cintura y broches r\u00e1pidos en los tobillos.<\/li>\n<li>Forro interior microperforado para mejorar la transpirabilidad.<\/li>\n<li>Aberturas de ventilaci\u00f3n en la zona del muslo.<\/li>\n<li>Rodillas precurvadas para mayor comodidad al montar.<\/li>\n<li>Sistema de ajuste en la parte inferior de la pierna.<\/li>\n<li>Puntos de ajuste de cintura.<\/li>\n<\/ul>\n<p><strong>Extra:<\/strong><\/p>\n<ul>\n<li>Dos bolsillos exteriores con cierre de cremallera.<\/li>\n<li>Cremallera para unir la chaqueta al pantal\u00f3n con puntos el\u00e1sticos.<\/li>\n<li>Cremalleras de marca.<\/li>\n<\/ul>\n","protected":false},"excerpt":{"rendered":"<p>Foura Mark Motocicleta Textil Turismo Pantalones Seguridad: Tejido exterior Mototex resistente a la abrasi\u00f3n con tratamiento DWR (repelente al polvo<\/p>\n","protected":false},"featured_media":301304,"template":"","meta":[],"product_brand":[],"product_cat":[239,238,241,230],"product_tag":[4443,816,4992,2658,1107,316],"class_list":{"0":"post-301042","1":"product","2":"type-product","3":"status-publish","4":"has-post-thumbnail","6":"product_cat-pantalones-moto-hombre","7":"product_cat-pantalones-de-moto","8":"product_cat-pantalones-de-textiles-hombre","9":"product_cat-ropa-de-moto","10":"product_tag-pantalon-moto-touring","11":"product_tag-pantalon-touring","12":"product_tag-pantalones","13":"product_tag-pantalones-textiles","14":"product_tag-pantaloni-da-uomo","15":"product_tag-textile-pant-es","16":"pa_size-2xl-es","17":"pa_size-3xl-es","18":"pa_size-4xl-es","19":"pa_size-5xl-2","20":"pa_size-6xl-2","21":"pa_size-l-es","22":"pa_size-m-es","23":"pa_size-s-es","24":"pa_size-xl-2","25":"pa_size-xs-2","27":"first","28":"instock","29":"sale","30":"taxable","31":"shipping-taxable","32":"purchasable","33":"product-type-variable","34":"has-default-attributes"},"_links":{"self":[{"href":"https:\/\/primomoto.es\/fr\/wp-json\/wp\/v2\/product\/301042","targetHints":{"allow":["GET"]}}],"collection":[{"href":"https:\/\/primomoto.es\/fr\/wp-json\/wp\/v2\/product"}],"about":[{"href":"https:\/\/primomoto.es\/fr\/wp-json\/wp\/v2\/types\/product"}],"wp:featuredmedia":[{"embeddable":true,"href":"https:\/\/primomoto.es\/fr\/wp-json\/wp\/v2\/media\/301304"}],"wp:attachment":[{"href":"https:\/\/primomoto.es\/fr\/wp-json\/wp\/v2\/media?parent=301042"}],"wp:term":[{"taxonomy":"product_brand","embeddable":true,"href":"https:\/\/primomoto.es\/fr\/wp-json\/wp\/v2\/product_brand?post=301042"},{"taxonomy":"product_cat","embeddable":true,"href":"https:\/\/primomoto.es\/fr\/wp-json\/wp\/v2\/product_cat?post=301042"},{"taxonomy":"product_tag","embeddable":true,"href":"https:\/\/primomoto.es\/fr\/wp-json\/wp\/v2\/product_tag?post=301042"}],"curies":[{"name":"wp","href":"https:\/\/api.w.org\/{rel}","templated":true}]}}