{"id":298568,"date":"2025-10-22T15:56:32","date_gmt":"2025-10-22T15:56:32","guid":{"rendered":"https:\/\/primomoto.es\/foura-alpha-1-pc-moto-cuir-costume-noir-gris\/"},"modified":"2025-10-22T18:23:51","modified_gmt":"2025-10-22T18:23:51","slug":"foura-alpha-1-pc-moto-cuir-costume-noir-gris","status":"publish","type":"product","link":"https:\/\/primomoto.es\/fr\/foura-alpha-1-pc-moto-cuir-costume-noir-gris\/","title":{"rendered":"Foura Alpha 1 PC Moto Cuir Costume Noir\/Gris"},"content":{"rendered":"<h2><strong><span dir=\"auto\" style=\"vertical-align: inherit;\"><span dir=\"auto\" style=\"vertical-align: inherit;\">Foura Alpha 1 PC Moto Cuir Course Combinaison<\/span><\/span><\/strong><\/h2>\n<p><span dir=\"auto\" style=\"vertical-align: inherit;\"><span dir=\"auto\" style=\"vertical-align: inherit;\"><span dir=\"auto\" style=\"vertical-align: inherit;\">Combinaison moto monobloc haute performance, fabriqu\u00e9e en cuir pleine fleur pour une r\u00e9sistance \u00e0 l&rsquo;abrasion et une durabilit\u00e9 optimales, la combinaison Alpha Racing int\u00e8gre des protections \u00e9prouv\u00e9es sur circuit aux \u00e9paules et aux genoux, ainsi que des panneaux perfor\u00e9s profil\u00e9s Moto-GP pour un a\u00e9rodynamisme et un confort accrus. Avec la possibilit\u00e9 d&rsquo;opter pour des protections certifi\u00e9es CE au niveau du dos et des hanches, cette combinaison monobloc haut de gamme est id\u00e9ale pour la conduite sportive. <\/span><\/span><\/span><\/p>\n<p><strong><span dir=\"auto\" style=\"vertical-align: inherit;\"><span dir=\"auto\" style=\"vertical-align: inherit;\"><span dir=\"auto\" style=\"vertical-align: inherit;\">Mat\u00e9riaux:<\/span><\/span><\/span><\/strong><\/p>\n<ul>\n<li><span dir=\"auto\" style=\"vertical-align: inherit;\"><span dir=\"auto\" style=\"vertical-align: inherit;\"><span dir=\"auto\" style=\"vertical-align: inherit;\">Fabriqu\u00e9 en 100% cuir v\u00e9ritable.<\/span><\/span><\/span><\/li>\n<li><span dir=\"auto\" style=\"vertical-align: inherit;\"><span dir=\"auto\" style=\"vertical-align: inherit;\"><span dir=\"auto\" style=\"vertical-align: inherit;\">Cuir pleine fleur de qualit\u00e9 sup\u00e9rieure de 1,0 \u00e0 1,2 mm.<\/span><\/span><\/span><\/li>\n<\/ul>\n<p><strong><span dir=\"auto\" style=\"vertical-align: inherit;\"><span dir=\"auto\" style=\"vertical-align: inherit;\"><span dir=\"auto\" style=\"vertical-align: inherit;\">Informations techniques:<\/span><\/span><\/span><\/strong><\/p>\n<ul>\n<li><span dir=\"auto\" style=\"vertical-align: inherit;\"><span dir=\"auto\" style=\"vertical-align: inherit;\"><span dir=\"auto\" style=\"vertical-align: inherit;\">Tissu extensible au niveau du coude, de l&rsquo;entrejambe et de l&rsquo;arri\u00e8re du genou pour offrir flexibilit\u00e9 et confort.<\/span><\/span><\/span><\/li>\n<li><span dir=\"auto\" style=\"vertical-align: inherit;\"><span dir=\"auto\" style=\"vertical-align: inherit;\"><span dir=\"auto\" style=\"vertical-align: inherit;\">Doublure en mesh fixe au mollet pour offrir un meilleur confort.<\/span><\/span><\/span><\/li>\n<li><span dir=\"auto\" style=\"vertical-align: inherit;\"><span dir=\"auto\" style=\"vertical-align: inherit;\"><span dir=\"auto\" style=\"vertical-align: inherit;\">Protections internes homologu\u00e9es CE aux coudes, hanches et genoux.<\/span><\/span><\/span><\/li>\n<li><span dir=\"auto\" style=\"vertical-align: inherit;\"><span dir=\"auto\" style=\"vertical-align: inherit;\"><span dir=\"auto\" style=\"vertical-align: inherit;\">Bosse a\u00e9rodynamique.<\/span><\/span><\/span><\/li>\n<li><span dir=\"auto\" style=\"vertical-align: inherit;\"><span dir=\"auto\" style=\"vertical-align: inherit;\"><span dir=\"auto\" style=\"vertical-align: inherit;\">3 lignes de r\u00e9flexion sur les deux bras pour une visibilit\u00e9 nocturne.<\/span><\/span><\/span><\/li>\n<li><span dir=\"auto\" style=\"vertical-align: inherit;\"><span dir=\"auto\" style=\"vertical-align: inherit;\"><span dir=\"auto\" style=\"vertical-align: inherit;\">Panneaux en cuir \u00e9lastiques aux genoux, \u00e0 la taille arri\u00e8re et \u00e0 l&#8217;emmanchure arri\u00e8re pour un mouvement confortable et flexible.<\/span><\/span><\/span><\/li>\n<li><span dir=\"auto\" style=\"vertical-align: inherit;\"><span dir=\"auto\" style=\"vertical-align: inherit;\"><span dir=\"auto\" style=\"vertical-align: inherit;\">N\u00e9opr\u00e8ne au niveau des poignets et de l&rsquo;ourlet pour r\u00e9duire l&rsquo;\u00e9paisseur et offrir un plus grand confort.<\/span><\/span><\/span><\/li>\n<li><span dir=\"auto\" style=\"vertical-align: inherit;\"><span dir=\"auto\" style=\"vertical-align: inherit;\"><span dir=\"auto\" style=\"vertical-align: inherit;\">Renfort en cuir double couche au niveau des coudes, des \u00e9paules et du si\u00e8ge.<\/span><\/span><\/span><\/li>\n<li><span dir=\"auto\" style=\"vertical-align: inherit;\"><span dir=\"auto\" style=\"vertical-align: inherit;\"><span dir=\"auto\" style=\"vertical-align: inherit;\">Velcro \u00e0 l&rsquo;int\u00e9rieur du panneau avant pour faciliter l&rsquo;insertion d&rsquo;un protecteur de poitrine si n\u00e9cessaire.<\/span><\/span><\/span><\/li>\n<li><span dir=\"auto\" style=\"vertical-align: inherit;\"><span dir=\"auto\" style=\"vertical-align: inherit;\"><span dir=\"auto\" style=\"vertical-align: inherit;\">Rembourrage du coccyx.<\/span><\/span><\/span><\/li>\n<li><span dir=\"auto\" style=\"vertical-align: inherit;\"><span dir=\"auto\" style=\"vertical-align: inherit;\"><span dir=\"auto\" style=\"vertical-align: inherit;\">Sliders genoux amovibles.<\/span><\/span><\/span><\/li>\n<\/ul>\n","protected":false},"excerpt":{"rendered":"<p>Foura Alpha 1 PC Moto Cuir Course Combinaison Combinaison moto monobloc haute performance, fabriqu\u00e9e en cuir pleine fleur pour une<\/p>\n","protected":false},"featured_media":301320,"template":"","meta":[],"product_brand":[],"product_cat":[1947,1945,1946,1906],"product_tag":[2138,4989,4990,4911,2161],"class_list":{"0":"post-298568","1":"product","2":"type-product","3":"status-publish","4":"has-post-thumbnail","6":"product_cat-combinaison-1-pieces-hommes","7":"product_cat-combinaisons-de-moto","8":"product_cat-hommes-combinaisons","9":"product_cat-vetements-de-moto","10":"product_tag-costume-en-cuir","11":"product_tag-cuir-combinaison-de-course","12":"product_tag-moto-combinaison-de-course","13":"product_tag-moto-suit","14":"product_tag-traje-de-carreras-fr","15":"pa_size-46-xs-fr","16":"pa_size-48-s-fr-3","17":"pa_size-50-m-fr-2","18":"pa_size-52-l-fr","19":"pa_size-54-xl-fr","20":"pa_size-56-2xl-fr-2","21":"pa_size-58-3xl-fr","22":"pa_size-60-4xl-fr","23":"pa_size-62-5xl-fr","25":"first","26":"instock","27":"sale","28":"taxable","29":"shipping-taxable","30":"purchasable","31":"product-type-variable","32":"has-default-attributes"},"_links":{"self":[{"href":"https:\/\/primomoto.es\/fr\/wp-json\/wp\/v2\/product\/298568","targetHints":{"allow":["GET"]}}],"collection":[{"href":"https:\/\/primomoto.es\/fr\/wp-json\/wp\/v2\/product"}],"about":[{"href":"https:\/\/primomoto.es\/fr\/wp-json\/wp\/v2\/types\/product"}],"wp:featuredmedia":[{"embeddable":true,"href":"https:\/\/primomoto.es\/fr\/wp-json\/wp\/v2\/media\/301320"}],"wp:attachment":[{"href":"https:\/\/primomoto.es\/fr\/wp-json\/wp\/v2\/media?parent=298568"}],"wp:term":[{"taxonomy":"product_brand","embeddable":true,"href":"https:\/\/primomoto.es\/fr\/wp-json\/wp\/v2\/product_brand?post=298568"},{"taxonomy":"product_cat","embeddable":true,"href":"https:\/\/primomoto.es\/fr\/wp-json\/wp\/v2\/product_cat?post=298568"},{"taxonomy":"product_tag","embeddable":true,"href":"https:\/\/primomoto.es\/fr\/wp-json\/wp\/v2\/product_tag?post=298568"}],"curies":[{"name":"wp","href":"https:\/\/api.w.org\/{rel}","templated":true}]}}