{"id":297900,"date":"2025-08-04T11:56:14","date_gmt":"2025-08-05T11:26:29","guid":{"rendered":"https:\/\/primomoto.es\/road-breed-gaga-dame-hood-moto-cuir-veste-noir-violet\/"},"modified":"2025-09-12T20:31:49","modified_gmt":"2025-09-12T20:31:49","slug":"road-breed-gaga-dame-hood-moto-cuir-veste-noir-violet","status":"publish","type":"product","link":"https:\/\/primomoto.es\/fr\/road-breed-gaga-dame-hood-moto-cuir-veste-noir-violet\/","title":{"rendered":"Road Breed Gaga Dame Hood Moto Cuir Veste Noir\/Violet"},"content":{"rendered":"<h1><strong>Road Breed Gaga Femmes Hoodie Moto Cuir Veste.<\/strong><\/h1>\n<p>Road Breed Premium Gaga, confectionn\u00e9e de mani\u00e8re experte en cuir de vachette de haute qualit\u00e9 dans une finition noire intemporelle, cette veste allie style classique et fonctionnalit\u00e9s pratiques, ce qui en fait un incontournable polyvalent pour toutes les saisons.<\/p>\n<h3><strong>Caract\u00e9ristiques:<\/strong><\/h3>\n<ul>\n<li>Fabriqu\u00e9 en cuir de vachette de premi\u00e8re qualit\u00e9, appr\u00e9ci\u00e9 pour sa r\u00e9sistance, sa durabilit\u00e9 et sa sensation luxueuse.<\/li>\n<li>Fabriqu\u00e9 en cuir de vachette durable, offrant une tenue longue dur\u00e9e et une apparence polie et raffin\u00e9e.<\/li>\n<li>Noir \u00e9l\u00e9gant pour une polyvalence intemporelle et un style sans effort.<\/li>\n<li>Protection homologu\u00e9e CE au niveau des \u00e9paules et des coudes, plus un coussin dorsal en mousse (non CE).<\/li>\n<li>Comprend un sweat \u00e0 capuche noir \u00e9l\u00e9gant qui ajoute une touche moderne \u00e0 la silhouette intemporelle de la veste en cuir<\/li>\n<li>La quincaillerie en argent antique ajoute une touche d&rsquo;inspiration vintage qui compl\u00e8te l&rsquo;esth\u00e9tique g\u00e9n\u00e9rale de la veste.<\/li>\n<li>Les panneaux lat\u00e9raux en \u00e9lasthanne offrent flexibilit\u00e9 et facilit\u00e9 de mouvement, tandis que les boutons-pression lat\u00e9raux permettent un ajustement personnalisable.<\/li>\n<li>Deux poches ext\u00e9rieures pour un confort quotidien et deux poches de transport int\u00e9rieures dissimul\u00e9es pour un rangement discret et s\u00e9curis\u00e9.<\/li>\n<li>La doublure zipp\u00e9e \u00e0 manches longues offre une chaleur adaptable aux diff\u00e9rentes conditions m\u00e9t\u00e9orologiques.<\/li>\n<\/ul>\n","protected":false},"excerpt":{"rendered":"<p>Road Breed Gaga Femmes Hoodie Moto Cuir Veste. Road Breed Premium Gaga, confectionn\u00e9e de mani\u00e8re experte en cuir de vachette<\/p>\n","protected":false},"featured_media":297684,"template":"","meta":[],"product_brand":[],"product_cat":[1933,1934,1929,1906],"product_tag":[4699,2696,4841,3615,3887,3912,4932],"class_list":{"0":"post-297900","1":"product","2":"type-product","3":"status-publish","4":"has-post-thumbnail","6":"product_cat-blousons-moto-femme","7":"product_cat-veste-en-cuir-femme","8":"product_cat-vestes-de-moto","9":"product_cat-vetements-de-moto","10":"product_tag-capuche-veste","11":"product_tag-chaqueta-de-cuero-fr-2","12":"product_tag-dames-vestes","13":"product_tag-meilleures-vestes-en-cuir","14":"product_tag-veste-de-moto","15":"product_tag-veste-de-moto-dames","16":"product_tag-vestes","17":"pa_size-34-2xs-fr","18":"pa_size-36-xs-fr","19":"pa_size-38-s-fr","20":"pa_size-40-m-fr","21":"pa_size-42-l-fr","22":"pa_size-44-xl-fr","23":"pa_size-46-2xl-fr","24":"pa_size-48-3xl-fr","25":"pa_size-50-4xl-fr","26":"pa_size-52-5xl-fr","28":"first","29":"instock","30":"sale","31":"taxable","32":"shipping-taxable","33":"purchasable","34":"product-type-variable","35":"has-default-attributes"},"_links":{"self":[{"href":"https:\/\/primomoto.es\/fr\/wp-json\/wp\/v2\/product\/297900","targetHints":{"allow":["GET"]}}],"collection":[{"href":"https:\/\/primomoto.es\/fr\/wp-json\/wp\/v2\/product"}],"about":[{"href":"https:\/\/primomoto.es\/fr\/wp-json\/wp\/v2\/types\/product"}],"wp:featuredmedia":[{"embeddable":true,"href":"https:\/\/primomoto.es\/fr\/wp-json\/wp\/v2\/media\/297684"}],"wp:attachment":[{"href":"https:\/\/primomoto.es\/fr\/wp-json\/wp\/v2\/media?parent=297900"}],"wp:term":[{"taxonomy":"product_brand","embeddable":true,"href":"https:\/\/primomoto.es\/fr\/wp-json\/wp\/v2\/product_brand?post=297900"},{"taxonomy":"product_cat","embeddable":true,"href":"https:\/\/primomoto.es\/fr\/wp-json\/wp\/v2\/product_cat?post=297900"},{"taxonomy":"product_tag","embeddable":true,"href":"https:\/\/primomoto.es\/fr\/wp-json\/wp\/v2\/product_tag?post=297900"}],"curies":[{"name":"wp","href":"https:\/\/api.w.org\/{rel}","templated":true}]}}