{"id":297609,"date":"2025-07-30T12:25:30","date_gmt":"2025-08-02T15:19:28","guid":{"rendered":"https:\/\/primomoto.es\/road-breed-juno-dame-moto-cuir-veste-noir\/"},"modified":"2025-09-12T20:12:54","modified_gmt":"2025-09-12T20:12:54","slug":"road-breed-juno-dame-moto-cuir-veste-noir","status":"publish","type":"product","link":"https:\/\/primomoto.es\/fr\/road-breed-juno-dame-moto-cuir-veste-noir\/","title":{"rendered":"Road Breed Juno Dame Moto Cuir Veste Noir"},"content":{"rendered":"<h1><strong>Road Breed Juno Dame Moto Cuir Veste.<\/strong><\/h1>\n<p>Road Breed Premium Juno, confectionn\u00e9e de mani\u00e8re experte en cuir de vachette de haute qualit\u00e9 dans une finition noire intemporelle, cette veste allie style classique et fonctionnalit\u00e9s pratiques, ce qui en fait un incontournable polyvalent pour toutes les saisons.<\/p>\n<h3><strong>Caract\u00e9ristiques:<\/strong><\/h3>\n<ul>\n<li>Fabriqu\u00e9 en cuir d&rsquo;agneau de premi\u00e8re qualit\u00e9, r\u00e9put\u00e9 pour sa douceur, son \u00e9l\u00e9gance et son attrait haut de gamme.<\/li>\n<li>Fabriqu\u00e9 \u00e0 partir de cuir d&rsquo;agneau luxueux pour une texture ultra-douce et souple et un confort sup\u00e9rieur.<\/li>\n<li>Noir classique pour un style polyvalent et sans effort dans n&rsquo;importe quelle garde-robe.<\/li>\n<li>Protection homologu\u00e9e CE au niveau des \u00e9paules et des coudes, plus un coussin dorsal en mousse (non CE).<\/li>\n<li>Comprend deux poches ext\u00e9rieures zipp\u00e9es pour un rangement s\u00e9curis\u00e9 et deux poches int\u00e9rieures pour plus de commodit\u00e9.<\/li>\n<li>Les d\u00e9tails modernes en \u0153illets lac\u00e9s \u00e0 l&rsquo;arri\u00e8re et sur les c\u00f4t\u00e9s ajoutent une touche audacieuse et contemporaine.<\/li>\n<li>Fini avec du mat\u00e9riel en argent antique, compl\u00e9tant l&rsquo;esth\u00e9tique raffin\u00e9e de la veste.<\/li>\n<li>Enti\u00e8rement doubl\u00e9 pour plus de chaleur et de confort tout au long de la journ\u00e9e.<\/li>\n<\/ul>\n","protected":false},"excerpt":{"rendered":"<p>Road Breed Juno Dame Moto Cuir Veste. Road Breed Premium Juno, confectionn\u00e9e de mani\u00e8re experte en cuir de vachette de<\/p>\n","protected":false},"featured_media":298088,"template":"","meta":[],"product_brand":[],"product_cat":[1933,1934,1929,1906],"product_tag":[2696,3113,4978,4841,3615,3887,3912,4932],"class_list":{"0":"post-297609","1":"product","2":"type-product","3":"status-publish","4":"has-post-thumbnail","6":"product_cat-blousons-moto-femme","7":"product_cat-veste-en-cuir-femme","8":"product_cat-vestes-de-moto","9":"product_cat-vetements-de-moto","10":"product_tag-chaqueta-de-cuero-fr-2","11":"product_tag-chaqueta-de-moto","12":"product_tag-dame-vestes","13":"product_tag-dames-vestes","14":"product_tag-meilleures-vestes-en-cuir","15":"product_tag-veste-de-moto","16":"product_tag-veste-de-moto-dames","17":"product_tag-vestes","18":"pa_size-34-2xs-fr","19":"pa_size-36-xs-fr","20":"pa_size-38-s-fr","21":"pa_size-40-m-fr","22":"pa_size-42-l-fr","23":"pa_size-44-xl-fr","24":"pa_size-46-2xl-fr","25":"pa_size-48-3xl-fr","26":"pa_size-50-4xl-fr","27":"pa_size-52-5xl-fr","29":"first","30":"instock","31":"sale","32":"taxable","33":"shipping-taxable","34":"purchasable","35":"product-type-variable","36":"has-default-attributes"},"_links":{"self":[{"href":"https:\/\/primomoto.es\/fr\/wp-json\/wp\/v2\/product\/297609","targetHints":{"allow":["GET"]}}],"collection":[{"href":"https:\/\/primomoto.es\/fr\/wp-json\/wp\/v2\/product"}],"about":[{"href":"https:\/\/primomoto.es\/fr\/wp-json\/wp\/v2\/types\/product"}],"wp:featuredmedia":[{"embeddable":true,"href":"https:\/\/primomoto.es\/fr\/wp-json\/wp\/v2\/media\/298088"}],"wp:attachment":[{"href":"https:\/\/primomoto.es\/fr\/wp-json\/wp\/v2\/media?parent=297609"}],"wp:term":[{"taxonomy":"product_brand","embeddable":true,"href":"https:\/\/primomoto.es\/fr\/wp-json\/wp\/v2\/product_brand?post=297609"},{"taxonomy":"product_cat","embeddable":true,"href":"https:\/\/primomoto.es\/fr\/wp-json\/wp\/v2\/product_cat?post=297609"},{"taxonomy":"product_tag","embeddable":true,"href":"https:\/\/primomoto.es\/fr\/wp-json\/wp\/v2\/product_tag?post=297609"}],"curies":[{"name":"wp","href":"https:\/\/api.w.org\/{rel}","templated":true}]}}