{"id":297264,"date":"2025-07-30T11:03:38","date_gmt":"2025-08-01T16:06:08","guid":{"rendered":"https:\/\/primomoto.es\/road-breed-harley-dames-moto-cuir-veste-noir\/"},"modified":"2025-09-12T20:24:52","modified_gmt":"2025-09-12T20:24:52","slug":"road-breed-harley-dames-moto-cuir-veste-noir","status":"publish","type":"product","link":"https:\/\/primomoto.es\/fr\/road-breed-harley-dames-moto-cuir-veste-noir\/","title":{"rendered":"Road Breed Harley Dames Moto Cuir Veste Noir"},"content":{"rendered":"<h1><strong>Road Breed Harley Dames Vented Moto Veste.<\/strong><\/h1>\n<p>Road Breed Premium Harley, fabriqu\u00e9e de mani\u00e8re experte \u00e0 partir de cuir de vachette de haute qualit\u00e9 dans une finition noire intemporelle, cette veste allie style classique et fonctionnalit\u00e9s pratiques, ce qui en fait un incontournable polyvalent pour toutes les saisons.<\/p>\n<h3><strong>Caract\u00e9ristiques:<\/strong><\/h3>\n<ul>\n<li>Fabriqu\u00e9 en cuir de ch\u00e8vre de premi\u00e8re qualit\u00e9, connu pour sa souplesse et sa durabilit\u00e9.<\/li>\n<li>Cuir de ch\u00e8vre l\u00e9ger et souple, offrant un confort et une durabilit\u00e9 exceptionnels.<\/li>\n<li>Noir \u00e9l\u00e9gant pour un look polyvalent, intemporel et \u00e9l\u00e9gant.<\/li>\n<li>Protection homologu\u00e9e CE au niveau des \u00e9paules et des coudes, plus un coussin dorsal en mousse (non CE).<\/li>\n<li>Con\u00e7u avec quatre poches ext\u00e9rieures et deux poches int\u00e9rieures dissimul\u00e9es pour un rangement s\u00fbr et pratique.<\/li>\n<li>Des a\u00e9rations strat\u00e9giquement plac\u00e9es sur la poitrine, les manches et le dos favorisent la circulation de l&rsquo;air pour un confort tout au long de la journ\u00e9e.<\/li>\n<li>Un passepoil r\u00e9fl\u00e9chissant subtil am\u00e9liore la visibilit\u00e9 tout en ajoutant une touche moderne au design.<\/li>\n<li>La quincaillerie argent\u00e9e ajoute une finition polie et contemporaine.<\/li>\n<li>Les fermetures \u00e9clair lat\u00e9rales offrent une flexibilit\u00e9 suppl\u00e9mentaire et un ajustement personnalisable.<\/li>\n<li>La doublure zipp\u00e9e \u00e0 manches longues permet une adaptabilit\u00e9 aux conditions m\u00e9t\u00e9orologiques changeantes.<\/li>\n<\/ul>\n","protected":false},"excerpt":{"rendered":"<p>Road Breed Harley Dames Vented Moto Veste. Road Breed Premium Harley, fabriqu\u00e9e de mani\u00e8re experte \u00e0 partir de cuir de<\/p>\n","protected":false},"featured_media":296820,"template":"","meta":[],"product_brand":[],"product_cat":[1933,1934,1929,1906],"product_tag":[2696,3113,4978,4841,3615,3887,3912,4932],"class_list":{"0":"post-297264","1":"product","2":"type-product","3":"status-publish","4":"has-post-thumbnail","6":"product_cat-blousons-moto-femme","7":"product_cat-veste-en-cuir-femme","8":"product_cat-vestes-de-moto","9":"product_cat-vetements-de-moto","10":"product_tag-chaqueta-de-cuero-fr-2","11":"product_tag-chaqueta-de-moto","12":"product_tag-dame-vestes","13":"product_tag-dames-vestes","14":"product_tag-meilleures-vestes-en-cuir","15":"product_tag-veste-de-moto","16":"product_tag-veste-de-moto-dames","17":"product_tag-vestes","18":"pa_size-34-2xs-fr","19":"pa_size-36-xs-fr","20":"pa_size-38-s-fr","21":"pa_size-40-m-fr","22":"pa_size-42-l-fr","23":"pa_size-44-xl-fr","24":"pa_size-46-2xl-fr","25":"pa_size-48-3xl-fr","26":"pa_size-50-4xl-fr","27":"pa_size-52-5xl-fr","29":"first","30":"instock","31":"sale","32":"taxable","33":"shipping-taxable","34":"purchasable","35":"product-type-variable","36":"has-default-attributes"},"_links":{"self":[{"href":"https:\/\/primomoto.es\/fr\/wp-json\/wp\/v2\/product\/297264","targetHints":{"allow":["GET"]}}],"collection":[{"href":"https:\/\/primomoto.es\/fr\/wp-json\/wp\/v2\/product"}],"about":[{"href":"https:\/\/primomoto.es\/fr\/wp-json\/wp\/v2\/types\/product"}],"wp:featuredmedia":[{"embeddable":true,"href":"https:\/\/primomoto.es\/fr\/wp-json\/wp\/v2\/media\/296820"}],"wp:attachment":[{"href":"https:\/\/primomoto.es\/fr\/wp-json\/wp\/v2\/media?parent=297264"}],"wp:term":[{"taxonomy":"product_brand","embeddable":true,"href":"https:\/\/primomoto.es\/fr\/wp-json\/wp\/v2\/product_brand?post=297264"},{"taxonomy":"product_cat","embeddable":true,"href":"https:\/\/primomoto.es\/fr\/wp-json\/wp\/v2\/product_cat?post=297264"},{"taxonomy":"product_tag","embeddable":true,"href":"https:\/\/primomoto.es\/fr\/wp-json\/wp\/v2\/product_tag?post=297264"}],"curies":[{"name":"wp","href":"https:\/\/api.w.org\/{rel}","templated":true}]}}