{"id":297040,"date":"2025-07-31T15:40:53","date_gmt":"2025-08-01T13:20:02","guid":{"rendered":"https:\/\/primomoto.es\/road-breed-cher-dame-hood-moto-cuir-veste-violet\/"},"modified":"2025-09-12T20:41:32","modified_gmt":"2025-09-12T20:41:32","slug":"road-breed-cher-dame-hood-moto-cuir-veste-violet","status":"publish","type":"product","link":"https:\/\/primomoto.es\/fr\/road-breed-cher-dame-hood-moto-cuir-veste-violet\/","title":{"rendered":"Road Breed Cher Dame Hood Moto Cuir Veste Violet"},"content":{"rendered":"<h1><strong>Road Breed Cher Dame Vented Cuir Hoodie Veste.<\/strong><\/h1>\n<p>Veste \u00e0 capuche ventil\u00e9e Premium pour femme de Road Breed. Confectionn\u00e9e en cuir d&rsquo;agneau luxueux d&rsquo;un noir classique, cette veste allie un design \u00e0 capuche moderne \u00e0 des caract\u00e9ristiques haut de gamme pour plus de confort, de protection et de praticit\u00e9.<\/p>\n<h3><strong>Caract\u00e9ristiques:<\/strong><\/h3>\n<ul>\n<li>Fabriqu\u00e9 en cuir d&rsquo;agneau luxueux, offrant une sensation douce et souple et un confort haut de gamme<\/li>\n<li>Violet classique, offrant un style polyvalent avec une touche audacieuse et \u00e9l\u00e9gante<\/li>\n<li>Protection homologu\u00e9e CE au niveau des \u00e9paules et des coudes, plus un coussin dorsal en mousse (non CE).<\/li>\n<li>La doublure en maille noire respirante am\u00e9liore le confort et la circulation de l&rsquo;air pour un port toute la journ\u00e9e<\/li>\n<li>Comprend un sweat \u00e0 capuche noir \u00e9l\u00e9gant qui ajoute une touche moderne \u00e0 la silhouette intemporelle de la veste en cuir<\/li>\n<li>La quincaillerie en argent antique ajoute une touche raffin\u00e9e d&rsquo;inspiration vintage<\/li>\n<li>\u00c9quip\u00e9 de quatre poches ext\u00e9rieures et de deux poches de transport int\u00e9rieures dissimul\u00e9es pour un rangement pratique et discret<\/li>\n<li>Les poches de protection int\u00e9gr\u00e9es offrent la possibilit\u00e9 d&rsquo;une protection suppl\u00e9mentaire sans compromettre le style<\/li>\n<\/ul>\n","protected":false},"excerpt":{"rendered":"<p>Road Breed Cher Dame Vented Cuir Hoodie Veste. Veste \u00e0 capuche ventil\u00e9e Premium pour femme de Road Breed. Confectionn\u00e9e en<\/p>\n","protected":false},"featured_media":296960,"template":"","meta":[],"product_brand":[],"product_cat":[1933,1934,1929,1906],"product_tag":[2696,3113,4978,4841,3615,3887,3912],"class_list":{"0":"post-297040","1":"product","2":"type-product","3":"status-publish","4":"has-post-thumbnail","6":"product_cat-blousons-moto-femme","7":"product_cat-veste-en-cuir-femme","8":"product_cat-vestes-de-moto","9":"product_cat-vetements-de-moto","10":"product_tag-chaqueta-de-cuero-fr-2","11":"product_tag-chaqueta-de-moto","12":"product_tag-dame-vestes","13":"product_tag-dames-vestes","14":"product_tag-meilleures-vestes-en-cuir","15":"product_tag-veste-de-moto","16":"product_tag-veste-de-moto-dames","17":"pa_size-34-2xs-fr","18":"pa_size-36-xs-fr","19":"pa_size-38-s-fr","20":"pa_size-40-m-fr","21":"pa_size-42-l-fr","22":"pa_size-44-xl-fr","23":"pa_size-46-2xl-fr","24":"pa_size-48-3xl-fr","25":"pa_size-50-4xl-fr","26":"pa_size-52-5xl-fr","28":"first","29":"instock","30":"sale","31":"taxable","32":"shipping-taxable","33":"purchasable","34":"product-type-variable","35":"has-default-attributes"},"_links":{"self":[{"href":"https:\/\/primomoto.es\/fr\/wp-json\/wp\/v2\/product\/297040","targetHints":{"allow":["GET"]}}],"collection":[{"href":"https:\/\/primomoto.es\/fr\/wp-json\/wp\/v2\/product"}],"about":[{"href":"https:\/\/primomoto.es\/fr\/wp-json\/wp\/v2\/types\/product"}],"wp:featuredmedia":[{"embeddable":true,"href":"https:\/\/primomoto.es\/fr\/wp-json\/wp\/v2\/media\/296960"}],"wp:attachment":[{"href":"https:\/\/primomoto.es\/fr\/wp-json\/wp\/v2\/media?parent=297040"}],"wp:term":[{"taxonomy":"product_brand","embeddable":true,"href":"https:\/\/primomoto.es\/fr\/wp-json\/wp\/v2\/product_brand?post=297040"},{"taxonomy":"product_cat","embeddable":true,"href":"https:\/\/primomoto.es\/fr\/wp-json\/wp\/v2\/product_cat?post=297040"},{"taxonomy":"product_tag","embeddable":true,"href":"https:\/\/primomoto.es\/fr\/wp-json\/wp\/v2\/product_tag?post=297040"}],"curies":[{"name":"wp","href":"https:\/\/api.w.org\/{rel}","templated":true}]}}