{"id":296313,"date":"2025-07-25T12:23:03","date_gmt":"2025-07-26T09:11:51","guid":{"rendered":"https:\/\/primomoto.es\/road-breed-daytona-hoody-moto-cuir-veste-gris\/"},"modified":"2025-08-20T14:07:17","modified_gmt":"2025-08-20T14:07:17","slug":"road-breed-daytona-hoody-moto-cuir-veste-gris","status":"publish","type":"product","link":"https:\/\/primomoto.es\/fr\/road-breed-daytona-hoody-moto-cuir-veste-gris\/","title":{"rendered":"Road Breed Daytona Hoody Moto Cuir Veste Gris"},"content":{"rendered":"<h1><strong>Road Breed Daytona Hoody Moto Cuir Veste.<\/strong><\/h1>\n<p>Road Breed Premium Daytona Fabriqu\u00e9e de mani\u00e8re experte \u00e0 partir de cuir de vachette de haute qualit\u00e9 dans une finition noire intemporelle, cette veste allie style classique et fonctionnalit\u00e9s pratiques, ce qui en fait un incontournable polyvalent pour toutes les saisons.<\/p>\n<h3><strong>Caract\u00e9ristiques:<\/strong><\/h3>\n<ul>\n<li>Fabriqu\u00e9 en cuir de vachette de premi\u00e8re qualit\u00e9 pour une durabilit\u00e9 exceptionnelle et une texture raffin\u00e9e et luxueuse.<\/li>\n<li>La finition grise vieillie offre une esth\u00e9tique robuste d&rsquo;inspiration vintage.<\/li>\n<li>Protection homologu\u00e9e CE au niveau des \u00e9paules et des coudes, plus un coussin dorsal en mousse (non CE).<\/li>\n<li>Quatre poches ext\u00e9rieures offrent un espace de rangement pratique, tandis que deux poches de transport int\u00e9rieures dissimul\u00e9es assurent une s\u00e9curit\u00e9 discr\u00e8te.<\/li>\n<li>Comprend des poches d&rsquo;armure d\u00e9di\u00e9es pour des inserts optionnels (armure non incluse).<\/li>\n<li>Les a\u00e9rations int\u00e9gr\u00e9es et les fermetures \u00e0 glissi\u00e8re lat\u00e9rales favorisent la circulation de l&rsquo;air et aident \u00e0 maintenir une temp\u00e9rature confortable.<\/li>\n<li>Les ferrures en argent antique rehaussent le style robuste de la veste avec une touche raffin\u00e9e.<\/li>\n<li>Le sweat \u00e0 capuche noir \u00e9l\u00e9gant ajoute de la chaleur et un look moderne et superpos\u00e9.<\/li>\n<li>La doublure en maille noire respirante am\u00e9liore le confort int\u00e9rieur et la circulation de l&rsquo;air.<\/li>\n<li>La doublure zipp\u00e9e \u00e0 manches longues vous permet de vous adapter facilement aux diff\u00e9rentes conditions m\u00e9t\u00e9orologiques.<\/li>\n<\/ul>\n","protected":false},"excerpt":{"rendered":"<p>Road Breed Daytona Hoody Moto Cuir Veste. Road Breed Premium Daytona Fabriqu\u00e9e de mani\u00e8re experte \u00e0 partir de cuir de<\/p>\n","protected":false},"featured_media":296222,"template":"","meta":[],"product_brand":[],"product_cat":[1930,1931,1929,1906],"product_tag":[2696,3113,3615,4801,3887,3616,4932],"class_list":{"0":"post-296313","1":"product","2":"type-product","3":"status-publish","4":"has-post-thumbnail","6":"product_cat-hommes-vestes-moto","7":"product_cat-veste-en-cuir-hommes","8":"product_cat-vestes-de-moto","9":"product_cat-vetements-de-moto","10":"product_tag-chaqueta-de-cuero-fr-2","11":"product_tag-chaqueta-de-moto","12":"product_tag-meilleures-vestes-en-cuir","13":"product_tag-moto-cuir-veste","14":"product_tag-veste-de-moto","15":"product_tag-veste-en-cuir-pour-hommes","16":"product_tag-vestes","17":"pa_size-46-xs-fr","18":"pa_size-48-s-fr-3","19":"pa_size-50-m-fr-2","20":"pa_size-52-l-fr","21":"pa_size-54-xl-fr","22":"pa_size-56-2xl-fr-2","23":"pa_size-58-3xl-fr","24":"pa_size-60-4xl-fr","25":"pa_size-62-5xl-fr","27":"first","28":"instock","29":"sale","30":"taxable","31":"shipping-taxable","32":"purchasable","33":"product-type-variable","34":"has-default-attributes"},"_links":{"self":[{"href":"https:\/\/primomoto.es\/fr\/wp-json\/wp\/v2\/product\/296313","targetHints":{"allow":["GET"]}}],"collection":[{"href":"https:\/\/primomoto.es\/fr\/wp-json\/wp\/v2\/product"}],"about":[{"href":"https:\/\/primomoto.es\/fr\/wp-json\/wp\/v2\/types\/product"}],"wp:featuredmedia":[{"embeddable":true,"href":"https:\/\/primomoto.es\/fr\/wp-json\/wp\/v2\/media\/296222"}],"wp:attachment":[{"href":"https:\/\/primomoto.es\/fr\/wp-json\/wp\/v2\/media?parent=296313"}],"wp:term":[{"taxonomy":"product_brand","embeddable":true,"href":"https:\/\/primomoto.es\/fr\/wp-json\/wp\/v2\/product_brand?post=296313"},{"taxonomy":"product_cat","embeddable":true,"href":"https:\/\/primomoto.es\/fr\/wp-json\/wp\/v2\/product_cat?post=296313"},{"taxonomy":"product_tag","embeddable":true,"href":"https:\/\/primomoto.es\/fr\/wp-json\/wp\/v2\/product_tag?post=296313"}],"curies":[{"name":"wp","href":"https:\/\/api.w.org\/{rel}","templated":true}]}}