{"id":295963,"date":"2025-07-18T15:35:37","date_gmt":"2025-07-23T11:47:27","guid":{"rendered":"https:\/\/primomoto.es\/road-breed-nevada-moto-cuir-veste-tanne\/"},"modified":"2025-08-21T13:06:42","modified_gmt":"2025-08-21T13:06:42","slug":"road-breed-nevada-moto-cuir-veste-tanne","status":"publish","type":"product","link":"https:\/\/primomoto.es\/fr\/road-breed-nevada-moto-cuir-veste-tanne\/","title":{"rendered":"Road Breed Nevada Moto Cuir Veste Tann\u00e9"},"content":{"rendered":"<h1><strong><span style=\"vertical-align: inherit;\"><span style=\"vertical-align: inherit;\">Road Breed Nevada Moto Cuir Veste.<\/span><\/span><\/strong><\/h1>\n<p><span style=\"vertical-align: inherit;\"><span style=\"vertical-align: inherit;\">Veste en cuir premium pour homme par Road Breed. Confectionn\u00e9e en cuir d&rsquo;agneau luxueux d&rsquo;un marron classique, cette veste allie style intemporel et fonctionnalit\u00e9. <\/span><\/span><\/p>\n<h3><strong><span style=\"vertical-align: inherit;\"><span style=\"vertical-align: inherit;\">Caract\u00e9ristiques:<\/span><\/span><\/strong><\/h3>\n<ul>\n<li><span style=\"vertical-align: inherit;\"><span style=\"vertical-align: inherit;\">Le cuir d&rsquo;agneau doux et luxueux offre une sensation douce et souple.<\/span><\/span><\/li>\n<li><span style=\"vertical-align: inherit;\"><span style=\"vertical-align: inherit;\">Le ton marron classique assure une coordination facile avec n&rsquo;importe quelle tenue.<\/span><\/span><\/li>\n<li><span style=\"vertical-align: inherit;\"><span style=\"vertical-align: inherit;\">Protections homologu\u00e9es CE au niveau des \u00e9paules et des coudes, plus un rembourrage dorsal en mousse (Non CE).<\/span><\/span><\/li>\n<li><span style=\"vertical-align: inherit;\"><span style=\"vertical-align: inherit;\">Comprend deux poches ext\u00e9rieures pour les essentiels du quotidien et deux poches int\u00e9rieures pour un rangement s\u00e9curis\u00e9.<\/span><\/span><\/li>\n<li><span style=\"vertical-align: inherit;\"><span style=\"vertical-align: inherit;\">Le mat\u00e9riel argent\u00e9 \u00e9l\u00e9gant ajoute une touche \u00e9l\u00e9gante et raffin\u00e9e.<\/span><\/span><\/li>\n<li><span style=\"vertical-align: inherit;\"><span style=\"vertical-align: inherit;\">Disponible dans les tailles S \u00e0 5XL, con\u00e7u pour s&rsquo;adapter \u00e0 une large gamme de types de corps.<\/span><\/span><\/li>\n<li><span style=\"vertical-align: inherit;\"><span style=\"vertical-align: inherit;\">Fabriqu\u00e9 \u00e0 partir de cuir d&rsquo;agneau de premi\u00e8re qualit\u00e9, appr\u00e9ci\u00e9 pour sa douceur, sa durabilit\u00e9 et son confort sup\u00e9rieurs.<\/span><\/span><\/li>\n<\/ul>\n","protected":false},"excerpt":{"rendered":"<p>Road Breed Nevada Moto Cuir Veste. Veste en cuir premium pour homme par Road Breed. Confectionn\u00e9e en cuir d&rsquo;agneau luxueux<\/p>\n","protected":false},"featured_media":295188,"template":"","meta":[],"product_brand":[],"product_cat":[1930,1931,1929,1906],"product_tag":[2696,3113,3615,4801,3887,3727],"class_list":{"0":"post-295963","1":"product","2":"type-product","3":"status-publish","4":"has-post-thumbnail","6":"product_cat-hommes-vestes-moto","7":"product_cat-veste-en-cuir-hommes","8":"product_cat-vestes-de-moto","9":"product_cat-vetements-de-moto","10":"product_tag-chaqueta-de-cuero-fr-2","11":"product_tag-chaqueta-de-moto","12":"product_tag-meilleures-vestes-en-cuir","13":"product_tag-moto-cuir-veste","14":"product_tag-veste-de-moto","15":"product_tag-veste-moto-homme","16":"pa_size-46-xs-fr","17":"pa_size-48-s-fr-3","18":"pa_size-50-m-fr-2","19":"pa_size-52-l-fr","20":"pa_size-54-xl-fr","21":"pa_size-56-2xl-fr-2","22":"pa_size-58-3xl-fr","23":"pa_size-60-4xl-fr","24":"pa_size-62-5xl-fr","26":"first","27":"instock","28":"sale","29":"taxable","30":"shipping-taxable","31":"purchasable","32":"product-type-variable","33":"has-default-attributes"},"_links":{"self":[{"href":"https:\/\/primomoto.es\/fr\/wp-json\/wp\/v2\/product\/295963","targetHints":{"allow":["GET"]}}],"collection":[{"href":"https:\/\/primomoto.es\/fr\/wp-json\/wp\/v2\/product"}],"about":[{"href":"https:\/\/primomoto.es\/fr\/wp-json\/wp\/v2\/types\/product"}],"wp:featuredmedia":[{"embeddable":true,"href":"https:\/\/primomoto.es\/fr\/wp-json\/wp\/v2\/media\/295188"}],"wp:attachment":[{"href":"https:\/\/primomoto.es\/fr\/wp-json\/wp\/v2\/media?parent=295963"}],"wp:term":[{"taxonomy":"product_brand","embeddable":true,"href":"https:\/\/primomoto.es\/fr\/wp-json\/wp\/v2\/product_brand?post=295963"},{"taxonomy":"product_cat","embeddable":true,"href":"https:\/\/primomoto.es\/fr\/wp-json\/wp\/v2\/product_cat?post=295963"},{"taxonomy":"product_tag","embeddable":true,"href":"https:\/\/primomoto.es\/fr\/wp-json\/wp\/v2\/product_tag?post=295963"}],"curies":[{"name":"wp","href":"https:\/\/api.w.org\/{rel}","templated":true}]}}