{"id":295689,"date":"2025-07-17T14:28:53","date_gmt":"2025-07-22T11:07:57","guid":{"rendered":"https:\/\/primomoto.es\/road-breed-ghost-hood-moto-cuir-veste-noir\/"},"modified":"2025-08-21T11:58:01","modified_gmt":"2025-08-21T11:58:01","slug":"road-breed-ghost-hood-moto-cuir-veste-noir","status":"publish","type":"product","link":"https:\/\/primomoto.es\/fr\/road-breed-ghost-hood-moto-cuir-veste-noir\/","title":{"rendered":"Road Breed Ghost Hood Moto Cuir Veste Noir"},"content":{"rendered":"<h1><strong><span style=\"vertical-align: inherit;\"><span style=\"vertical-align: inherit;\"><span style=\"vertical-align: inherit;\">Road Breed Ghost Moto Cuir Hoodie Veste.<\/span><\/span><\/span><\/strong><\/h1>\n<p><span style=\"vertical-align: inherit;\"><span style=\"vertical-align: inherit;\">Adoptez un design intemporel et une robustesse \u00e0 toute \u00e9preuve avec la veste \u00e0 capuche moto Road Breed Ghost. Con\u00e7ue pour le motard moderne qui appr\u00e9cie <\/span><\/span><span style=\"vertical-align: inherit;\"><span style=\"vertical-align: inherit;\">style, fonctionnalit\u00e9 et protection fiable.<\/span><\/span><\/p>\n<h3><strong><span style=\"vertical-align: inherit;\"><span style=\"vertical-align: inherit;\">Caract\u00e9ristiques:<\/span><\/span><\/strong><\/h3>\n<ul>\n<li><span style=\"vertical-align: inherit;\"><span style=\"vertical-align: inherit;\">Fabriqu\u00e9 \u00e0 partir de cuir de premi\u00e8re qualit\u00e9 qui offre une excellente r\u00e9sistance, flexibilit\u00e9 et confort.<\/span><\/span><\/li>\n<li><span style=\"vertical-align: inherit;\"><span style=\"vertical-align: inherit;\">Une coupe classique avec une touche r\u00e9tro, alliant style intemporel et fonctionnalit\u00e9 quotidienne.<\/span><\/span><\/li>\n<li><span style=\"vertical-align: inherit;\"><span style=\"vertical-align: inherit;\">Une coupe classique avec une touche r\u00e9tro, alliant style intemporel et fonctionnalit\u00e9 quotidienne.<\/span><\/span><\/li>\n<li><span style=\"vertical-align: inherit;\"><span style=\"vertical-align: inherit;\">Protections homologu\u00e9es CE au niveau des \u00e9paules et des coudes, plus un rembourrage dorsal en mousse (Non CE).<\/span><\/span><\/li>\n<li><span style=\"vertical-align: inherit;\"><span style=\"vertical-align: inherit;\">Plusieurs poches zipp\u00e9es gardent vos essentiels en s\u00e9curit\u00e9 et accessibles lorsque vous \u00eates sur la route.<\/span><\/span><\/li>\n<li><span style=\"vertical-align: inherit;\"><span style=\"vertical-align: inherit;\">Id\u00e9al pour les sorties \u00e0 v\u00e9lo et d\u00e9contract\u00e9es, robuste mais suffisamment \u00e9l\u00e9gant pour \u00eatre associ\u00e9 \u00e0 un jean ou \u00e0 un \u00e9quipement d&rsquo;\u00e9quitation complet.<\/span><\/span><\/li>\n<li><span style=\"vertical-align: inherit;\"><span style=\"vertical-align: inherit;\">Restez \u00e0 l&rsquo;aise toute l&rsquo;ann\u00e9e gr\u00e2ce \u00e0 une doublure thermique qui peut \u00eatre retir\u00e9e par temps plus chaud.<\/span><\/span><\/li>\n<li><span style=\"vertical-align: inherit;\"><span style=\"vertical-align: inherit;\">Fermetures \u00e0 glissi\u00e8re YKK de qualit\u00e9 sup\u00e9rieure utilis\u00e9es partout pour une durabilit\u00e9 et des performances fluides.<\/span><\/span><\/li>\n<li><span style=\"vertical-align: inherit;\"><span style=\"vertical-align: inherit;\">The R<\/span><\/span><strong><span style=\"vertical-align: inherit;\"><span style=\"vertical-align: inherit;\">e<\/span><\/span><\/strong><span style=\"vertical-align: inherit;\"><span style=\"vertical-align: inherit;\">movable La doublure \u00e0 capuche ajoute de la polyvalence aux conditions m\u00e9t\u00e9orologiques changeantes.<\/span><\/span><\/li>\n<\/ul>\n","protected":false},"excerpt":{"rendered":"<p>Road Breed Ghost Moto Cuir Hoodie Veste. Adoptez un design intemporel et une robustesse \u00e0 toute \u00e9preuve avec la veste<\/p>\n","protected":false},"featured_media":294972,"template":"","meta":[],"product_brand":[],"product_cat":[1930,1931,1929,1906],"product_tag":[4625,2696,3113,3615,4801,3887,4932],"class_list":{"0":"post-295689","1":"product","2":"type-product","3":"status-publish","4":"has-post-thumbnail","6":"product_cat-hommes-vestes-moto","7":"product_cat-veste-en-cuir-hommes","8":"product_cat-vestes-de-moto","9":"product_cat-vetements-de-moto","10":"product_tag-blouson-moto-homme","11":"product_tag-chaqueta-de-cuero-fr-2","12":"product_tag-chaqueta-de-moto","13":"product_tag-meilleures-vestes-en-cuir","14":"product_tag-moto-cuir-veste","15":"product_tag-veste-de-moto","16":"product_tag-vestes","17":"pa_size-46-xs-fr","18":"pa_size-48-s-fr-3","19":"pa_size-50-m-fr-2","20":"pa_size-52-l-fr","21":"pa_size-54-xl-fr","22":"pa_size-56-2xl-fr-2","23":"pa_size-58-3xl-fr","24":"pa_size-60-4xl-fr","25":"pa_size-62-5xl-fr","27":"first","28":"instock","29":"sale","30":"taxable","31":"shipping-taxable","32":"purchasable","33":"product-type-variable","34":"has-default-attributes"},"_links":{"self":[{"href":"https:\/\/primomoto.es\/fr\/wp-json\/wp\/v2\/product\/295689","targetHints":{"allow":["GET"]}}],"collection":[{"href":"https:\/\/primomoto.es\/fr\/wp-json\/wp\/v2\/product"}],"about":[{"href":"https:\/\/primomoto.es\/fr\/wp-json\/wp\/v2\/types\/product"}],"wp:featuredmedia":[{"embeddable":true,"href":"https:\/\/primomoto.es\/fr\/wp-json\/wp\/v2\/media\/294972"}],"wp:attachment":[{"href":"https:\/\/primomoto.es\/fr\/wp-json\/wp\/v2\/media?parent=295689"}],"wp:term":[{"taxonomy":"product_brand","embeddable":true,"href":"https:\/\/primomoto.es\/fr\/wp-json\/wp\/v2\/product_brand?post=295689"},{"taxonomy":"product_cat","embeddable":true,"href":"https:\/\/primomoto.es\/fr\/wp-json\/wp\/v2\/product_cat?post=295689"},{"taxonomy":"product_tag","embeddable":true,"href":"https:\/\/primomoto.es\/fr\/wp-json\/wp\/v2\/product_tag?post=295689"}],"curies":[{"name":"wp","href":"https:\/\/api.w.org\/{rel}","templated":true}]}}