{"id":295583,"date":"2025-07-19T13:07:23","date_gmt":"2025-07-22T09:08:40","guid":{"rendered":"https:\/\/primomoto.es\/road-breed-fury-moto-cuir-veste-noir-orange\/"},"modified":"2025-08-20T19:29:40","modified_gmt":"2025-08-20T19:29:40","slug":"road-breed-fury-moto-cuir-veste-noir-orange","status":"publish","type":"product","link":"https:\/\/primomoto.es\/fr\/road-breed-fury-moto-cuir-veste-noir-orange\/","title":{"rendered":"Road Breed Fury Moto Cuir Veste Noir\/Orange"},"content":{"rendered":"<h1><strong>Road Breed Fury Vented Moto Cuir Veste.<\/strong><\/h1>\n<p>Road Breed Prime Fury Fabriqu\u00e9e de mani\u00e8re experte \u00e0 partir de cuir de vachette de haute qualit\u00e9 dans une finition noire intemporelle, cette veste allie style classique et fonctionnalit\u00e9s pratiques, ce qui en fait un incontournable polyvalent pour toutes les saisons.<\/p>\n<h3><strong>Caract\u00e9ristiques:<\/strong><\/h3>\n<ul>\n<li>Le cuir de vachette durable offre une tenue longue dur\u00e9e avec une apparence raffin\u00e9e et sophistiqu\u00e9e.<\/li>\n<li>La combinaison audacieuse de couleurs noir et orange fait une d\u00e9claration forte et accrocheuse.<\/li>\n<li>Protection homologu\u00e9e CE au niveau des \u00e9paules et des coudes, plus un coussin dorsal en mousse (non CE).<\/li>\n<li>Deux poches ext\u00e9rieures zipp\u00e9es offrent un rangement s\u00e9curis\u00e9, tandis que deux poches de transport int\u00e9rieures dissimul\u00e9es offrent une accessibilit\u00e9 discr\u00e8te.<\/li>\n<li>Les a\u00e9rations avant et arri\u00e8re favorisent la circulation de l&rsquo;air pour un confort optimal lors d&rsquo;un port prolong\u00e9.<\/li>\n<li>Le mat\u00e9riel argent\u00e9 \u00e9l\u00e9gant ajoute une touche moderne et \u00e9l\u00e9gante.<\/li>\n<li>Les panneaux lat\u00e9raux \u00e9lastiques assurent un ajustement flexible et sur mesure pour plus de confort.<\/li>\n<li>Les passepoils r\u00e9fl\u00e9chissants am\u00e9liorent la visibilit\u00e9 pour une s\u00e9curit\u00e9 accrue dans des conditions de faible luminosit\u00e9.<\/li>\n<li>La doublure zipp\u00e9e \u00e0 manches longues offre un confort adaptable aux changements de temps.<\/li>\n<\/ul>\n","protected":false},"excerpt":{"rendered":"<p>Road Breed Fury Vented Moto Cuir Veste. Road Breed Prime Fury Fabriqu\u00e9e de mani\u00e8re experte \u00e0 partir de cuir de<\/p>\n","protected":false},"featured_media":297981,"template":"","meta":[],"product_brand":[],"product_cat":[1930,1931,1929,1906],"product_tag":[4625,2696,3113,2691,3615,3887,3727,4932],"class_list":{"0":"post-295583","1":"product","2":"type-product","3":"status-publish","4":"has-post-thumbnail","6":"product_cat-hommes-vestes-moto","7":"product_cat-veste-en-cuir-hommes","8":"product_cat-vestes-de-moto","9":"product_cat-vetements-de-moto","10":"product_tag-blouson-moto-homme","11":"product_tag-chaqueta-de-cuero-fr-2","12":"product_tag-chaqueta-de-moto","13":"product_tag-hombre-chaqueta-de-cuero-fr","14":"product_tag-meilleures-vestes-en-cuir","15":"product_tag-veste-de-moto","16":"product_tag-veste-moto-homme","17":"product_tag-vestes","18":"pa_size-46-xs-fr","19":"pa_size-48-s-fr-3","20":"pa_size-50-m-fr-2","21":"pa_size-52-l-fr","22":"pa_size-54-xl-fr","23":"pa_size-56-2xl-fr-2","24":"pa_size-58-3xl-fr","25":"pa_size-60-4xl-fr","26":"pa_size-62-5xl-fr","28":"first","29":"instock","30":"sale","31":"taxable","32":"shipping-taxable","33":"purchasable","34":"product-type-variable","35":"has-default-attributes"},"_links":{"self":[{"href":"https:\/\/primomoto.es\/fr\/wp-json\/wp\/v2\/product\/295583","targetHints":{"allow":["GET"]}}],"collection":[{"href":"https:\/\/primomoto.es\/fr\/wp-json\/wp\/v2\/product"}],"about":[{"href":"https:\/\/primomoto.es\/fr\/wp-json\/wp\/v2\/types\/product"}],"wp:featuredmedia":[{"embeddable":true,"href":"https:\/\/primomoto.es\/fr\/wp-json\/wp\/v2\/media\/297981"}],"wp:attachment":[{"href":"https:\/\/primomoto.es\/fr\/wp-json\/wp\/v2\/media?parent=295583"}],"wp:term":[{"taxonomy":"product_brand","embeddable":true,"href":"https:\/\/primomoto.es\/fr\/wp-json\/wp\/v2\/product_brand?post=295583"},{"taxonomy":"product_cat","embeddable":true,"href":"https:\/\/primomoto.es\/fr\/wp-json\/wp\/v2\/product_cat?post=295583"},{"taxonomy":"product_tag","embeddable":true,"href":"https:\/\/primomoto.es\/fr\/wp-json\/wp\/v2\/product_tag?post=295583"}],"curies":[{"name":"wp","href":"https:\/\/api.w.org\/{rel}","templated":true}]}}