{"id":295573,"date":"2025-07-17T14:54:16","date_gmt":"2025-07-21T11:41:08","guid":{"rendered":"https:\/\/primomoto.es\/road-breed-ghost-hood-moto-cuir-veste-brun\/"},"modified":"2025-08-21T11:59:49","modified_gmt":"2025-08-21T11:59:49","slug":"road-breed-ghost-hood-moto-cuir-veste-brun","status":"publish","type":"product","link":"https:\/\/primomoto.es\/fr\/road-breed-ghost-hood-moto-cuir-veste-brun\/","title":{"rendered":"Road Breed Ghost Hood Moto Cuir Veste Brun"},"content":{"rendered":"<h1><strong><span style=\"vertical-align: inherit;\">Road Breed Ghost Moto Cuir Hoodie Veste.<\/span><\/strong><\/h1>\n<p><span style=\"vertical-align: inherit;\">Adoptez un design intemporel et une robustesse \u00e0 toute \u00e9preuve avec la veste \u00e0 capuche moto Road Breed Ghost. Con\u00e7ue pour le motard moderne qui appr\u00e9cie <\/span><span style=\"vertical-align: inherit;\">style, fonctionnalit\u00e9 et protection fiable.<\/span><\/p>\n<h3><strong><span style=\"vertical-align: inherit;\">Caract\u00e9ristiques:<\/span><\/strong><\/h3>\n<ul>\n<li><span style=\"vertical-align: inherit;\">Fabriqu\u00e9 \u00e0 partir de cuir de premi\u00e8re qualit\u00e9 qui offre une excellente r\u00e9sistance, flexibilit\u00e9 et confort.<\/span><\/li>\n<li><span style=\"vertical-align: inherit;\">Une coupe classique avec une touche r\u00e9tro, alliant style intemporel et fonctionnalit\u00e9 quotidienne.<\/span><\/li>\n<li><span style=\"vertical-align: inherit;\">Une coupe classique avec une touche r\u00e9tro, alliant style intemporel et fonctionnalit\u00e9 quotidienne.<\/span><\/li>\n<li><span style=\"vertical-align: inherit;\">Protections homologu\u00e9es CE au niveau des \u00e9paules et des coudes, plus un rembourrage dorsal en mousse (Non CE).<\/span><\/li>\n<li><span style=\"vertical-align: inherit;\">Plusieurs poches zipp\u00e9es gardent vos essentiels en s\u00e9curit\u00e9 et accessibles lorsque vous \u00eates sur la route.<\/span><\/li>\n<li><span style=\"vertical-align: inherit;\">Id\u00e9al pour les sorties \u00e0 v\u00e9lo et d\u00e9contract\u00e9es, robuste mais suffisamment \u00e9l\u00e9gant pour \u00eatre associ\u00e9 \u00e0 un jean ou \u00e0 un \u00e9quipement d&rsquo;\u00e9quitation complet.<\/span><\/li>\n<li><span style=\"vertical-align: inherit;\">Restez \u00e0 l&rsquo;aise toute l&rsquo;ann\u00e9e gr\u00e2ce \u00e0 une doublure thermique qui peut \u00eatre retir\u00e9e par temps plus chaud.<\/span><\/li>\n<li><span style=\"vertical-align: inherit;\">Fermetures \u00e0 glissi\u00e8re YKK de qualit\u00e9 sup\u00e9rieure utilis\u00e9es partout pour une durabilit\u00e9 et des performances fluides.<\/span><\/li>\n<li><span style=\"vertical-align: inherit;\">The R<\/span><strong><span style=\"vertical-align: inherit;\">e <\/span><\/strong><span style=\"vertical-align: inherit;\">movable Hoodie Liner adds versatility for changing weather conditions.<\/span><\/li>\n<\/ul>\n","protected":false},"excerpt":{"rendered":"<p>Road Breed Ghost Moto Cuir Hoodie Veste. Adoptez un design intemporel et une robustesse \u00e0 toute \u00e9preuve avec la veste<\/p>\n","protected":false},"featured_media":295086,"template":"","meta":[],"product_brand":[],"product_cat":[1930,1931,1929,1906],"product_tag":[4625,2696,3050,3113,4242,3887,3727,4932],"class_list":{"0":"post-295573","1":"product","2":"type-product","3":"status-publish","4":"has-post-thumbnail","6":"product_cat-hommes-vestes-moto","7":"product_cat-veste-en-cuir-hommes","8":"product_cat-vestes-de-moto","9":"product_cat-vetements-de-moto","10":"product_tag-blouson-moto-homme","11":"product_tag-chaqueta-de-cuero-fr-2","12":"product_tag-chaqueta-de-los-hombres-fr-2","13":"product_tag-chaqueta-de-moto","14":"product_tag-sweat-a-capuche-homme-fr","15":"product_tag-veste-de-moto","16":"product_tag-veste-moto-homme","17":"product_tag-vestes","18":"pa_size-46-xs-fr","19":"pa_size-48-s-fr-3","20":"pa_size-50-m-fr-2","21":"pa_size-52-l-fr","22":"pa_size-54-xl-fr","23":"pa_size-56-2xl-fr-2","24":"pa_size-58-3xl-fr","25":"pa_size-60-4xl-fr","26":"pa_size-62-5xl-fr","28":"first","29":"instock","30":"sale","31":"taxable","32":"shipping-taxable","33":"purchasable","34":"product-type-variable","35":"has-default-attributes"},"_links":{"self":[{"href":"https:\/\/primomoto.es\/fr\/wp-json\/wp\/v2\/product\/295573","targetHints":{"allow":["GET"]}}],"collection":[{"href":"https:\/\/primomoto.es\/fr\/wp-json\/wp\/v2\/product"}],"about":[{"href":"https:\/\/primomoto.es\/fr\/wp-json\/wp\/v2\/types\/product"}],"wp:featuredmedia":[{"embeddable":true,"href":"https:\/\/primomoto.es\/fr\/wp-json\/wp\/v2\/media\/295086"}],"wp:attachment":[{"href":"https:\/\/primomoto.es\/fr\/wp-json\/wp\/v2\/media?parent=295573"}],"wp:term":[{"taxonomy":"product_brand","embeddable":true,"href":"https:\/\/primomoto.es\/fr\/wp-json\/wp\/v2\/product_brand?post=295573"},{"taxonomy":"product_cat","embeddable":true,"href":"https:\/\/primomoto.es\/fr\/wp-json\/wp\/v2\/product_cat?post=295573"},{"taxonomy":"product_tag","embeddable":true,"href":"https:\/\/primomoto.es\/fr\/wp-json\/wp\/v2\/product_tag?post=295573"}],"curies":[{"name":"wp","href":"https:\/\/api.w.org\/{rel}","templated":true}]}}