{"id":294521,"date":"2025-07-15T11:26:01","date_gmt":"2025-07-16T12:06:11","guid":{"rendered":"https:\/\/primomoto.es\/road-breed-thunder-moto-cuir-veste-noir-blanc\/"},"modified":"2025-08-22T13:21:06","modified_gmt":"2025-08-22T13:21:06","slug":"road-breed-thunder-moto-cuir-veste-noir-blanc","status":"publish","type":"product","link":"https:\/\/primomoto.es\/fr\/road-breed-thunder-moto-cuir-veste-noir-blanc\/","title":{"rendered":"Road Breed Thunder Moto Cuir Veste Noir\/Blanc"},"content":{"rendered":"<h1><strong>Road Breed Thunder Veste de moto en cuir ventil\u00e9e<\/strong><\/h1>\n<p>Adoptez un design intemporel et une robustesse \u00e0 toute \u00e9preuve avec la veste de moto classique Road Breed Thunder. Con\u00e7ue pour le motard moderne qui appr\u00e9cie la mode d&rsquo;inspiration vintage et une protection fiable.<\/p>\n<h3><strong>Caract\u00e9ristiques:<\/strong><\/h3>\n<ul>\n<li>Fabriqu\u00e9 \u00e0 partir de cuir de premi\u00e8re qualit\u00e9 qui offre une excellente r\u00e9sistance, flexibilit\u00e9 et confort.<\/li>\n<li>Une coupe classique avec une touche r\u00e9tro, alliant style intemporel et fonctionnalit\u00e9 quotidienne.<\/li>\n<li>Une coupe classique avec une touche r\u00e9tro, alliant style intemporel et fonctionnalit\u00e9 quotidienne.<\/li>\n<li>Protection homologu\u00e9e CE au niveau des \u00e9paules et des coudes, plus un coussin dorsal en mousse (non CE).<\/li>\n<li>Les a\u00e9rations zipp\u00e9es \u00e0 l&rsquo;avant et \u00e0 l&rsquo;arri\u00e8re assurent une bonne circulation de l&rsquo;air et un confort optimal lors des sorties plus chaudes<\/li>\n<li>Plusieurs poches zipp\u00e9es gardent vos essentiels en s\u00e9curit\u00e9 et accessibles lorsque vous \u00eates sur la route.<\/li>\n<li>Id\u00e9al pour les sorties \u00e0 v\u00e9lo et d\u00e9contract\u00e9es, robuste mais suffisamment \u00e9l\u00e9gant pour \u00eatre associ\u00e9 \u00e0 un jean ou \u00e0 un \u00e9quipement d&rsquo;\u00e9quitation complet.<\/li>\n<li>Restez \u00e0 l&rsquo;aise toute l&rsquo;ann\u00e9e gr\u00e2ce \u00e0 une doublure thermique qui peut \u00eatre retir\u00e9e par temps plus chaud.<\/li>\n<li>Fermetures \u00e0 glissi\u00e8re YKK de qualit\u00e9 sup\u00e9rieure utilis\u00e9es partout pour une durabilit\u00e9 et des performances fluides<\/li>\n<\/ul>\n","protected":false},"excerpt":{"rendered":"<p>Road Breed Thunder Veste de moto en cuir ventil\u00e9e Adoptez un design intemporel et une robustesse \u00e0 toute \u00e9preuve avec<\/p>\n","protected":false},"featured_media":293988,"template":"","meta":[],"product_brand":[],"product_cat":[1930,1931,1929,1906],"product_tag":[4625,2696,3615,3887,3727,4932],"class_list":{"0":"post-294521","1":"product","2":"type-product","3":"status-publish","4":"has-post-thumbnail","6":"product_cat-hommes-vestes-moto","7":"product_cat-veste-en-cuir-hommes","8":"product_cat-vestes-de-moto","9":"product_cat-vetements-de-moto","10":"product_tag-blouson-moto-homme","11":"product_tag-chaqueta-de-cuero-fr-2","12":"product_tag-meilleures-vestes-en-cuir","13":"product_tag-veste-de-moto","14":"product_tag-veste-moto-homme","15":"product_tag-vestes","16":"pa_size-46-xs-fr","17":"pa_size-48-s-fr-3","18":"pa_size-50-m-fr-2","19":"pa_size-52-l-fr","20":"pa_size-54-xl-fr","21":"pa_size-56-2xl-fr-2","22":"pa_size-58-3xl-fr","23":"pa_size-60-4xl-fr","24":"pa_size-62-5xl-fr","26":"first","27":"instock","28":"sale","29":"taxable","30":"shipping-taxable","31":"purchasable","32":"product-type-variable","33":"has-default-attributes"},"_links":{"self":[{"href":"https:\/\/primomoto.es\/fr\/wp-json\/wp\/v2\/product\/294521","targetHints":{"allow":["GET"]}}],"collection":[{"href":"https:\/\/primomoto.es\/fr\/wp-json\/wp\/v2\/product"}],"about":[{"href":"https:\/\/primomoto.es\/fr\/wp-json\/wp\/v2\/types\/product"}],"wp:featuredmedia":[{"embeddable":true,"href":"https:\/\/primomoto.es\/fr\/wp-json\/wp\/v2\/media\/293988"}],"wp:attachment":[{"href":"https:\/\/primomoto.es\/fr\/wp-json\/wp\/v2\/media?parent=294521"}],"wp:term":[{"taxonomy":"product_brand","embeddable":true,"href":"https:\/\/primomoto.es\/fr\/wp-json\/wp\/v2\/product_brand?post=294521"},{"taxonomy":"product_cat","embeddable":true,"href":"https:\/\/primomoto.es\/fr\/wp-json\/wp\/v2\/product_cat?post=294521"},{"taxonomy":"product_tag","embeddable":true,"href":"https:\/\/primomoto.es\/fr\/wp-json\/wp\/v2\/product_tag?post=294521"}],"curies":[{"name":"wp","href":"https:\/\/api.w.org\/{rel}","templated":true}]}}