{"id":292995,"date":"2025-06-13T17:05:05","date_gmt":"2025-06-13T17:59:31","guid":{"rendered":"https:\/\/primomoto.es\/foura-rush1-pc-moto-cuir-costume-noir-blanc-fluro-jaune\/"},"modified":"2025-10-03T12:35:13","modified_gmt":"2025-10-03T12:35:13","slug":"foura-rush1-pc-moto-cuir-costume-noir-blanc-fluro-jaune","status":"publish","type":"product","link":"https:\/\/primomoto.es\/fr\/foura-rush1-pc-moto-cuir-costume-noir-blanc-fluro-jaune\/","title":{"rendered":"Foura Rush 1 PC Moto Cuir Costume Noir\/Blanc\/Fluro-Jaune"},"content":{"rendered":"<p><span style=\"color: #ff0000;\"><strong>Remarque : les commandes sont exp\u00e9di\u00e9es dans un d\u00e9lai de 10 \u00e0 15 jours ouvrables \u00e0 compter de la date d&rsquo;achat !<\/strong><\/span><\/p>\n<h2><strong>Combinaison de moto en cuir Foura Rush 1 pi\u00e8ce<\/strong><\/h2>\n<p>Combinaison de moto monobloc haute performance fabriqu\u00e9e en cuir pleine fleur pour des niveaux \u00e9lev\u00e9s de r\u00e9sistance \u00e0 l&rsquo;abrasion et de durabilit\u00e9, la combinaison de course Rush int\u00e8gre des capacit\u00e9s de protection \u00e9prouv\u00e9es sur piste au niveau des \u00e9paules et des genoux et des panneaux perfor\u00e9s profil\u00e9s Moto-GP pour un a\u00e9rodynamisme et un confort am\u00e9lior\u00e9s. Avec la possibilit\u00e9 de passer \u00e0 une protection du dos, de la poitrine et des hanches certifi\u00e9e CE, cette combinaison une pi\u00e8ce haut de gamme est id\u00e9ale pour la conduite sportive.<\/p>\n<p><strong>Mat\u00e9riaux:<\/strong><\/p>\n<ul>\n<li>Fabriqu\u00e9 en 100% cuir v\u00e9ritable.<\/li>\n<li>Cuir pleine fleur de qualit\u00e9 sup\u00e9rieure de 1,0 \u00e0 1,2 mm.<\/li>\n<\/ul>\n<p><strong>Informations techniques:<\/strong><\/p>\n<ul>\n<li>Tissu extensible au niveau du coude, de l&rsquo;entrejambe et de l&rsquo;arri\u00e8re du genou pour offrir flexibilit\u00e9 et confort.<\/li>\n<li>Doublure en mesh fixe au mollet pour offrir un meilleur confort.<\/li>\n<li>Protections internes homologu\u00e9es CE aux coudes, hanches et genoux.<\/li>\n<li>Bosse a\u00e9rodynamique.<\/li>\n<li>Lignes r\u00e9fl\u00e9chissantes sur les deux bras pour une visibilit\u00e9 nocturne.<\/li>\n<li>Panneaux en cuir \u00e9lastiques aux genoux, \u00e0 la taille arri\u00e8re et \u00e0 l&#8217;emmanchure arri\u00e8re pour un mouvement confortable et flexible.<\/li>\n<li>N\u00e9opr\u00e8ne au niveau des poignets et de l&rsquo;ourlet pour r\u00e9duire l&rsquo;\u00e9paisseur et offrir un plus grand confort.<\/li>\n<li>Renfort en cuir double couche au niveau des coudes, des \u00e9paules et du si\u00e8ge.<\/li>\n<li>Velcro \u00e0 l&rsquo;int\u00e9rieur du panneau avant pour faciliter l&rsquo;insertion d&rsquo;un protecteur de poitrine si n\u00e9cessaire.<\/li>\n<li>Rembourrage du coccyx.<\/li>\n<li>Sliders genoux amovibles.<\/li>\n<\/ul>\n<p>&nbsp;<\/p>\n<p>&nbsp;<\/p>\n","protected":false},"excerpt":{"rendered":"<p>Remarque : les commandes sont exp\u00e9di\u00e9es dans un d\u00e9lai de 10 \u00e0 15 jours ouvrables \u00e0 compter de la date<\/p>\n","protected":false},"featured_media":292940,"template":"","meta":[],"product_brand":[],"product_cat":[1947,1945,1946,1906],"product_tag":[2177,4927,2121,4733],"class_list":{"0":"post-292995","1":"product","2":"type-product","3":"status-publish","4":"has-post-thumbnail","6":"product_cat-combinaison-1-pieces-hommes","7":"product_cat-combinaisons-de-moto","8":"product_cat-hommes-combinaisons","9":"product_cat-vetements-de-moto","10":"product_tag-1-combinaison-de-course","11":"product_tag-combinaison-de-course-haut-de-gamme","12":"product_tag-combinaison-de-course-homme","13":"product_tag-meilleure-combinaison-de-course-de-moto","14":"pa_size-46-xs-fr","15":"pa_size-48-s-fr","16":"pa_size-50-m-fr-2","17":"pa_size-52-l-fr","18":"pa_size-54-xl-fr","19":"pa_size-56-2xl-fr-2","20":"pa_size-58-3xl-fr","21":"pa_size-60-4xl-fr","22":"pa_size-62-5xl-fr","24":"first","25":"instock","26":"sale","27":"taxable","28":"shipping-taxable","29":"purchasable","30":"product-type-variable","31":"has-default-attributes"},"_links":{"self":[{"href":"https:\/\/primomoto.es\/fr\/wp-json\/wp\/v2\/product\/292995","targetHints":{"allow":["GET"]}}],"collection":[{"href":"https:\/\/primomoto.es\/fr\/wp-json\/wp\/v2\/product"}],"about":[{"href":"https:\/\/primomoto.es\/fr\/wp-json\/wp\/v2\/types\/product"}],"wp:featuredmedia":[{"embeddable":true,"href":"https:\/\/primomoto.es\/fr\/wp-json\/wp\/v2\/media\/292940"}],"wp:attachment":[{"href":"https:\/\/primomoto.es\/fr\/wp-json\/wp\/v2\/media?parent=292995"}],"wp:term":[{"taxonomy":"product_brand","embeddable":true,"href":"https:\/\/primomoto.es\/fr\/wp-json\/wp\/v2\/product_brand?post=292995"},{"taxonomy":"product_cat","embeddable":true,"href":"https:\/\/primomoto.es\/fr\/wp-json\/wp\/v2\/product_cat?post=292995"},{"taxonomy":"product_tag","embeddable":true,"href":"https:\/\/primomoto.es\/fr\/wp-json\/wp\/v2\/product_tag?post=292995"}],"curies":[{"name":"wp","href":"https:\/\/api.w.org\/{rel}","templated":true}]}}