{"id":292877,"date":"2025-06-13T16:20:37","date_gmt":"2025-06-13T16:46:29","guid":{"rendered":"https:\/\/primomoto.es\/foura-rush1-pc-moto-cuir-costume-noir-blanc-vert\/"},"modified":"2025-10-03T12:30:36","modified_gmt":"2025-10-03T12:30:36","slug":"foura-rush1-pc-moto-cuir-costume-noir-blanc-vert","status":"publish","type":"product","link":"https:\/\/primomoto.es\/fr\/foura-rush1-pc-moto-cuir-costume-noir-blanc-vert\/","title":{"rendered":"Foura Rush 1 PC Moto Cuir Costume Noir\/Blanc\/Vert"},"content":{"rendered":"<p><span style=\"color: #ff0000;\"><strong>Remarque : les commandes sont exp\u00e9di\u00e9es dans un d\u00e9lai de 10 \u00e0 15 jours ouvrables \u00e0 compter de la date d&rsquo;achat !<\/strong><\/span><\/p>\n<h2><strong>Combinaison de moto en cuir Foura Rush 1 pi\u00e8ce<\/strong><\/h2>\n<p>Combinaison moto monobloc haute performance, fabriqu\u00e9e en cuir pleine fleur pour une r\u00e9sistance \u00e0 l&rsquo;abrasion et une durabilit\u00e9 optimales, la combinaison de course Rush int\u00e8gre des protections \u00e9prouv\u00e9es sur circuit aux \u00e9paules et aux genoux, ainsi que des panneaux perfor\u00e9s profil\u00e9s Moto-GP pour un a\u00e9rodynamisme et un confort accrus. Avec la possibilit\u00e9 d&rsquo;opter pour des protections certifi\u00e9es CE au niveau du dos et des hanches, cette combinaison monobloc haut de gamme est id\u00e9ale pour la conduite sportive.<\/p>\n<p><strong>Mat\u00e9riaux:<\/strong><\/p>\n<ul>\n<li>Fabriqu\u00e9 en 100% cuir v\u00e9ritable.<\/li>\n<li>Cuir pleine fleur de qualit\u00e9 sup\u00e9rieure de 1,0 \u00e0 1,2 mm.<\/li>\n<\/ul>\n<p><strong>Informations techniques:<\/strong><\/p>\n<ul>\n<li>Tissu extensible au niveau du coude, de l&rsquo;entrejambe et de l&rsquo;arri\u00e8re du genou pour offrir flexibilit\u00e9 et confort.<\/li>\n<li>Doublure en mesh fixe au mollet pour offrir un meilleur confort.<\/li>\n<li>Protections internes homologu\u00e9es CE aux coudes, hanches et genoux.<\/li>\n<li>Bosse a\u00e9rodynamique.<\/li>\n<li>Lignes r\u00e9fl\u00e9chissantes sur les deux bras pour une visibilit\u00e9 nocturne.<\/li>\n<li>Panneaux en cuir \u00e9lastiques aux genoux, \u00e0 la taille arri\u00e8re et \u00e0 l&#8217;emmanchure arri\u00e8re pour un mouvement confortable et flexible.<\/li>\n<li>N\u00e9opr\u00e8ne au niveau des poignets et de l&rsquo;ourlet pour r\u00e9duire l&rsquo;\u00e9paisseur et offrir un plus grand confort.<\/li>\n<li>Renfort en cuir double couche au niveau des coudes, des \u00e9paules et du si\u00e8ge.<\/li>\n<li>Velcro \u00e0 l&rsquo;int\u00e9rieur du panneau avant pour faciliter l&rsquo;insertion d&rsquo;un protecteur de poitrine si n\u00e9cessaire.<\/li>\n<li>Rembourrage du coccyx.<\/li>\n<li>Sliders genoux amovibles.<\/li>\n<\/ul>\n<p>&nbsp;<\/p>\n<p>&nbsp;<\/p>\n","protected":false},"excerpt":{"rendered":"<p>Remarque : les commandes sont exp\u00e9di\u00e9es dans un d\u00e9lai de 10 \u00e0 15 jours ouvrables \u00e0 compter de la date<\/p>\n","protected":false},"featured_media":292861,"template":"","meta":[],"product_brand":[],"product_cat":[1947,1945,1946,1906],"product_tag":[2177,4732,2121,4733,4911],"class_list":{"0":"post-292877","1":"product","2":"type-product","3":"status-publish","4":"has-post-thumbnail","6":"product_cat-combinaison-1-pieces-hommes","7":"product_cat-combinaisons-de-moto","8":"product_cat-hommes-combinaisons","9":"product_cat-vetements-de-moto","10":"product_tag-1-combinaison-de-course","11":"product_tag-combinaison-de-course-de-moto","12":"product_tag-combinaison-de-course-homme","13":"product_tag-meilleure-combinaison-de-course-de-moto","14":"product_tag-moto-suit","15":"pa_size-46-xs-fr","16":"pa_size-48-s-fr","17":"pa_size-50-m-fr-2","18":"pa_size-52-l-fr","19":"pa_size-54-xl-fr","20":"pa_size-56-2xl-fr-2","21":"pa_size-58-3xl-fr","22":"pa_size-60-4xl-fr","23":"pa_size-62-5xl-fr","25":"first","26":"instock","27":"sale","28":"taxable","29":"shipping-taxable","30":"purchasable","31":"product-type-variable","32":"has-default-attributes"},"_links":{"self":[{"href":"https:\/\/primomoto.es\/fr\/wp-json\/wp\/v2\/product\/292877","targetHints":{"allow":["GET"]}}],"collection":[{"href":"https:\/\/primomoto.es\/fr\/wp-json\/wp\/v2\/product"}],"about":[{"href":"https:\/\/primomoto.es\/fr\/wp-json\/wp\/v2\/types\/product"}],"wp:featuredmedia":[{"embeddable":true,"href":"https:\/\/primomoto.es\/fr\/wp-json\/wp\/v2\/media\/292861"}],"wp:attachment":[{"href":"https:\/\/primomoto.es\/fr\/wp-json\/wp\/v2\/media?parent=292877"}],"wp:term":[{"taxonomy":"product_brand","embeddable":true,"href":"https:\/\/primomoto.es\/fr\/wp-json\/wp\/v2\/product_brand?post=292877"},{"taxonomy":"product_cat","embeddable":true,"href":"https:\/\/primomoto.es\/fr\/wp-json\/wp\/v2\/product_cat?post=292877"},{"taxonomy":"product_tag","embeddable":true,"href":"https:\/\/primomoto.es\/fr\/wp-json\/wp\/v2\/product_tag?post=292877"}],"curies":[{"name":"wp","href":"https:\/\/api.w.org\/{rel}","templated":true}]}}