{"id":283277,"date":"2024-04-04T18:19:14","date_gmt":"2024-04-05T18:33:25","guid":{"rendered":"https:\/\/primomoto.es\/bela-blaze-man-moto-cuir-bottes-noir-gris-rouge\/"},"modified":"2024-04-05T18:33:25","modified_gmt":"2024-04-05T18:33:25","slug":"bela-blaze-man-moto-cuir-bottes-noir-gris-rouge","status":"publish","type":"product","link":"https:\/\/primomoto.es\/fr\/bela-blaze-man-moto-cuir-bottes-noir-gris-rouge\/","title":{"rendered":"Bela Blaze Man Moto Cuir Bottes Noir \/ Gris \/ Rouge"},"content":{"rendered":"<h2><strong>Bela Blaze Men\u2019s Moto Bottes <\/strong><\/h2>\n<p><strong>La description:<\/strong><\/p>\n<ul>\n<li>Conception agressive avec finition en microfibre caoutchout\u00e9e pour la r\u00e9sistance \u00e0 l&rsquo;abrasion et la durabilit\u00e9.<\/li>\n<li>Microfibre perfor\u00e9e sur l&rsquo;\u0153illet du col de la languette inf\u00e9rieure pour plus de durabilit\u00e9 et une apparence dynamique<\/li>\n<li>Syst\u00e8me de fermeture \u00e0 lacets avec fermeture \u00e0 sangle VELCRO\u00ae r\u00e9glable pour un ajustement facile, s\u00e9curis\u00e9 et confortable<\/li>\n<li>Doublure imperm\u00e9able et respirante<\/li>\n<li>Protecteur de cheville en TPR<\/li>\n<li>Le curseur lat\u00e9ral TPR aide \u00e0 prot\u00e9ger contre l&rsquo;abrasion<\/li>\n<li>Le rembourrage au niveau de la languette et du talon offre des niveaux \u00e9lev\u00e9s de confort et d&rsquo;ajustement autour de la cheville et du cou-de-pied.<\/li>\n<li>Renfort interne au niveau des orteils et du talon superpos\u00e9 sous la tige pour un design plus ergonomique<\/li>\n<li>La semelle cupsole avanc\u00e9e en compos\u00e9 de caoutchouc est moul\u00e9e sur la tige pour offrir stabilit\u00e9, adh\u00e9rence, soutien et offrir un bon confort de marche.<\/li>\n<\/ul>\n","protected":false},"excerpt":{"rendered":"<p>Bela Blaze Men\u2019s Moto Bottes La description: Conception agressive avec finition en microfibre caoutchout\u00e9e pour la r\u00e9sistance \u00e0 l&rsquo;abrasion et<\/p>\n","protected":false},"featured_media":283103,"template":"","meta":[],"product_brand":[],"product_cat":[1907,1909,1908,1906],"product_tag":[],"class_list":{"0":"post-283277","1":"product","2":"type-product","3":"status-publish","4":"has-post-thumbnail","6":"product_cat-bottes-de-moto","7":"product_cat-bottes-urbaines-hommes","8":"product_cat-bottes-moto-hommes","9":"product_cat-vetements-de-moto","10":"pa_size-36-fr","11":"pa_size-37-fr","12":"pa_size-38-fr","13":"pa_size-39-fr","14":"pa_size-40-fr","15":"pa_size-41-fr","16":"pa_size-42-fr","17":"pa_size-43-fr","18":"pa_size-44-fr","19":"pa_size-45-fr","20":"pa_size-46-fr","21":"pa_size-47-fr","22":"pa_size-48-fr","24":"first","25":"outofstock","26":"sale","27":"taxable","28":"shipping-taxable","29":"purchasable","30":"product-type-variable","31":"has-default-attributes"},"_links":{"self":[{"href":"https:\/\/primomoto.es\/fr\/wp-json\/wp\/v2\/product\/283277","targetHints":{"allow":["GET"]}}],"collection":[{"href":"https:\/\/primomoto.es\/fr\/wp-json\/wp\/v2\/product"}],"about":[{"href":"https:\/\/primomoto.es\/fr\/wp-json\/wp\/v2\/types\/product"}],"wp:featuredmedia":[{"embeddable":true,"href":"https:\/\/primomoto.es\/fr\/wp-json\/wp\/v2\/media\/283103"}],"wp:attachment":[{"href":"https:\/\/primomoto.es\/fr\/wp-json\/wp\/v2\/media?parent=283277"}],"wp:term":[{"taxonomy":"product_brand","embeddable":true,"href":"https:\/\/primomoto.es\/fr\/wp-json\/wp\/v2\/product_brand?post=283277"},{"taxonomy":"product_cat","embeddable":true,"href":"https:\/\/primomoto.es\/fr\/wp-json\/wp\/v2\/product_cat?post=283277"},{"taxonomy":"product_tag","embeddable":true,"href":"https:\/\/primomoto.es\/fr\/wp-json\/wp\/v2\/product_tag?post=283277"}],"curies":[{"name":"wp","href":"https:\/\/api.w.org\/{rel}","templated":true}]}}