{"id":282252,"date":"2024-03-21T18:39:09","date_gmt":"2024-03-21T18:49:48","guid":{"rendered":"https:\/\/primomoto.es\/bela-cross-road-extreme-wp-moto-textile-haleter-glace-gris-noir\/"},"modified":"2024-03-21T18:49:48","modified_gmt":"2024-03-21T18:49:48","slug":"bela-cross-road-extreme-wp-moto-textile-haleter-glace-gris-noir","status":"publish","type":"product","link":"https:\/\/primomoto.es\/fr\/bela-cross-road-extreme-wp-moto-textile-haleter-glace-gris-noir\/","title":{"rendered":"Bela Cross Road Extreme WP Moto Textile Haleter Glace\/ Gris\/ Noir"},"content":{"rendered":"<h2><strong>Pantalon textile imperm\u00e9able Bela Cross Road Extreme<\/strong><\/h2>\n<p><strong>S\u00e9curit\u00e9:<\/strong><\/p>\n<ul>\n<li>Mototex abrasion-resistant outer fabric with DWR (dust and water repellent) treatment and waterproof &amp; breathable PU film coating.<\/li>\n<li>Removable CE Approved knee protectors.<\/li>\n<li>Removable eva foam hip protection.<\/li>\n<\/ul>\n<p><strong>Confort:<\/strong><\/p>\n<ul>\n<li>Highly-breathable, removable \u201cC-Dry Tech\u201d waterproof membrane. Connection system to the trousers through a zip around the waist and quick poppers at the ankles.<\/li>\n<li>Removable thermal lining with 100% polyester padding. Connection system to the \u201cC-Dry Tech\u201d membrane through a zip around the waist and quick poppers at the ankles.<\/li>\n<li>Micro-perforated inner lining for improved breathability.<\/li>\n<li>Ventilation openings on the thigh area.<\/li>\n<li>Pre-curved knees greater comfort when riding.<\/li>\n<li>Adjustment system at the bottom part of the leg.<\/li>\n<li>Waist adjustment points.<\/li>\n<\/ul>\n<p><strong>Extra:<\/strong><\/p>\n<ul>\n<li>Two outside pockets with zip fastening.<\/li>\n<li>Zip to join the jacket to the trousers with elasticated points.<\/li>\n<li>Branded zippers.<\/li>\n<\/ul>\n","protected":false},"excerpt":{"rendered":"<p>Pantalon textile imperm\u00e9able Bela Cross Road Extreme S\u00e9curit\u00e9: Mototex abrasion-resistant outer fabric with DWR (dust and water repellent) treatment and<\/p>\n","protected":false},"featured_media":282185,"template":"","meta":[],"product_brand":[],"product_cat":[1955,1954,1957,1906],"product_tag":[],"class_list":{"0":"post-282252","1":"product","2":"type-product","3":"status-publish","4":"has-post-thumbnail","6":"product_cat-hommes-moto-pantalons","7":"product_cat-pantalon-de-moto","8":"product_cat-pantalon-textile-homme","9":"product_cat-vetements-de-moto","10":"pa_size-2xl-fr","11":"pa_size-3xl-fr","12":"pa_size-4xl-fr","13":"pa_size-5xl-fr","14":"pa_size-6xl-fr","15":"pa_size-l-fr","16":"pa_size-m-fr","17":"pa_size-s-fr","18":"pa_size-xl-fr","19":"pa_size-xs-fr","21":"first","22":"outofstock","23":"sale","24":"taxable","25":"shipping-taxable","26":"purchasable","27":"product-type-variable","28":"has-default-attributes"},"_links":{"self":[{"href":"https:\/\/primomoto.es\/fr\/wp-json\/wp\/v2\/product\/282252","targetHints":{"allow":["GET"]}}],"collection":[{"href":"https:\/\/primomoto.es\/fr\/wp-json\/wp\/v2\/product"}],"about":[{"href":"https:\/\/primomoto.es\/fr\/wp-json\/wp\/v2\/types\/product"}],"wp:featuredmedia":[{"embeddable":true,"href":"https:\/\/primomoto.es\/fr\/wp-json\/wp\/v2\/media\/282185"}],"wp:attachment":[{"href":"https:\/\/primomoto.es\/fr\/wp-json\/wp\/v2\/media?parent=282252"}],"wp:term":[{"taxonomy":"product_brand","embeddable":true,"href":"https:\/\/primomoto.es\/fr\/wp-json\/wp\/v2\/product_brand?post=282252"},{"taxonomy":"product_cat","embeddable":true,"href":"https:\/\/primomoto.es\/fr\/wp-json\/wp\/v2\/product_cat?post=282252"},{"taxonomy":"product_tag","embeddable":true,"href":"https:\/\/primomoto.es\/fr\/wp-json\/wp\/v2\/product_tag?post=282252"}],"curies":[{"name":"wp","href":"https:\/\/api.w.org\/{rel}","templated":true}]}}