{"id":282042,"date":"2024-03-21T09:50:01","date_gmt":"2024-03-21T10:02:09","guid":{"rendered":"https:\/\/primomoto.es\/bela-turbo-track-moto-courses-bottes-noir-rouge\/"},"modified":"2024-03-21T10:07:39","modified_gmt":"2024-03-21T10:07:39","slug":"bela-turbo-track-moto-courses-bottes-noir-rouge","status":"publish","type":"product","link":"https:\/\/primomoto.es\/fr\/bela-turbo-track-moto-courses-bottes-noir-rouge\/","title":{"rendered":"Bela Turbo Track Moto Courses Bottes Noir\/Rouge"},"content":{"rendered":"<h3>Bela Turbo Track Moto Cuir Courses Bottes<\/h3>\n<ul>\n<li>Construction ext\u00e9rieure en microfibre : Durable et r\u00e9sistant, con\u00e7u pour r\u00e9sister aux exigences des courses et des aventures hors route.<\/li>\n<li>3D Polyester Mesh Lining : Am\u00e9liore la respirabilit\u00e9 et le confort, gardant les pieds au frais dans les situations de haute pression.<\/li>\n<li>CE Protection approuv\u00e9e : Conforme aux normes IPS IPA de classe 2221, garantissant une s\u00e9curit\u00e9 et des performances maximales.<\/li>\n<li>Protection compl\u00e8te : Il est dot\u00e9 de protections aux chevilles, aux orteils et au talon pour une r\u00e9sistance sup\u00e9rieure aux chocs.<\/li>\n<li>Curseur d&rsquo;orteil en m\u00e9tal et panneau de changement de vitesse en TPU : Offre une durabilit\u00e9 et une fonctionnalit\u00e9 accrues, prot\u00e9geant contre l&rsquo;usure due aux changements de vitesse.<\/li>\n<li>Protecteur de tibia et de talon ventil\u00e9 : Assure une couverture et un confort complets, prot\u00e9geant les zones critiques.<\/li>\n<li>3D Panneau accord\u00e9on :Situ\u00e9 \u00e0 l&rsquo;arri\u00e8re et \u00e0 l&rsquo;avant pour augmenter le mouvement et la flexibilit\u00e9, essentiels \u00e0 l&rsquo;agilit\u00e9 pendant les courses.<\/li>\n<li>Syst\u00e8me de fermeture \u00e0 sangle : Fournit un ajustement s\u00fbr et ajust\u00e9, essentiel pour maintenir la stabilit\u00e9 \u00e0 grande vitesse.<\/li>\n<li>Semelle en caoutchouc antid\u00e9rapante : Offre une adh\u00e9rence et une stabilit\u00e9 exceptionnelles, parfaites pour les pistes de course et les conditions hors route.<\/li>\n<li>Parfait pour la course et le tout-terrain : Combine des fonctionnalit\u00e9s de s\u00e9curit\u00e9 avanc\u00e9es avec une construction robuste pour des performances in\u00e9gal\u00e9es dans n&rsquo;importe quel environnement.<\/li>\n<\/ul>\n","protected":false},"excerpt":{"rendered":"<p>Bela Turbo Track Moto Cuir Courses Bottes Construction ext\u00e9rieure en microfibre : Durable et r\u00e9sistant, con\u00e7u pour r\u00e9sister aux exigences<\/p>\n","protected":false},"featured_media":281977,"template":"","meta":[],"product_brand":[],"product_cat":[1907,1910,1908,1906],"product_tag":[4548],"class_list":{"0":"post-282042","1":"product","2":"type-product","3":"status-publish","4":"has-post-thumbnail","6":"product_cat-bottes-de-moto","7":"product_cat-bottes-de-course-hommes","8":"product_cat-bottes-moto-hommes","9":"product_cat-vetements-de-moto","10":"product_tag-bottes-de-course-de-moto","11":"pa_size-38-fr","12":"pa_size-39-fr","13":"pa_size-40-fr","14":"pa_size-41-fr","15":"pa_size-42-fr","16":"pa_size-43-fr","17":"pa_size-44-fr","18":"pa_size-45-fr","19":"pa_size-46-fr","20":"pa_size-47-fr","21":"pa_size-48-fr","23":"first","24":"outofstock","25":"sale","26":"taxable","27":"shipping-taxable","28":"purchasable","29":"product-type-variable","30":"has-default-attributes"},"_links":{"self":[{"href":"https:\/\/primomoto.es\/fr\/wp-json\/wp\/v2\/product\/282042","targetHints":{"allow":["GET"]}}],"collection":[{"href":"https:\/\/primomoto.es\/fr\/wp-json\/wp\/v2\/product"}],"about":[{"href":"https:\/\/primomoto.es\/fr\/wp-json\/wp\/v2\/types\/product"}],"wp:featuredmedia":[{"embeddable":true,"href":"https:\/\/primomoto.es\/fr\/wp-json\/wp\/v2\/media\/281977"}],"wp:attachment":[{"href":"https:\/\/primomoto.es\/fr\/wp-json\/wp\/v2\/media?parent=282042"}],"wp:term":[{"taxonomy":"product_brand","embeddable":true,"href":"https:\/\/primomoto.es\/fr\/wp-json\/wp\/v2\/product_brand?post=282042"},{"taxonomy":"product_cat","embeddable":true,"href":"https:\/\/primomoto.es\/fr\/wp-json\/wp\/v2\/product_cat?post=282042"},{"taxonomy":"product_tag","embeddable":true,"href":"https:\/\/primomoto.es\/fr\/wp-json\/wp\/v2\/product_tag?post=282042"}],"curies":[{"name":"wp","href":"https:\/\/api.w.org\/{rel}","templated":true}]}}