{"id":281761,"date":"2024-03-20T18:00:45","date_gmt":"2024-03-20T18:26:54","guid":{"rendered":"https:\/\/primomoto.es\/shua-super-tech-moto-courses-bottes-noir\/"},"modified":"2024-03-20T18:41:17","modified_gmt":"2024-03-20T18:41:17","slug":"shua-super-tech-moto-courses-bottes-noir","status":"publish","type":"product","link":"https:\/\/primomoto.es\/fr\/shua-super-tech-moto-courses-bottes-noir\/","title":{"rendered":"Shua Super Tech Moto Courses Bottes Noir"},"content":{"rendered":"<h2>Moto Courses Bottes \u2013 Shua Super Tech Bottes<\/h2>\n<p>La botte S\ufe0fHUA Super-Tech est construite. Tige en microfibre durable et technique offrant de superbes niveaux de flexibilit\u00e9. Zones flexibles avant en accord\u00e9on Rexin et col en microfibre pour un confort et une maniabilit\u00e9 sup\u00e9rieurs.<\/p>\n<ul>\n<li>Trois sangles de fermeture de marque VELCRO\u00ae r\u00e9glables pour une fermeture et un ajustement s\u00fbrs.<\/li>\n<li>Les coques de cheville \u00e0 double densit\u00e9 sont renforc\u00e9es d&rsquo;un rembourrage en mousse pour une protection et un confort des deux c\u00f4t\u00e9s<\/li>\n<li>La doublure du col I\ufe0fnner est confortable et durable<\/li>\n<li>Contreforts internes au talon et aux orteils pour une int\u00e9grit\u00e9 structurelle am\u00e9lior\u00e9e<\/li>\n<li>Semelle exclusive en compos\u00e9 de caoutchouc vulcanis\u00e9 Shua avec un design d&rsquo;enveloppement lat\u00e9ral unique<\/li>\n<li>La semelle interm\u00e9diaire en polyamide \u00e0 haut module inject\u00e9 \u00e9pouse la forme du pied et pr\u00e9sente un renfort de tige structur\u00e9<\/li>\n<li>La protection externe du tibia en TPU s&rsquo;enroule autour du mollet et est con\u00e7ue pour r\u00e9partir et dissiper l&rsquo;\u00e9nergie d&rsquo;impact sur toute la surface tout en restant compacte<\/li>\n<li>Ventilation strat\u00e9giquement positionn\u00e9e au talon et au tibia TPU<\/li>\n<\/ul>\n","protected":false},"excerpt":{"rendered":"<p>Moto Courses Bottes \u2013 Shua Super Tech Bottes La botte S\ufe0fHUA Super-Tech est construite. Tige en microfibre durable et technique<\/p>\n","protected":false},"featured_media":281679,"template":"","meta":[],"product_brand":[],"product_cat":[1907,1910,1908,1906],"product_tag":[4548],"class_list":{"0":"post-281761","1":"product","2":"type-product","3":"status-publish","4":"has-post-thumbnail","6":"product_cat-bottes-de-moto","7":"product_cat-bottes-de-course-hommes","8":"product_cat-bottes-moto-hommes","9":"product_cat-vetements-de-moto","10":"product_tag-bottes-de-course-de-moto","11":"pa_size-40-fr","12":"pa_size-41-fr","13":"pa_size-42-fr","14":"pa_size-43-fr","15":"pa_size-44-fr","16":"pa_size-45-fr","17":"pa_size-46-fr","18":"pa_size-47-fr","19":"pa_size-48-fr","21":"first","22":"outofstock","23":"sale","24":"taxable","25":"shipping-taxable","26":"purchasable","27":"product-type-variable","28":"has-default-attributes"},"_links":{"self":[{"href":"https:\/\/primomoto.es\/fr\/wp-json\/wp\/v2\/product\/281761","targetHints":{"allow":["GET"]}}],"collection":[{"href":"https:\/\/primomoto.es\/fr\/wp-json\/wp\/v2\/product"}],"about":[{"href":"https:\/\/primomoto.es\/fr\/wp-json\/wp\/v2\/types\/product"}],"wp:featuredmedia":[{"embeddable":true,"href":"https:\/\/primomoto.es\/fr\/wp-json\/wp\/v2\/media\/281679"}],"wp:attachment":[{"href":"https:\/\/primomoto.es\/fr\/wp-json\/wp\/v2\/media?parent=281761"}],"wp:term":[{"taxonomy":"product_brand","embeddable":true,"href":"https:\/\/primomoto.es\/fr\/wp-json\/wp\/v2\/product_brand?post=281761"},{"taxonomy":"product_cat","embeddable":true,"href":"https:\/\/primomoto.es\/fr\/wp-json\/wp\/v2\/product_cat?post=281761"},{"taxonomy":"product_tag","embeddable":true,"href":"https:\/\/primomoto.es\/fr\/wp-json\/wp\/v2\/product_tag?post=281761"}],"curies":[{"name":"wp","href":"https:\/\/api.w.org\/{rel}","templated":true}]}}