{"id":281077,"date":"2024-03-18T10:41:07","date_gmt":"2024-03-18T10:41:07","guid":{"rendered":"https:\/\/primomoto.es\/bela-hurricane-wp-lady-textile-veste-noir-turquesa\/"},"modified":"2024-03-18T11:21:56","modified_gmt":"2024-03-18T11:21:56","slug":"bela-hurricane-wp-lady-textile-veste-noir-turquesa","status":"publish","type":"product","link":"https:\/\/primomoto.es\/fr\/bela-hurricane-wp-lady-textile-veste-noir-turquesa\/","title":{"rendered":"Bela Hurricane WP Lady Textile Veste Noir \/ Turquesa"},"content":{"rendered":"<h2><strong><span style=\"vertical-align: inherit;\">Bela Hurricane Lady<\/span><\/strong> <strong><span style=\"vertical-align: inherit;\">Imperm\u00e9able moto veste pour femmes.<\/span><\/strong><\/h2>\n<p><strong><span style=\"vertical-align: inherit;\">La description:<\/span><\/strong><\/p>\n<ul>\n<li><strong><span style=\"vertical-align: inherit;\">Outer material:<\/span><\/strong><span style=\"vertical-align: inherit;\"> 600D nylon<\/span><\/li>\n<li><span style=\"vertical-align: inherit;\">Shoulder and elbow reinforcements: 1680D polyester<\/span><\/li>\n<li><strong><span style=\"vertical-align: inherit;\">Lining:<\/span><\/strong><span style=\"vertical-align: inherit;\"> 100% polyester.<\/span><\/li>\n<li><span style=\"vertical-align: inherit;\">Doublure imperm\u00e9able amovible<\/span><\/li>\n<li><span style=\"vertical-align: inherit;\">Doublure thermique amovible<\/span><\/li>\n<li><span style=\"vertical-align: inherit;\">Protections d&rsquo;\u00e9paules et de coudes certifi\u00e9es CE<\/span><\/li>\n<li><strong><span style=\"vertical-align: inherit;\">Principal fermeture:<\/span><\/strong> <span style=\"vertical-align: inherit;\">Fermeture \u00e9clair et bretelles de marque Vislon avec boutons m\u00e9talliques.<\/span><\/li>\n<li><strong><span style=\"vertical-align: inherit;\">Syst\u00e8me de ventilation:<\/span><\/strong><span style=\"vertical-align: inherit;\">deux ouvertures zipp\u00e9es sur le devant,<\/span><\/li>\n<li><span style=\"vertical-align: inherit;\">Deux fentes zipp\u00e9es au dos sur les \u00e9paules,<\/span><\/li>\n<li><span style=\"vertical-align: inherit;\">Deux ouvertures dans les manches.<\/span><\/li>\n<li><span style=\"vertical-align: inherit;\">Ouvertures zipp\u00e9es pour la ventilation sous les poches poitrine.<\/span><\/li>\n<li><span style=\"vertical-align: inherit;\">Quatre poches ext\u00e9rieures sur le devant, ferm\u00e9es par un bouton pression et un velcro<\/span><\/li>\n<li><span style=\"vertical-align: inherit;\">Une grande poche ext\u00e9rieure au dos.<\/span><\/li>\n<li><span style=\"vertical-align: inherit;\">Removable sleeves.<\/span><\/li>\n<li><strong><span style=\"vertical-align: inherit;\">Ajustement des manches:<\/span><\/strong><span style=\"vertical-align: inherit;\">deux sangles velcro<\/span><\/li>\n<li><strong><span style=\"vertical-align: inherit;\">Ajustement du poignet &#8211;<\/span><\/strong> <span style=\"vertical-align: inherit;\">Bande velcro<\/span><\/li>\n<li><strong><span style=\"vertical-align: inherit;\">Ajustement de la taille &#8211;<\/span><\/strong> <span style=\"vertical-align: inherit;\">Bande velcro<\/span><\/li>\n<li><span style=\"vertical-align: inherit;\">Finition du manche lisse<\/span><\/li>\n<li><span style=\"vertical-align: inherit;\">\u00c9l\u00e9ments r\u00e9fl\u00e9chissants pour une visibilit\u00e9 nocturne.<\/span><\/li>\n<li><span style=\"vertical-align: inherit;\">Syst\u00e8me de transport de sacs d&rsquo;eau<\/span><\/li>\n<li><span style=\"vertical-align: inherit;\">Fermeture \u00e9clair \u00e0 fixer avec un pantalon.<\/span><\/li>\n<\/ul>\n","protected":false},"excerpt":{"rendered":"<p>Bela Hurricane Lady Imperm\u00e9able moto veste pour femmes. La description: Outer material: 600D nylon Shoulder and elbow reinforcements: 1680D polyester<\/p>\n","protected":false},"featured_media":281053,"template":"","meta":[],"product_brand":[],"product_cat":[1935,1933,1929,1906],"product_tag":[4841],"class_list":{"0":"post-281077","1":"product","2":"type-product","3":"status-publish","4":"has-post-thumbnail","6":"product_cat-blouson-textile-femme","7":"product_cat-blousons-moto-femme","8":"product_cat-vestes-de-moto","9":"product_cat-vetements-de-moto","10":"product_tag-dames-vestes","11":"pa_size-2xl-fr","12":"pa_size-2xs-fr","13":"pa_size-3xl-fr","14":"pa_size-4xl-fr","15":"pa_size-5xl-fr","16":"pa_size-l-fr","17":"pa_size-m-fr","18":"pa_size-s-fr","19":"pa_size-xl-fr","20":"pa_size-xs-fr","22":"first","23":"outofstock","24":"sale","25":"taxable","26":"shipping-taxable","27":"purchasable","28":"product-type-variable","29":"has-default-attributes"},"_links":{"self":[{"href":"https:\/\/primomoto.es\/fr\/wp-json\/wp\/v2\/product\/281077","targetHints":{"allow":["GET"]}}],"collection":[{"href":"https:\/\/primomoto.es\/fr\/wp-json\/wp\/v2\/product"}],"about":[{"href":"https:\/\/primomoto.es\/fr\/wp-json\/wp\/v2\/types\/product"}],"wp:featuredmedia":[{"embeddable":true,"href":"https:\/\/primomoto.es\/fr\/wp-json\/wp\/v2\/media\/281053"}],"wp:attachment":[{"href":"https:\/\/primomoto.es\/fr\/wp-json\/wp\/v2\/media?parent=281077"}],"wp:term":[{"taxonomy":"product_brand","embeddable":true,"href":"https:\/\/primomoto.es\/fr\/wp-json\/wp\/v2\/product_brand?post=281077"},{"taxonomy":"product_cat","embeddable":true,"href":"https:\/\/primomoto.es\/fr\/wp-json\/wp\/v2\/product_cat?post=281077"},{"taxonomy":"product_tag","embeddable":true,"href":"https:\/\/primomoto.es\/fr\/wp-json\/wp\/v2\/product_tag?post=281077"}],"curies":[{"name":"wp","href":"https:\/\/api.w.org\/{rel}","templated":true}]}}