{"id":279827,"date":"2024-02-27T11:20:17","date_gmt":"2024-02-27T11:20:17","guid":{"rendered":"https:\/\/primomoto.es\/shua-infinity-moto-courses-costume-1pc-noir-rouge\/"},"modified":"2024-02-28T10:11:20","modified_gmt":"2024-02-28T10:11:20","slug":"shua-infinity-moto-courses-costume-1-pc-noir-rouge","status":"publish","type":"product","link":"https:\/\/primomoto.es\/fr\/shua-infinity-moto-courses-costume-1-pc-noir-rouge\/","title":{"rendered":"Shua Infinity Moto Courses Costume 1PC Noir\/Rouge"},"content":{"rendered":"<h2><strong><span style=\"vertical-align: inherit;\"><span style=\"vertical-align: inherit;\">Combinaison de moto en cuir une pi\u00e8ce Shua Infinity <\/span><\/span><\/strong><\/h2>\n<p><strong><span style=\"vertical-align: inherit;\"><span style=\"vertical-align: inherit;\">Mat\u00e9riaux:<\/span><\/span><\/strong><\/p>\n<ul>\n<li><span style=\"vertical-align: inherit;\"><span style=\"vertical-align: inherit;\">Fabriqu\u00e9 \u00e0 100% en cuir v\u00e9ritable<\/span><\/span><\/li>\n<li><span style=\"vertical-align: inherit;\"><span style=\"vertical-align: inherit;\">Cuir pleine fleur de premi\u00e8re qualit\u00e9 1,0-1,2 mm<\/span><\/span><\/li>\n<\/ul>\n<p><strong><span style=\"vertical-align: inherit;\"><span style=\"vertical-align: inherit;\">Informations techniques:<\/span><\/span><\/strong><\/p>\n<ul>\n<li><span style=\"vertical-align: inherit;\"><span style=\"vertical-align: inherit;\">Tissu extensible au coude, \u00e0 l&rsquo;entrejambe et au genou arri\u00e8re pour offrir souplesse et confort<\/span><\/span><\/li>\n<li><span style=\"vertical-align: inherit;\"><span style=\"vertical-align: inherit;\">Doublure fixe en maille au mollet pour offrir un meilleur confort<\/span><\/span><\/li>\n<li><span style=\"vertical-align: inherit;\"><span style=\"vertical-align: inherit;\">Protections internes homologu\u00e9es CE aux coudes, hanches et genoux<\/span><\/span><\/li>\n<li><span style=\"vertical-align: inherit;\"><span style=\"vertical-align: inherit;\">Bosse a\u00e9rodynamique<\/span><\/span><\/li>\n<li><span style=\"vertical-align: inherit;\"><span style=\"vertical-align: inherit;\">Panneaux en cuir \u00e9lastiqu\u00e9s aux genoux, \u00e0 la taille au dos, aux emmanchures au dos pour un mouvement confortable et flexible<\/span><\/span><\/li>\n<li><span style=\"vertical-align: inherit;\"><span style=\"vertical-align: inherit;\">N\u00e9opr\u00e8ne aux poignets et \u00e0 l&rsquo;ourlet pour r\u00e9duire l&rsquo;\u00e9paisseur et offrir un plus grand confort<\/span><\/span><\/li>\n<li><span style=\"vertical-align: inherit;\"><span style=\"vertical-align: inherit;\">Renfort en cuir double couche aux coudes, aux \u00e9paules et au si\u00e8ge<\/span><\/span><\/li>\n<li><span style=\"vertical-align: inherit;\"><span style=\"vertical-align: inherit;\">Velcro \u00e0 l&rsquo;int\u00e9rieur du panneau avant pour faciliter un protecteur de poitrine si n\u00e9cessaire<\/span><\/span><\/li>\n<li><span style=\"vertical-align: inherit;\"><span style=\"vertical-align: inherit;\">Rembourrage de l&rsquo;os de la queue<\/span><\/span><\/li>\n<li><span style=\"vertical-align: inherit;\"><span style=\"vertical-align: inherit;\">Sliders genoux amovibles<\/span><\/span><\/li>\n<\/ul>\n","protected":false},"excerpt":{"rendered":"<div class=\"woocommerce-product-details__short-description\">\n<p><span style=\"vertical-align: inherit;\"><span style=\"vertical-align: inherit;\">Shua Infinity Motorcycle suit is made of 100% real leather. <\/span><span style=\"vertical-align: inherit;\">For better comfort it has fixed mesh lining. <\/span><span style=\"vertical-align: inherit;\">CE Approved Protectors make it one of the best protective racing suit.<\/span><\/span><\/p>\n<\/div>\n","protected":false},"featured_media":279781,"template":"","meta":[],"product_brand":[],"product_cat":[1947,1945,3267,1946,1906],"product_tag":[4829],"class_list":{"0":"post-279827","1":"product","2":"type-product","3":"status-publish","4":"has-post-thumbnail","6":"product_cat-combinaison-1-pieces-hommes","7":"product_cat-combinaisons-de-moto","8":"product_cat-courses","9":"product_cat-hommes-combinaisons","10":"product_cat-vetements-de-moto","11":"product_tag-moto-costumes","12":"pa_size-46-xs-fr","13":"pa_size-48-s-fr","14":"pa_size-50-m-fr-2","15":"pa_size-52-l-fr","16":"pa_size-54-xl-fr","17":"pa_size-56-2xl-fr-2","18":"pa_size-58-3xl-fr","19":"pa_size-60-4xl-fr","20":"pa_size-62-5xl-fr","21":"pa_size-64-6xl-fr","22":"pa_size-66-7xl-fr","23":"pa_size-68-8xl-fr","25":"first","26":"outofstock","27":"sale","28":"taxable","29":"shipping-taxable","30":"purchasable","31":"product-type-variable","32":"has-default-attributes"},"_links":{"self":[{"href":"https:\/\/primomoto.es\/fr\/wp-json\/wp\/v2\/product\/279827","targetHints":{"allow":["GET"]}}],"collection":[{"href":"https:\/\/primomoto.es\/fr\/wp-json\/wp\/v2\/product"}],"about":[{"href":"https:\/\/primomoto.es\/fr\/wp-json\/wp\/v2\/types\/product"}],"wp:featuredmedia":[{"embeddable":true,"href":"https:\/\/primomoto.es\/fr\/wp-json\/wp\/v2\/media\/279781"}],"wp:attachment":[{"href":"https:\/\/primomoto.es\/fr\/wp-json\/wp\/v2\/media?parent=279827"}],"wp:term":[{"taxonomy":"product_brand","embeddable":true,"href":"https:\/\/primomoto.es\/fr\/wp-json\/wp\/v2\/product_brand?post=279827"},{"taxonomy":"product_cat","embeddable":true,"href":"https:\/\/primomoto.es\/fr\/wp-json\/wp\/v2\/product_cat?post=279827"},{"taxonomy":"product_tag","embeddable":true,"href":"https:\/\/primomoto.es\/fr\/wp-json\/wp\/v2\/product_tag?post=279827"}],"curies":[{"name":"wp","href":"https:\/\/api.w.org\/{rel}","templated":true}]}}