{"id":279514,"date":"2024-01-30T09:05:42","date_gmt":"2024-01-30T09:05:42","guid":{"rendered":"https:\/\/primomoto.es\/bela-elanur-lady-veste-noir-turquoise\/"},"modified":"2024-01-30T09:23:56","modified_gmt":"2024-01-30T09:23:56","slug":"bela-elanur-lady-veste-noir-turquoise","status":"publish","type":"product","link":"https:\/\/primomoto.es\/fr\/bela-elanur-lady-veste-noir-turquoise\/","title":{"rendered":"Bela Elanur Lady Veste Noir\/Turquoise"},"content":{"rendered":"<h2><strong><span style=\"vertical-align: inherit;\">Veste de moto pour femme &#8211; Bela Elanur Lady Jacket<\/span><\/strong><\/h2>\n<p><strong><span style=\"vertical-align: inherit;\">La description:<\/span><\/strong><\/p>\n<ul>\n<li><span style=\"vertical-align: inherit;\">Tissu polyester haute densit\u00e9 500D<\/span><\/li>\n<li><span style=\"vertical-align: inherit;\">Tissu agr\u00e9able et doux au col<\/span><\/li>\n<li><span style=\"vertical-align: inherit;\">Inserts de doublure en filet de polyester \u00e0 l&rsquo;int\u00e9rieur<\/span><\/li>\n<li><span style=\"vertical-align: inherit;\">Doublure thermique amovible<\/span><\/li>\n<li><span style=\"vertical-align: inherit;\">Protecteurs composites amovibles<\/span><\/li>\n<li><span style=\"vertical-align: inherit;\">Remplissage de la zone des \u00e9paules et du poing<\/span><\/li>\n<li><span style=\"vertical-align: inherit;\">Poignet \u00e0 fermeture velcro<\/span><\/li>\n<li><span style=\"vertical-align: inherit;\">Deux poches chauffe-mains<\/span><\/li>\n<li><span style=\"vertical-align: inherit;\">\u00c9l\u00e9ments r\u00e9fl\u00e9chissants pour une visibilit\u00e9 nocturne<\/span><\/li>\n<li><span style=\"vertical-align: inherit;\">FERMETURE \u00c0 GLISSI\u00c8RE : fermetures \u00e0 glissi\u00e8re de la meilleure qualit\u00e9 de marque MAX.<\/span><\/li>\n<\/ul>\n","protected":false},"excerpt":{"rendered":"<p>Veste de moto pour femme &#8211; Bela Elanur Lady Jacket La description: Tissu polyester haute densit\u00e9 500D Tissu agr\u00e9able et<\/p>\n","protected":false},"featured_media":279408,"template":"","meta":[],"product_brand":[],"product_cat":[1935,1933,1929,1906],"product_tag":[],"class_list":{"0":"post-279514","1":"product","2":"type-product","3":"status-publish","4":"has-post-thumbnail","6":"product_cat-blouson-textile-femme","7":"product_cat-blousons-moto-femme","8":"product_cat-vestes-de-moto","9":"product_cat-vetements-de-moto","10":"pa_size-2xl-fr","11":"pa_size-2xs-fr","12":"pa_size-3xl-fr","13":"pa_size-l-fr","14":"pa_size-m-fr","15":"pa_size-s-fr","16":"pa_size-xl-fr","17":"pa_size-xs-fr","19":"first","20":"outofstock","21":"sale","22":"taxable","23":"shipping-taxable","24":"purchasable","25":"product-type-variable","26":"has-default-attributes"},"_links":{"self":[{"href":"https:\/\/primomoto.es\/fr\/wp-json\/wp\/v2\/product\/279514","targetHints":{"allow":["GET"]}}],"collection":[{"href":"https:\/\/primomoto.es\/fr\/wp-json\/wp\/v2\/product"}],"about":[{"href":"https:\/\/primomoto.es\/fr\/wp-json\/wp\/v2\/types\/product"}],"wp:featuredmedia":[{"embeddable":true,"href":"https:\/\/primomoto.es\/fr\/wp-json\/wp\/v2\/media\/279408"}],"wp:attachment":[{"href":"https:\/\/primomoto.es\/fr\/wp-json\/wp\/v2\/media?parent=279514"}],"wp:term":[{"taxonomy":"product_brand","embeddable":true,"href":"https:\/\/primomoto.es\/fr\/wp-json\/wp\/v2\/product_brand?post=279514"},{"taxonomy":"product_cat","embeddable":true,"href":"https:\/\/primomoto.es\/fr\/wp-json\/wp\/v2\/product_cat?post=279514"},{"taxonomy":"product_tag","embeddable":true,"href":"https:\/\/primomoto.es\/fr\/wp-json\/wp\/v2\/product_tag?post=279514"}],"curies":[{"name":"wp","href":"https:\/\/api.w.org\/{rel}","templated":true}]}}