{"id":209778,"date":"2023-07-10T09:18:19","date_gmt":"2023-07-10T09:18:19","guid":{"rendered":"https:\/\/primomoto.es\/shua-infinity-dame-moto-courses-costume-2-pc-noir-fuchsia\/"},"modified":"2023-07-10T11:27:20","modified_gmt":"2023-07-10T11:27:20","slug":"shua-infinity-dame-moto-courses-costume-2-pc-noir-fuchsia","status":"publish","type":"product","link":"https:\/\/primomoto.es\/fr\/shua-infinity-dame-moto-courses-costume-2-pc-noir-fuchsia\/","title":{"rendered":"Shua Infinity Dame Moto Courses Costume 2 PC Noir \/ Fuchsia"},"content":{"rendered":"<p><b><strong>Combinaison de moto en cuir 2 pi\u00e8ces Shua Infinity Lady<\/strong><\/b><\/p>\n<p>Pr\u00e9sent\u00e9 dans des couleurs vives et m\u00e9ticuleusement con\u00e7u pour les passionn\u00e9s de moto. Promet un confort, une flexibilit\u00e9 et une s\u00e9curit\u00e9 in\u00e9gal\u00e9s pour les motards<\/p>\n<p><b><strong>Mat\u00e9riaux:<\/strong><\/b><\/p>\n<ul>\n<li>Fabriqu\u00e9 \u00e0 partir de cuir pleine fleur de qualit\u00e9 sup\u00e9rieure de 1,0 \u00e0 1,2 mm, r\u00e9put\u00e9 pour sa durabilit\u00e9 et son confort.<\/li>\n<li>Les zones les plus expos\u00e9es sont en polyester Cordura 600D, qui garantit une haute r\u00e9sistance \u00e0 l&rsquo;abrasion.<\/li>\n<li>La mise en \u0153uvre de n\u00e9opr\u00e8ne dans certaines zones augmente le confort, offrant un plus grand confort.<\/li>\n<li>Le tissu extensible au coude, \u00e0 l&rsquo;entrejambe et au genou arri\u00e8re assure une flexibilit\u00e9 et un ajustement optimal.<\/li>\n<li>Des fermetures \u00e0 glissi\u00e8re YKK de qualit\u00e9 sup\u00e9rieure, connues pour leur fiabilit\u00e9 et leur fonctionnement fluide, sont utilis\u00e9es dans toute la combinaison pour une fermeture s\u00e9curis\u00e9e.<\/li>\n<\/ul>\n<p><b><strong>Protection and Confort<\/strong><\/b> :<\/p>\n<ul>\n<li>La combinaison est \u00e9quip\u00e9e de protections internes homologu\u00e9es CE sur les coudes, les hanches et les genoux, y compris les genoux en PU SW &#8211; 1003 &#8211; E\/K Type B et les \u00e9paules en PU SW &#8211; 111 &#8211; S Type B pour une protection solide contre les chocs.<\/li>\n<li>Les caract\u00e9ristiques de s\u00e9curit\u00e9 suppl\u00e9mentaires incluent une bosse a\u00e9rodynamique en mousse PU (GP), un rembourrage du coccyx et une protection arri\u00e8re en caoutchouc (GP) de 8 mm.<\/li>\n<li>Renfort en cuir double couche sur les coudes et les \u00e9paules pour une s\u00e9curit\u00e9 maximale dans les zones d&rsquo;impact critiques.<\/li>\n<li>La combinaison int\u00e8gre des genouill\u00e8res amovibles pour la personnaliser selon les pr\u00e9f\u00e9rences du motard.<\/li>\n<li>L&rsquo;homologation de cette combinaison a l&rsquo;approbation CE Classe AAA selon EN 17092-2:2020, ce qui signifie qu&rsquo;elle est conforme aux normes de s\u00e9curit\u00e9 les plus \u00e9lev\u00e9es dans l&rsquo;utilisation des motos.<\/li>\n<\/ul>\n","protected":false},"excerpt":{"rendered":"<p>Combinaison de moto en cuir 2 pi\u00e8ces Shua Infinity Lady Pr\u00e9sent\u00e9 dans des couleurs vives et m\u00e9ticuleusement con\u00e7u pour les<\/p>\n","protected":false},"featured_media":290567,"template":"","meta":[],"product_brand":[],"product_cat":[1951,1945,1949,1906],"product_tag":[],"class_list":{"0":"post-209778","1":"product","2":"type-product","3":"status-publish","4":"has-post-thumbnail","6":"product_cat-combinaison-2-pieces-femmes","7":"product_cat-combinaisons-de-moto","8":"product_cat-femmes-combinaisons","9":"product_cat-vetements-de-moto","10":"pa_size-36-fr","11":"pa_size-38-fr","12":"pa_size-40-fr","13":"pa_size-42-fr","14":"pa_size-44-fr","15":"pa_size-46-fr","16":"pa_size-48-fr","17":"pa_size-50-fr","19":"first","20":"outofstock","21":"sale","22":"taxable","23":"shipping-taxable","24":"purchasable","25":"product-type-variable","26":"has-default-attributes"},"_links":{"self":[{"href":"https:\/\/primomoto.es\/fr\/wp-json\/wp\/v2\/product\/209778","targetHints":{"allow":["GET"]}}],"collection":[{"href":"https:\/\/primomoto.es\/fr\/wp-json\/wp\/v2\/product"}],"about":[{"href":"https:\/\/primomoto.es\/fr\/wp-json\/wp\/v2\/types\/product"}],"wp:featuredmedia":[{"embeddable":true,"href":"https:\/\/primomoto.es\/fr\/wp-json\/wp\/v2\/media\/290567"}],"wp:attachment":[{"href":"https:\/\/primomoto.es\/fr\/wp-json\/wp\/v2\/media?parent=209778"}],"wp:term":[{"taxonomy":"product_brand","embeddable":true,"href":"https:\/\/primomoto.es\/fr\/wp-json\/wp\/v2\/product_brand?post=209778"},{"taxonomy":"product_cat","embeddable":true,"href":"https:\/\/primomoto.es\/fr\/wp-json\/wp\/v2\/product_cat?post=209778"},{"taxonomy":"product_tag","embeddable":true,"href":"https:\/\/primomoto.es\/fr\/wp-json\/wp\/v2\/product_tag?post=209778"}],"curies":[{"name":"wp","href":"https:\/\/api.w.org\/{rel}","templated":true}]}}