{"id":209437,"date":"2023-07-06T07:07:38","date_gmt":"2023-07-06T07:22:37","guid":{"rendered":"https:\/\/primomoto.es\/smk-retro-ranko-decorated-gloss-casque-ma260\/"},"modified":"2023-07-06T07:22:37","modified_gmt":"2023-07-06T07:22:37","slug":"smk-retro-ranko-decorated-gloss-casque-ma260","status":"publish","type":"product","link":"https:\/\/primomoto.es\/fr\/smk-retro-ranko-decorated-gloss-casque-ma260\/","title":{"rendered":"SMK Retro Ranko Decorated Gloss Casque (MA260)"},"content":{"rendered":"<p>Le SMK Retro ne se d\u00e9mode jamais ! Le SMK Retro est un casque int\u00e9gral de moto et de deux-roues dot\u00e9 d&rsquo;une esth\u00e9tique de conception intemporelle, associ\u00e9e \u00e0 des mat\u00e9riaux avanc\u00e9s absorbant les chocs pour offrir aux cyclistes une protection sup\u00e9rieure. Le Retro peut \u00e9galement \u00eatre personnalis\u00e9 en fonction des pr\u00e9f\u00e9rences individuelles et des go\u00fbts de style de vie de chaque moto. Le tissu en daim moelleux et le rembourrage en cuir v\u00e9ritable \u00e9pousent le visage du pilote pour une sensation extra riche et confortable pour le casque. Les caches lat\u00e9raux suppl\u00e9mentaires en font une bonne option \u00e0 utiliser avec des lunettes de soleil ou des lunettes de moto.<\/p>\n<p>Caract\u00e9ristiques principales:<\/p>\n<ul>\n<li>Coque ext\u00e9rieure en mat\u00e9riau thermoplastique EIRT (Energy Impact Resistant Thermoplastic).<\/li>\n<li>2 tailles de coque pour un meilleur ajustement \u00e0 chaque taille.<\/li>\n<li>Int\u00e9rieur EPS multi-densit\u00e9.<\/li>\n<li>Syst\u00e8me de ventilation form\u00e9 par des entr\u00e9es d&rsquo;air sur la mentonni\u00e8re et dans la zone sup\u00e9rieure pour une excellente circulation de l&rsquo;air.<\/li>\n<li>Int\u00e9rieur antiallergique enti\u00e8rement d\u00e9montable et lavable. Il a des propri\u00e9t\u00e9s antistatiques et se distingue par sa haute respirabilit\u00e9 et son s\u00e9chage rapide.<\/li>\n<li>Ecran incolore avec traitement anti-rayures. Il a un traitement anti-UV.<\/li>\n<li>Pr\u00e9disposition pour monter une feuille anti-bu\u00e9e Pinlock (non incluse).<\/li>\n<li>Comprend des capuchons lat\u00e9raux pour porter des lunettes de soleil ou des lunettes.<\/li>\n<li>Fermeture \u00e0 double boucle avec sangle renforc\u00e9e.<\/li>\n<\/ul>\n","protected":false},"excerpt":{"rendered":"<p>Le SMK Retro ne se d\u00e9mode jamais ! Le SMK Retro est un casque int\u00e9gral de moto et de deux-roues<\/p>\n","protected":false},"featured_media":209426,"template":"","meta":[],"product_brand":[],"product_cat":[1921,1916,1917,1906],"product_tag":[4745],"class_list":{"0":"post-209437","1":"product","2":"type-product","3":"status-publish","4":"has-post-thumbnail","6":"product_cat-casque-integral-hommes","7":"product_cat-casques-de-moto","8":"product_cat-hommes-moto-casques","9":"product_cat-vetements-de-moto","10":"product_tag-full-face-helmet-fr","11":"pa_size-l-fr","12":"pa_size-m-fr","13":"pa_size-s-fr","14":"pa_size-xl-fr","15":"pa_size-xs-fr","17":"first","18":"outofstock","19":"sale","20":"taxable","21":"shipping-taxable","22":"purchasable","23":"product-type-variable","24":"has-default-attributes"},"_links":{"self":[{"href":"https:\/\/primomoto.es\/fr\/wp-json\/wp\/v2\/product\/209437","targetHints":{"allow":["GET"]}}],"collection":[{"href":"https:\/\/primomoto.es\/fr\/wp-json\/wp\/v2\/product"}],"about":[{"href":"https:\/\/primomoto.es\/fr\/wp-json\/wp\/v2\/types\/product"}],"wp:featuredmedia":[{"embeddable":true,"href":"https:\/\/primomoto.es\/fr\/wp-json\/wp\/v2\/media\/209426"}],"wp:attachment":[{"href":"https:\/\/primomoto.es\/fr\/wp-json\/wp\/v2\/media?parent=209437"}],"wp:term":[{"taxonomy":"product_brand","embeddable":true,"href":"https:\/\/primomoto.es\/fr\/wp-json\/wp\/v2\/product_brand?post=209437"},{"taxonomy":"product_cat","embeddable":true,"href":"https:\/\/primomoto.es\/fr\/wp-json\/wp\/v2\/product_cat?post=209437"},{"taxonomy":"product_tag","embeddable":true,"href":"https:\/\/primomoto.es\/fr\/wp-json\/wp\/v2\/product_tag?post=209437"}],"curies":[{"name":"wp","href":"https:\/\/api.w.org\/{rel}","templated":true}]}}