{"id":198315,"date":"2023-06-26T09:04:12","date_gmt":"2023-06-26T09:33:59","guid":{"rendered":"https:\/\/primomoto.es\/givi-atomic-50-9-full-casque-argent-titane-bleu\/"},"modified":"2023-06-26T13:23:49","modified_gmt":"2023-06-26T13:23:49","slug":"givi-atomic-50-9-casque-integral-argent-titane-bleu","status":"publish","type":"product","link":"https:\/\/primomoto.es\/fr\/givi-atomic-50-9-casque-integral-argent-titane-bleu\/","title":{"rendered":"GIVI Atomic 50.9 Full Casque Argent Titane Bleu"},"content":{"rendered":"<p>GIVI pr\u00e9sente its full face moto casque 50.8 &#8211; BRAVE:<\/p>\n<p>S\u00e9curit\u00e9:<\/p>\n<ul>\n<li>Fabriqu\u00e9 en polycarbonate inject\u00e9, en raison de sa r\u00e9sistance aux chocs et de son poids mod\u00e9r\u00e9 de (1490 g +\/- 50)<\/li>\n<li>Fermeture \u00e0 anneau microm\u00e9trique, rapide et efficace<\/li>\n<\/ul>\n<p>Visibilit\u00e9:<\/p>\n<ul>\n<li>\u00c9cran incolore avec traitement anti-rayures<\/li>\n<li>Livr\u00e9 avec un film Pinlock<\/li>\n<li>Comprend une visi\u00e8re sp\u00e9ciale<\/li>\n<li>pare-soleil int\u00e9gr\u00e9<\/li>\n<\/ul>\n<p>\u00c9vents:<\/p>\n<ul>\n<li>2 a\u00e9rations frontales pour un flux d&rsquo;air optimis\u00e9<\/li>\n<li>1 ventilation sur la mentonni\u00e8re pour limiter la formation de condensation<\/li>\n<li>2 extracteurs \u00e0 l&rsquo;arri\u00e8re pour \u00e9vacuer l&rsquo;air chaud et vici\u00e9<\/li>\n<\/ul>\n<p>Les avantages:<\/p>\n<ul>\n<li>Int\u00e9rieur enti\u00e8rement d\u00e9montable et lavable<\/li>\n<li>Int\u00e9rieur en tissu hypoallerg\u00e9nique<\/li>\n<li>prot\u00e8ge-nez amovible<\/li>\n<li>prot\u00e8ge-menton amovible<\/li>\n<\/ul>\n","protected":false},"excerpt":{"rendered":"<p>GIVI pr\u00e9sente its full face moto casque 50.8 &#8211; BRAVE: S\u00e9curit\u00e9: Fabriqu\u00e9 en polycarbonate inject\u00e9, en raison de sa r\u00e9sistance<\/p>\n","protected":false},"featured_media":198276,"template":"","meta":[],"product_brand":[],"product_cat":[1906],"product_tag":[4744],"class_list":{"0":"post-198315","1":"product","2":"type-product","3":"status-publish","4":"has-post-thumbnail","6":"product_cat-vetements-de-moto","7":"product_tag-racing-helmet-fr","8":"pa_size-2xl-fr","9":"pa_size-l-fr","10":"pa_size-m-fr","11":"pa_size-s-fr","12":"pa_size-xl-fr","13":"pa_size-xs-fr","15":"first","16":"instock","17":"sale","18":"taxable","19":"shipping-taxable","20":"purchasable","21":"product-type-variable","22":"has-default-attributes"},"_links":{"self":[{"href":"https:\/\/primomoto.es\/fr\/wp-json\/wp\/v2\/product\/198315","targetHints":{"allow":["GET"]}}],"collection":[{"href":"https:\/\/primomoto.es\/fr\/wp-json\/wp\/v2\/product"}],"about":[{"href":"https:\/\/primomoto.es\/fr\/wp-json\/wp\/v2\/types\/product"}],"wp:featuredmedia":[{"embeddable":true,"href":"https:\/\/primomoto.es\/fr\/wp-json\/wp\/v2\/media\/198276"}],"wp:attachment":[{"href":"https:\/\/primomoto.es\/fr\/wp-json\/wp\/v2\/media?parent=198315"}],"wp:term":[{"taxonomy":"product_brand","embeddable":true,"href":"https:\/\/primomoto.es\/fr\/wp-json\/wp\/v2\/product_brand?post=198315"},{"taxonomy":"product_cat","embeddable":true,"href":"https:\/\/primomoto.es\/fr\/wp-json\/wp\/v2\/product_cat?post=198315"},{"taxonomy":"product_tag","embeddable":true,"href":"https:\/\/primomoto.es\/fr\/wp-json\/wp\/v2\/product_tag?post=198315"}],"curies":[{"name":"wp","href":"https:\/\/api.w.org\/{rel}","templated":true}]}}