{"id":197355,"date":"2023-06-22T08:04:50","date_gmt":"2023-06-22T08:04:50","guid":{"rendered":"https:\/\/primomoto.es\/shua-infinity-moto-courses-costume-2pc-noir-jaune\/"},"modified":"2023-06-22T08:57:34","modified_gmt":"2023-06-22T08:57:34","slug":"shua-infinity-moto-courses-costume-2pc-noir-jaune","status":"publish","type":"product","link":"https:\/\/primomoto.es\/fr\/shua-infinity-moto-courses-costume-2pc-noir-jaune\/","title":{"rendered":"Shua Infinity Moto Courses Costume 2PC Noir \/ Jaune"},"content":{"rendered":"<h2>Combinaison de course de moto Shua Infinity 2PC<\/h2>\n<p><strong>Mat\u00e9riel:<\/strong><\/p>\n<ul>\n<li>Fabriqu\u00e9 \u00e0 100% en cuir v\u00e9ritable<\/li>\n<li>Cuir pleine fleur de premi\u00e8re qualit\u00e9 1,0-1,2 mm<\/li>\n<\/ul>\n<p><strong>Informations techniques:<\/strong><\/p>\n<ul>\n<li>Tissu extensible au coude, \u00e0 l&rsquo;entrejambe et au genou arri\u00e8re pour offrir souplesse et confort<\/li>\n<li>Doublure fixe en maille au mollet pour offrir un meilleur confort<\/li>\n<li>Protections internes homologu\u00e9es CE aux coudes, hanches et genoux<\/li>\n<li>Bosse a\u00e9rodynamique<\/li>\n<li>Panneaux en cuir \u00e9lastiqu\u00e9s aux genoux, \u00e0 la taille au dos, aux emmanchures au dos pour un mouvement confortable et flexible<\/li>\n<li>N\u00e9opr\u00e8ne aux poignets et \u00e0 l&rsquo;ourlet pour r\u00e9duire l&rsquo;\u00e9paisseur et offrir un plus grand confort<\/li>\n<li>Renfort en cuir double couche aux coudes, aux \u00e9paules et au si\u00e8ge<\/li>\n<li>Velcro \u00e0 l&rsquo;int\u00e9rieur du panneau avant pour fournir un prot\u00e8ge-poitrine si n\u00e9cessaire<\/li>\n<li>Rembourrage de l&rsquo;os de la queue<\/li>\n<li>Sliders genoux amovibles<\/li>\n<\/ul>\n","protected":false},"excerpt":{"rendered":"<p>Combinaison de course de moto Shua Infinity 2PC Mat\u00e9riel: Fabriqu\u00e9 \u00e0 100% en cuir v\u00e9ritable Cuir pleine fleur de premi\u00e8re<\/p>\n","protected":false},"featured_media":197342,"template":"","meta":[],"product_brand":[],"product_cat":[1948,1945,3267,1946,1906],"product_tag":[4732,2121],"class_list":{"0":"post-197355","1":"product","2":"type-product","3":"status-publish","4":"has-post-thumbnail","6":"product_cat-combinaison-2-pieces-hommes","7":"product_cat-combinaisons-de-moto","8":"product_cat-courses","9":"product_cat-hommes-combinaisons","10":"product_cat-vetements-de-moto","11":"product_tag-combinaison-de-course-de-moto","12":"product_tag-combinaison-de-course-homme","13":"pa_size-46-xs-fr","14":"pa_size-48-s-fr","15":"pa_size-50-m-fr-2","16":"pa_size-52-l-fr","17":"pa_size-54-xl-fr","18":"pa_size-56-2xl-fr-2","19":"pa_size-58-3xl-fr","20":"pa_size-60-4xl-fr","21":"pa_size-62-5xl-fr","22":"pa_size-64-6xl-fr","24":"first","25":"outofstock","26":"sale","27":"taxable","28":"shipping-taxable","29":"purchasable","30":"product-type-variable","31":"has-default-attributes"},"_links":{"self":[{"href":"https:\/\/primomoto.es\/fr\/wp-json\/wp\/v2\/product\/197355","targetHints":{"allow":["GET"]}}],"collection":[{"href":"https:\/\/primomoto.es\/fr\/wp-json\/wp\/v2\/product"}],"about":[{"href":"https:\/\/primomoto.es\/fr\/wp-json\/wp\/v2\/types\/product"}],"wp:featuredmedia":[{"embeddable":true,"href":"https:\/\/primomoto.es\/fr\/wp-json\/wp\/v2\/media\/197342"}],"wp:attachment":[{"href":"https:\/\/primomoto.es\/fr\/wp-json\/wp\/v2\/media?parent=197355"}],"wp:term":[{"taxonomy":"product_brand","embeddable":true,"href":"https:\/\/primomoto.es\/fr\/wp-json\/wp\/v2\/product_brand?post=197355"},{"taxonomy":"product_cat","embeddable":true,"href":"https:\/\/primomoto.es\/fr\/wp-json\/wp\/v2\/product_cat?post=197355"},{"taxonomy":"product_tag","embeddable":true,"href":"https:\/\/primomoto.es\/fr\/wp-json\/wp\/v2\/product_tag?post=197355"}],"curies":[{"name":"wp","href":"https:\/\/api.w.org\/{rel}","templated":true}]}}