{"id":193256,"date":"2021-03-25T08:17:52","date_gmt":"2023-06-05T09:33:27","guid":{"rendered":"https:\/\/primomoto.es\/bela-commando-salopette-sous-vetement-unisexe\/"},"modified":"2023-06-05T10:51:37","modified_gmt":"2023-06-05T10:51:37","slug":"bela-commando-salopette-sous-combinaison-unisexe","status":"publish","type":"product","link":"https:\/\/primomoto.es\/fr\/bela-commando-salopette-sous-combinaison-unisexe\/","title":{"rendered":"Bela Commando Salopette sous-v\u00eatement Unisexe"},"content":{"rendered":"<p>Bela Commando forme une couche de protection efficace sous votre \u00e9quipement de moto sans stress.<\/p>\n","protected":false},"excerpt":{"rendered":"<p>Bela Commando forme une couche de protection efficace sous votre \u00e9quipement de moto sans stress.<\/p>\n<p>Singe d&rsquo;int\u00e9rieur de moto confortable et l\u00e9ger dans une pi\u00e8ce con\u00e7ue pour vous garder au frais et prot\u00e9g\u00e9 sur la piste.<\/p>\n","protected":false},"featured_media":33792,"template":"","meta":[],"product_brand":[],"product_cat":[1963,3568,1906],"product_tag":[4742],"class_list":{"0":"post-193256","1":"product","2":"type-product","3":"status-publish","4":"has-post-thumbnail","6":"product_cat-accessoires-moto","7":"product_cat-thermique","8":"product_cat-vetements-de-moto","9":"product_tag-sous-vetement","10":"pa_size-46-fr","11":"pa_size-48-fr","12":"pa_size-50-fr","13":"pa_size-52-fr","14":"pa_size-54-fr","15":"pa_size-56-fr","16":"pa_size-58-fr","17":"pa_size-60-fr","19":"first","20":"outofstock","21":"sale","22":"taxable","23":"shipping-taxable","24":"purchasable","25":"product-type-variable","26":"has-default-attributes"},"_links":{"self":[{"href":"https:\/\/primomoto.es\/fr\/wp-json\/wp\/v2\/product\/193256","targetHints":{"allow":["GET"]}}],"collection":[{"href":"https:\/\/primomoto.es\/fr\/wp-json\/wp\/v2\/product"}],"about":[{"href":"https:\/\/primomoto.es\/fr\/wp-json\/wp\/v2\/types\/product"}],"wp:featuredmedia":[{"embeddable":true,"href":"https:\/\/primomoto.es\/fr\/wp-json\/wp\/v2\/media\/33792"}],"wp:attachment":[{"href":"https:\/\/primomoto.es\/fr\/wp-json\/wp\/v2\/media?parent=193256"}],"wp:term":[{"taxonomy":"product_brand","embeddable":true,"href":"https:\/\/primomoto.es\/fr\/wp-json\/wp\/v2\/product_brand?post=193256"},{"taxonomy":"product_cat","embeddable":true,"href":"https:\/\/primomoto.es\/fr\/wp-json\/wp\/v2\/product_cat?post=193256"},{"taxonomy":"product_tag","embeddable":true,"href":"https:\/\/primomoto.es\/fr\/wp-json\/wp\/v2\/product_tag?post=193256"}],"curies":[{"name":"wp","href":"https:\/\/api.w.org\/{rel}","templated":true}]}}