{"id":184563,"date":"2023-03-01T09:21:55","date_gmt":"2023-03-01T09:52:48","guid":{"rendered":"https:\/\/primomoto.es\/kyt-tt-course-flux-casque-noir-rouge\/"},"modified":"2023-06-12T12:10:15","modified_gmt":"2023-06-12T12:10:15","slug":"kyt-tt-course-flux-casque-noir-rouge","status":"publish","type":"product","link":"https:\/\/primomoto.es\/fr\/kyt-tt-course-flux-casque-noir-rouge\/","title":{"rendered":"KYT TT Course Flux Casque Noir \/ Rouge"},"content":{"rendered":"<p><strong>KYT TT Course Flux CASCO<br \/>\n<\/strong><\/p>\n<p>TT COURSE, le casque nouveau-n\u00e9 de la famille Sport-touring KYT. Un casque int\u00e9gral en thermoplastique, \u00e9quip\u00e9 de la technologie ADT-Advanced qui garantit une haute r\u00e9sistance aux chocs. La collaboration avec des ing\u00e9nieurs a\u00e9ronautiques, l&rsquo;utilisation de logiciels innovants et des sessions en soufflerie ont donn\u00e9 vie \u00e0 ce casque innovant : agressif, confortable et performant.<\/p>\n<p><strong>Les fonctions<\/strong><\/p>\n<ul>\n<li>casque de tourisme sportif test\u00e9 en soufflerie<\/li>\n<li>Bo\u00eetier en thermoplastique avanc\u00e9 ADT<\/li>\n<li>2 tailles de coque ext\u00e9rieure<\/li>\n<li>becquet a\u00e9rodynamique<\/li>\n<li>coussinets de confort : amovibles, lavables et rempla\u00e7ables<\/li>\n<li>visi\u00e8re anti-bu\u00e9e et anti-rayures<\/li>\n<li>visi\u00e8re avec filtres UV380<\/li>\n<\/ul>\n<p><strong>Caract\u00e9ristiques:<\/strong><\/p>\n<ul>\n<li>ECE 22.05<\/li>\n<li>peso: aprox. 1450g a 50g<\/li>\n<li>Pinlock\u00ae Listo<\/li>\n<li>boucle microm\u00e9trique<\/li>\n<\/ul>\n","protected":false},"excerpt":{"rendered":"<h2><span style=\"color: #ff0000;\"><b><strong>Transparent Ext\u00e9rieur \u00c9cran<\/strong><\/b><\/span><\/h2>\n","protected":false},"featured_media":184530,"template":"","meta":[],"product_brand":[],"product_cat":[1927,1921,1916,1923,1917,1906],"product_tag":[4745],"class_list":{"0":"post-184563","1":"product","2":"type-product","3":"status-publish","4":"has-post-thumbnail","6":"product_cat-casque-integral-femmes","7":"product_cat-casque-integral-hommes","8":"product_cat-casques-de-moto","9":"product_cat-casque-moto-femme","10":"product_cat-hommes-moto-casques","11":"product_cat-vetements-de-moto","12":"product_tag-full-face-helmet-fr","13":"pa_size-2xl-fr","14":"pa_size-l-fr","15":"pa_size-m-fr","16":"pa_size-s-fr","17":"pa_size-xl-fr","19":"first","20":"outofstock","21":"sale","22":"taxable","23":"shipping-taxable","24":"purchasable","25":"product-type-variable","26":"has-default-attributes"},"_links":{"self":[{"href":"https:\/\/primomoto.es\/fr\/wp-json\/wp\/v2\/product\/184563","targetHints":{"allow":["GET"]}}],"collection":[{"href":"https:\/\/primomoto.es\/fr\/wp-json\/wp\/v2\/product"}],"about":[{"href":"https:\/\/primomoto.es\/fr\/wp-json\/wp\/v2\/types\/product"}],"wp:featuredmedia":[{"embeddable":true,"href":"https:\/\/primomoto.es\/fr\/wp-json\/wp\/v2\/media\/184530"}],"wp:attachment":[{"href":"https:\/\/primomoto.es\/fr\/wp-json\/wp\/v2\/media?parent=184563"}],"wp:term":[{"taxonomy":"product_brand","embeddable":true,"href":"https:\/\/primomoto.es\/fr\/wp-json\/wp\/v2\/product_brand?post=184563"},{"taxonomy":"product_cat","embeddable":true,"href":"https:\/\/primomoto.es\/fr\/wp-json\/wp\/v2\/product_cat?post=184563"},{"taxonomy":"product_tag","embeddable":true,"href":"https:\/\/primomoto.es\/fr\/wp-json\/wp\/v2\/product_tag?post=184563"}],"curies":[{"name":"wp","href":"https:\/\/api.w.org\/{rel}","templated":true}]}}